{"id":974,"date":"2022-06-25T15:09:39","date_gmt":"2022-06-25T15:09:39","guid":{"rendered":"https:\/\/strivingforsafety.org\/?page_id=974"},"modified":"2022-11-14T04:31:40","modified_gmt":"2022-11-14T04:31:40","slug":"para-los-medios","status":"publish","type":"page","link":"https:\/\/strivingforsafety.org\/es\/para-los-medios\/","title":{"rendered":"Para los Medios"},"content":{"rendered":"\n<div class=\"wp-block-columns is-layout-flex wp-container-core-columns-is-layout-9d6595d7 wp-block-columns-is-layout-flex\">\n<div class=\"wp-block-column is-layout-flow wp-block-column-is-layout-flow\">\n<h1 class=\"wp-block-heading\">Para los Medios<\/h1>\n\n\n\n<p>Para preguntas por parte de los medios, <a href=\"https:\/\/mhsoac.ca.gov\/contact-us\/\" target=\"_blank\" rel=\"noreferrer noopener\">comun\u00edcate con nosotros<\/a><strong>.<\/strong><\/p>\n\n\n\n<h3 class=\"wp-block-heading\">Recomendaciones para Informar Sobre el Suicidio<\/h3>\n\n\n\n<p>La forma en que los medios cubren un suicidio puede influir <em>positivamente<\/em> en el comportamiento al alentar la b\u00fasqueda de ayuda o negativamente al contribuir con los factores de riesgo del suicidio. Considera utilizar los siguientes consejos cuando informes sobre el suicidio y comp\u00e1rtelos con los miembros de los medios de comunicaci\u00f3n que informan sobre el tema del suicidio.<\/p>\n\n\n\n<ul class=\"wp-block-list\">\n<li><a href=\"https:\/\/emmresourcecenter.org\/resources\/recommendations-reporting-suicide\" target=\"_blank\" rel=\"noreferrer noopener\">Recommendations for Reporting on Suicide<\/a>\u00a0\/ Recomendaciones para informar sobre el suicidio<\/li>\n\n\n\n<li><a href=\"https:\/\/suicidepreventionmessaging.org\/\" target=\"_blank\" rel=\"noreferrer noopener\"><\/a><a href=\"https:\/\/suicidepreventionmessaging.org\/\" target=\"_blank\" rel=\"noreferrer noopener\">National Action Alliance Framework for Successful Messaging<\/a>\/ Marco de la Alianza de Acci\u00f3n Nacional para Mensajer\u00eda Exitosa<\/li>\n<\/ul>\n\n\n\n<h3 class=\"wp-block-heading\"><strong>Pautas de mensajer\u00eda seguras y efectivas para informar y comunicar sobre el suicidio y la prevenci\u00f3n del suicidio:<\/strong><\/h3>\n\n\n\n<h4 class=\"wp-block-heading\">Proporcionar un recurso de prevenci\u00f3n del suicidio.<\/h4>\n\n\n\n<ul class=\"wp-block-list\">\n<li>L\u00ednea de Prevenci\u00f3n del Suicidio y Crisis: llama o env\u00eda un mensaje de texto al <a href=\"tel:988\" target=\"_blank\" rel=\"noreferrer noopener\">988<\/a>, o env\u00eda un chat&nbsp;al <a href=\"https:\/\/988lifeline.org\/\">988lifeline.org<\/a><\/li>\n\n\n\n<li>L\u00ednea de texto de crisis: ENV\u00cdA \u201cHome\u201d al 741741<\/li>\n\n\n\n<li>Cuando sea posible, describe los recursos que ofreces y qu\u00e9 podemos esperar. Puedes encontrar una lista de recursos <u><a href=\"https:\/\/strivingforsafety.org\/es\/recursos-de-la-comunidad\/\">aqu\u00ed<\/a><\/u>.<\/li>\n<\/ul>\n\n\n\n<h4 class=\"wp-block-heading\">Educar a la audiencia sobre las se\u00f1ales de advertencia y los factores de riesgo.<\/h4>\n\n\n\n<ul class=\"wp-block-list\">\n<li>Para obtener m\u00e1s informaci\u00f3n sobre las se\u00f1ales de advertencia, visita la p\u00e1gina de <a href=\"https:\/\/strivingforsafety.org\/es\/prevencion-del-suicidio\/\">Prevenci\u00f3n del Suicidio<\/a>.<\/li>\n<\/ul>\n\n\n\n<h4 class=\"wp-block-heading\">Evita discutir detalles sobre el m\u00e9todo de suicidio.<\/h4>\n\n\n\n<ul class=\"wp-block-list\">\n<li>Evita detalles que describan el suicidio, incluido el arma o el m\u00e9todo utilizado, la ubicaci\u00f3n espec\u00edfica y la ubicaci\u00f3n de la herida.<\/li>\n<\/ul>\n\n\n\n<h4 class=\"wp-block-heading\">Explica la complejidad del suicidio y evita simplificar demasiado.<\/h4>\n\n\n\n<ul class=\"wp-block-list\">\n<li>Hacer referencia a la complejidad que implica el suicidio.<\/li>\n\n\n\n<li>Evita simplificar demasiado las \u201ccausas\u201d del suicidio o se\u00f1alar un evento como \u201cla causa\u201d de un intento de suicidio o muerte.<\/li>\n\n\n\n<li>No especules. Es natural querer responder el &#8220;por qu\u00e9&#8221; involucrado en un suicidio, pero rara vez entendemos completamente las razones detr\u00e1s de un suicidio.<\/li>\n<\/ul>\n\n\n\n<h4 class=\"wp-block-heading\">Conc\u00e9ntrate en la prevenci\u00f3n: evita el lenguaje y las im\u00e1genes sensacionalistas.<\/h4>\n\n\n\n<ul class=\"wp-block-list\">\n<li>Evita las estad\u00edsticas que hacen que el suicidio parezca demasiado com\u00fan, ya que esto puede eliminar los factores protectores del suicidio.<\/li>\n\n\n\n<li>Considera el uso de estad\u00edsticas positivas que destaquen la b\u00fasqueda de ayuda, como la cantidad de llamadas a la l\u00ednea de crisis local o las visitas a un sitio web centrado en la prevenci\u00f3n.<\/li>\n\n\n\n<li>Usa im\u00e1genes esperanzadoras que muestren a las personas que reciben apoyo; evita im\u00e1genes que muestren a personas que sufren solas.<\/li>\n<\/ul>\n<\/div>\n\n\n\n<div class=\"wp-block-column is-layout-flow wp-block-column-is-layout-flow\" style=\"flex-basis:33.33%\">\n<figure class=\"wp-block-image size-large sidebar-img\"><img loading=\"lazy\" decoding=\"async\" width=\"542\" height=\"965\" src=\"https:\/\/strivingforsafety.org\/wp-content\/uploads\/2022\/06\/shutterstock_1672868008_sm-edited.jpg\" alt=\"\" class=\"wp-image-1188\" srcset=\"https:\/\/strivingforsafety.org\/es\/wp-content\/uploads\/2022\/06\/shutterstock_1672868008_sm-edited.jpg 542w, https:\/\/strivingforsafety.org\/es\/wp-content\/uploads\/2022\/06\/shutterstock_1672868008_sm-edited-168x300.jpg 168w\" sizes=\"auto, (max-width: 542px) 100vw, 542px\" \/><\/figure>\n<\/div>\n<\/div>\n","protected":false},"excerpt":{"rendered":"<p>Para los Medios Para preguntas por parte de los medios, comun\u00edcate con nosotros. Recomendaciones para Informar Sobre el Suicidio La forma en que los medios cubren un suicidio puede influir positivamente en el comportamiento al alentar la b\u00fasqueda de ayuda o negativamente al contribuir con los factores de riesgo del suicidio. Considera utilizar los siguientes [&hellip;]<\/p>\n","protected":false},"author":1,"featured_media":0,"parent":0,"menu_order":0,"comment_status":"closed","ping_status":"closed","template":"","meta":{"nf_dc_page":"","_monsterinsights_skip_tracking":false,"_monsterinsights_sitenote_active":false,"_monsterinsights_sitenote_note":"","_monsterinsights_sitenote_category":0,"footnotes":""},"class_list":["post-974","page","type-page","status-publish","hentry"],"yoast_head":"<!-- This site is optimized with the Yoast SEO plugin v27.4 - https:\/\/yoast.com\/product\/yoast-seo-wordpress\/ -->\n<title>Para los Medios - Lista de Verificaci\u00f3n de Seguridad de Medios<\/title>\n<meta name=\"robots\" content=\"index, follow, max-snippet:-1, max-image-preview:large, max-video-preview:-1\" \/>\n<link rel=\"canonical\" href=\"https:\/\/strivingforsafety.org\/es\/para-los-medios\/\" \/>\n<meta property=\"og:locale\" content=\"en_US\" \/>\n<meta property=\"og:type\" content=\"article\" \/>\n<meta property=\"og:title\" content=\"Para los Medios - Lista de Verificaci\u00f3n de Seguridad de Medios\" \/>\n<meta property=\"og:description\" content=\"Para los Medios Para preguntas por parte de los medios, comun\u00edcate con nosotros. Recomendaciones para Informar Sobre el Suicidio La forma en que los medios cubren un suicidio puede influir positivamente en el comportamiento al alentar la b\u00fasqueda de ayuda o negativamente al contribuir con los factores de riesgo del suicidio. Considera utilizar los siguientes [&hellip;]\" \/>\n<meta property=\"og:url\" content=\"https:\/\/strivingforsafety.org\/es\/para-los-medios\/\" \/>\n<meta property=\"og:site_name\" content=\"Lista de Verificaci\u00f3n de Seguridad de Medios\" \/>\n<meta property=\"article:modified_time\" content=\"2022-11-14T04:31:40+00:00\" \/>\n<meta property=\"og:image\" content=\"https:\/\/strivingforsafety.org\/wp-content\/uploads\/2022\/06\/shutterstock_1672868008_sm-edited.jpg\" \/>\n<meta name=\"twitter:card\" content=\"summary_large_image\" \/>\n<meta name=\"twitter:label1\" content=\"Est. reading time\" \/>\n\t<meta name=\"twitter:data1\" content=\"2 minutes\" \/>\n<script type=\"application\/ld+json\" class=\"yoast-schema-graph\">{\"@context\":\"https:\\\/\\\/schema.org\",\"@graph\":[{\"@type\":\"WebPage\",\"@id\":\"https:\\\/\\\/strivingforsafety.org\\\/es\\\/para-los-medios\\\/\",\"url\":\"https:\\\/\\\/strivingforsafety.org\\\/es\\\/para-los-medios\\\/\",\"name\":\"Para los Medios - Lista de Verificaci\u00f3n de Seguridad de Medios\",\"isPartOf\":{\"@id\":\"https:\\\/\\\/strivingforsafety.org\\\/es\\\/#website\"},\"primaryImageOfPage\":{\"@id\":\"https:\\\/\\\/strivingforsafety.org\\\/es\\\/para-los-medios\\\/#primaryimage\"},\"image\":{\"@id\":\"https:\\\/\\\/strivingforsafety.org\\\/es\\\/para-los-medios\\\/#primaryimage\"},\"thumbnailUrl\":\"https:\\\/\\\/strivingforsafety.org\\\/wp-content\\\/uploads\\\/2022\\\/06\\\/shutterstock_1672868008_sm-edited.jpg\",\"datePublished\":\"2022-06-25T15:09:39+00:00\",\"dateModified\":\"2022-11-14T04:31:40+00:00\",\"breadcrumb\":{\"@id\":\"https:\\\/\\\/strivingforsafety.org\\\/es\\\/para-los-medios\\\/#breadcrumb\"},\"inLanguage\":\"en-US\",\"potentialAction\":[{\"@type\":\"ReadAction\",\"target\":[\"https:\\\/\\\/strivingforsafety.org\\\/es\\\/para-los-medios\\\/\"]}]},{\"@type\":\"ImageObject\",\"inLanguage\":\"en-US\",\"@id\":\"https:\\\/\\\/strivingforsafety.org\\\/es\\\/para-los-medios\\\/#primaryimage\",\"url\":\"https:\\\/\\\/strivingforsafety.org\\\/wp-content\\\/uploads\\\/2022\\\/06\\\/shutterstock_1672868008_sm-edited.jpg\",\"contentUrl\":\"https:\\\/\\\/strivingforsafety.org\\\/wp-content\\\/uploads\\\/2022\\\/06\\\/shutterstock_1672868008_sm-edited.jpg\"},{\"@type\":\"BreadcrumbList\",\"@id\":\"https:\\\/\\\/strivingforsafety.org\\\/es\\\/para-los-medios\\\/#breadcrumb\",\"itemListElement\":[{\"@type\":\"ListItem\",\"position\":1,\"name\":\"Home\",\"item\":\"https:\\\/\\\/strivingforsafety.org\\\/es\\\/\"},{\"@type\":\"ListItem\",\"position\":2,\"name\":\"Para los Medios\"}]},{\"@type\":\"WebSite\",\"@id\":\"https:\\\/\\\/strivingforsafety.org\\\/es\\\/#website\",\"url\":\"https:\\\/\\\/strivingforsafety.org\\\/es\\\/\",\"name\":\"Lista de Verificaci\u00f3n de Seguridad de Medios\",\"description\":\"Estrategias para mantener a un ser querido a salvo del suicidio\",\"potentialAction\":[{\"@type\":\"SearchAction\",\"target\":{\"@type\":\"EntryPoint\",\"urlTemplate\":\"https:\\\/\\\/strivingforsafety.org\\\/es\\\/?s={search_term_string}\"},\"query-input\":{\"@type\":\"PropertyValueSpecification\",\"valueRequired\":true,\"valueName\":\"search_term_string\"}}],\"inLanguage\":\"en-US\"}]}<\/script>\n<!-- \/ Yoast SEO plugin. -->","yoast_head_json":{"title":"Para los Medios - Lista de Verificaci\u00f3n de Seguridad de Medios","robots":{"index":"index","follow":"follow","max-snippet":"max-snippet:-1","max-image-preview":"max-image-preview:large","max-video-preview":"max-video-preview:-1"},"canonical":"https:\/\/strivingforsafety.org\/es\/para-los-medios\/","og_locale":"en_US","og_type":"article","og_title":"Para los Medios - Lista de Verificaci\u00f3n de Seguridad de Medios","og_description":"Para los Medios Para preguntas por parte de los medios, comun\u00edcate con nosotros. Recomendaciones para Informar Sobre el Suicidio La forma en que los medios cubren un suicidio puede influir positivamente en el comportamiento al alentar la b\u00fasqueda de ayuda o negativamente al contribuir con los factores de riesgo del suicidio. Considera utilizar los siguientes [&hellip;]","og_url":"https:\/\/strivingforsafety.org\/es\/para-los-medios\/","og_site_name":"Lista de Verificaci\u00f3n de Seguridad de Medios","article_modified_time":"2022-11-14T04:31:40+00:00","og_image":[{"url":"https:\/\/strivingforsafety.org\/wp-content\/uploads\/2022\/06\/shutterstock_1672868008_sm-edited.jpg","type":"","width":"","height":""}],"twitter_card":"summary_large_image","twitter_misc":{"Est. reading time":"2 minutes"},"schema":{"@context":"https:\/\/schema.org","@graph":[{"@type":"WebPage","@id":"https:\/\/strivingforsafety.org\/es\/para-los-medios\/","url":"https:\/\/strivingforsafety.org\/es\/para-los-medios\/","name":"Para los Medios - Lista de Verificaci\u00f3n de Seguridad de Medios","isPartOf":{"@id":"https:\/\/strivingforsafety.org\/es\/#website"},"primaryImageOfPage":{"@id":"https:\/\/strivingforsafety.org\/es\/para-los-medios\/#primaryimage"},"image":{"@id":"https:\/\/strivingforsafety.org\/es\/para-los-medios\/#primaryimage"},"thumbnailUrl":"https:\/\/strivingforsafety.org\/wp-content\/uploads\/2022\/06\/shutterstock_1672868008_sm-edited.jpg","datePublished":"2022-06-25T15:09:39+00:00","dateModified":"2022-11-14T04:31:40+00:00","breadcrumb":{"@id":"https:\/\/strivingforsafety.org\/es\/para-los-medios\/#breadcrumb"},"inLanguage":"en-US","potentialAction":[{"@type":"ReadAction","target":["https:\/\/strivingforsafety.org\/es\/para-los-medios\/"]}]},{"@type":"ImageObject","inLanguage":"en-US","@id":"https:\/\/strivingforsafety.org\/es\/para-los-medios\/#primaryimage","url":"https:\/\/strivingforsafety.org\/wp-content\/uploads\/2022\/06\/shutterstock_1672868008_sm-edited.jpg","contentUrl":"https:\/\/strivingforsafety.org\/wp-content\/uploads\/2022\/06\/shutterstock_1672868008_sm-edited.jpg"},{"@type":"BreadcrumbList","@id":"https:\/\/strivingforsafety.org\/es\/para-los-medios\/#breadcrumb","itemListElement":[{"@type":"ListItem","position":1,"name":"Home","item":"https:\/\/strivingforsafety.org\/es\/"},{"@type":"ListItem","position":2,"name":"Para los Medios"}]},{"@type":"WebSite","@id":"https:\/\/strivingforsafety.org\/es\/#website","url":"https:\/\/strivingforsafety.org\/es\/","name":"Lista de Verificaci\u00f3n de Seguridad de Medios","description":"Estrategias para mantener a un ser querido a salvo del suicidio","potentialAction":[{"@type":"SearchAction","target":{"@type":"EntryPoint","urlTemplate":"https:\/\/strivingforsafety.org\/es\/?s={search_term_string}"},"query-input":{"@type":"PropertyValueSpecification","valueRequired":true,"valueName":"search_term_string"}}],"inLanguage":"en-US"}]}},"_links":{"self":[{"href":"https:\/\/strivingforsafety.org\/es\/wp-json\/wp\/v2\/pages\/974","targetHints":{"allow":["GET"]}}],"collection":[{"href":"https:\/\/strivingforsafety.org\/es\/wp-json\/wp\/v2\/pages"}],"about":[{"href":"https:\/\/strivingforsafety.org\/es\/wp-json\/wp\/v2\/types\/page"}],"author":[{"embeddable":true,"href":"https:\/\/strivingforsafety.org\/es\/wp-json\/wp\/v2\/users\/1"}],"replies":[{"embeddable":true,"href":"https:\/\/strivingforsafety.org\/es\/wp-json\/wp\/v2\/comments?post=974"}],"version-history":[{"count":5,"href":"https:\/\/strivingforsafety.org\/es\/wp-json\/wp\/v2\/pages\/974\/revisions"}],"predecessor-version":[{"id":1786,"href":"https:\/\/strivingforsafety.org\/es\/wp-json\/wp\/v2\/pages\/974\/revisions\/1786"}],"wp:attachment":[{"href":"https:\/\/strivingforsafety.org\/es\/wp-json\/wp\/v2\/media?parent=974"}],"curies":[{"name":"wp","href":"https:\/\/api.w.org\/{rel}","templated":true}]}}