{"id":702,"date":"2022-06-09T21:18:06","date_gmt":"2022-06-09T21:18:06","guid":{"rendered":"https:\/\/strivingforsafety.org\/?page_id=702"},"modified":"2022-12-01T05:57:33","modified_gmt":"2022-12-01T05:57:33","slug":"encuentra-ayuda-ahora","status":"publish","type":"page","link":"https:\/\/strivingforsafety.org\/es\/encuentra-ayuda-ahora\/","title":{"rendered":"Encuentra Ayuda Ahora"},"content":{"rendered":"\n<h1 class=\"wp-block-heading\">Encuentra Ayuda Ahora<\/h1>\n\n\n\n<p>T\u00fa no est\u00e1s solo(a). Ya sea que est\u00e9s preocupado por ti mismo, un hijo(a), un c\u00f3nyuge o pareja, o por otra persona, hay ayuda disponible. Para obtener ayuda inmediata, llama o env\u00eda un mensaje de texto al <a href=\"tel:988\" target=\"_blank\" rel=\"noreferrer noopener\">988<\/a>, o env\u00eda un chat&nbsp;al <a href=\"https:\/\/988lifeline.org\">988lifeline.org<\/a> las 24 horas del d\u00eda, los 7 d\u00edas de la semana.<\/p>\n\n\n\n<p>Si has perdido a alguien por suicidio, lamentamos mucho tu p\u00e9rdida. Consulta los recursos para <u><a href=\"https:\/\/strivingforsafety.org\/es\/sobrevivientes-de-perdidas-por-suicidio\/\">sobrevivientes de p\u00e9rdidas por suicidio<\/a><\/u> para encontrar apoyo.<\/p>\n\n\n\n<h2 class=\"wp-block-heading\">Recursos<\/h2>\n\n\n\n<h3 class=\"wp-block-heading\"><a href=\"https:\/\/988lifeline.org\" target=\"_blank\" rel=\"noreferrer noopener\">L\u00ednea de Prevenci\u00f3n del Suicidio y Crisis<\/a><\/h3>\n\n\n\n<p>En Espa\u00f1ol: <strong><a href=\"tel:888-628-9454\" target=\"_blank\" rel=\"noreferrer noopener\">888-628-9454<\/a><\/strong><br>Ingl\u00e9s: <strong><a href=\"tel:8002738255\" target=\"_blank\" rel=\"noreferrer noopener\">800-273-TALK<\/a> (8255)<\/strong><br>Texto: <a href=\"tel:988\" target=\"_blank\" rel=\"noreferrer noopener\">988<\/a><br>Veteranos: <strong>Oprima #1<\/strong><\/p>\n\n\n\n<h3 class=\"wp-block-heading\"><a href=\"https:\/\/www.crisistextline.org\/text-us\/\">Texto de L\u00ednea de Crisis<\/a><\/h3>\n\n\n\n<p>Mande el texto \u201c<strong>HOME<\/strong>\u201d al <strong>741741<\/strong><\/p>\n\n\n\n<p>Con\u00e9ctese con un consejero de crisis en espa\u00f1ol las 24 horas del d\u00eda, los 7 d\u00edas de la semana para recibir apoyo de salud mental a trav\u00e9s de mensajes de texto de alta calidad, y tambi\u00e9n se ofrecen servicios de intervenci\u00f3n en crisis.<\/p>\n\n\n\n<h3 class=\"wp-block-heading\"><a href=\"https:\/\/www.teenline.org\/contact-us\" target=\"_blank\" rel=\"noreferrer noopener\">Teen Line<\/a><\/h3>\n\n\n\n<p>Llama <strong>800-852-8336<\/strong> (de 6 p.m. a 10 p.m. PST) o mando el texto &#8220;<strong>TEEN&#8221; al 839863<\/strong> (de 6 p.m. a 9 p.m. PST). Disponible en ingl\u00e9s solamente.<\/p>\n\n\n\n<p>Ofrece apoyo an\u00f3nimo para adolescentes por tel\u00e9fono, mensaje de texto o correo electr\u00f3nico. Ning\u00fan problema es demasiado peque\u00f1o, demasiado grande o impactante para los voluntarios capacitados de Teen Line. Los voluntarios adolescentes capacitados cuentan con el apoyo de profesionales de la salud mental, que pueden ayudar si es necesario.<\/p>\n\n\n\n<h3 class=\"wp-block-heading\"><a href=\"https:\/\/www.thetrevorproject.org\/\" target=\"_blank\" rel=\"noreferrer noopener\">The Trevor Lifeline<\/a><\/h3>\n\n\n\n<p>Llama <strong><a href=\"tel:866-488-7386\" target=\"_blank\" rel=\"noreferrer noopener\">866-488-7386<\/a><\/strong>. Disponible en ingl\u00e9s solamente.<\/p>\n\n\n\n<p>El Trevor Project es la organizaci\u00f3n nacional l\u00edder que brinda servicios de intervenci\u00f3n de crisis y prevenci\u00f3n del suicidio las 24 horas del d\u00eda, los 7 d\u00edas de la semana a j\u00f3venes lesbianas, gays, bisexuales, transg\u00e9nero y en duda (LGBTQ) de 13 a 24 a\u00f1os de edad.<\/p>\n\n\n\n<h3 class=\"wp-block-heading\"><a href=\"https:\/\/translifeline.org\/\" target=\"_blank\" rel=\"noreferrer noopener\">Trans Lifeline<\/a><\/h3>\n\n\n\n<p>Llama <strong><a href=\"tel:877-565-8860\" target=\"_blank\" rel=\"noreferrer noopener\">877-565-8860<\/a><\/strong><\/p>\n\n\n\n<p>Una l\u00ednea de vida disponible en espa\u00f1ol las 24 horas al d\u00eda, 7 d\u00edas a la semana, dirigida por y para personas transg\u00e9nero, que brinda apoyo emocional y financiero directo a las personas trans en crisis.<\/p>\n\n\n\n<h3 class=\"wp-block-heading\"><a href=\"https:\/\/www.mentalhealthsf.org\/peer-run-warmline\/\" target=\"_blank\" rel=\"noreferrer noopener\">L\u00ednea de Apoyo de California<\/a><\/h3>\n\n\n\n<p>Llama: <strong><a href=\"tel:855-845-7415\" target=\"_blank\" rel=\"noreferrer noopener\">855-845-7415<\/a><\/strong><\/p>\n\n\n\n<p>Un recurso que no es de emergencia las 24 horas del d\u00eda, los 7 d\u00edas de la semana para cualquier persona en California que busca apoyo mental y emocional. La l\u00ednea de apoyo brinda asistencia en espa\u00f1ol por tel\u00e9fono y chat en l\u00ednea de forma no discriminatoria a cualquier persona que lo necesite.<\/p>\n\n\n\n<h3 class=\"wp-block-heading\"><a href=\"https:\/\/www.ioaging.org\/services\/friendship-line\" target=\"_blank\" rel=\"noreferrer noopener\">L\u00ednea de Amistad<\/a><\/h3>\n\n\n\n<p>Llama: <strong><a href=\"tel:800-971-0016\" target=\"_blank\" rel=\"noreferrer noopener\">800-971-0016<\/a><\/strong><\/p>\n\n\n\n<p>Una l\u00ednea de apoyo de crisis y atenci\u00f3n para adultos mayores de 60 a\u00f1os operada por el Institute on Aging.<\/p>\n\n\n\n<h3 class=\"wp-block-heading\"><a href=\"https:\/\/www.samhsa.gov\/find-help\/national-helpline\" target=\"_blank\" rel=\"noreferrer noopener\">L\u00ednea Nacional de Apoyo de SAMHSA<\/a><\/h3>\n\n\n\n<p>Llama: <strong><a href=\"tel:800-622-4357\">800-622-4357<\/a><\/strong><\/p>\n\n\n\n<p>Servicios informativos y de remisi\u00f3n de tratamiento gratuitos, confidenciales, las 24 horas del d\u00eda, los 7 d\u00edas de la semana, los 365 d\u00edas del a\u00f1o en espa\u00f1ol e ingl\u00e9s para personas y familias que enfrentan trastornos mentales y\/o por uso de sustancias.<\/p>\n\n\n\n<p>Para obtener m\u00e1s informaci\u00f3n sobre las se\u00f1ales de advertencia y c\u00f3mo tener una conversaci\u00f3n sobre el suicidio con alguien que te preocupa, visita la p\u00e1gina de <a href=\"https:\/\/strivingforsafety.org\/es\/prevencion-del-suicidio\/\">prevenci\u00f3n del suicidio<\/a>.<\/p>\n","protected":false},"excerpt":{"rendered":"<p>Encuentra Ayuda Ahora T\u00fa no est\u00e1s solo(a). Ya sea que est\u00e9s preocupado por ti mismo, un hijo(a), un c\u00f3nyuge o pareja, o por otra persona, hay ayuda disponible. Para obtener ayuda inmediata, llama o env\u00eda un mensaje de texto al 988, o env\u00eda un chat&nbsp;al 988lifeline.org las 24 horas del d\u00eda, los 7 d\u00edas de [&hellip;]<\/p>\n","protected":false},"author":1,"featured_media":0,"parent":0,"menu_order":0,"comment_status":"closed","ping_status":"closed","template":"","meta":{"nf_dc_page":"","_monsterinsights_skip_tracking":false,"_monsterinsights_sitenote_active":false,"_monsterinsights_sitenote_note":"","_monsterinsights_sitenote_category":0,"footnotes":""},"class_list":["post-702","page","type-page","status-publish","hentry"],"yoast_head":"<!-- This site is optimized with the Yoast SEO plugin v27.4 - https:\/\/yoast.com\/product\/yoast-seo-wordpress\/ -->\n<title>Encuentra Ayuda Ahora - Lista de Verificaci\u00f3n de Seguridad de Medios<\/title>\n<meta name=\"robots\" content=\"index, follow, max-snippet:-1, max-image-preview:large, max-video-preview:-1\" \/>\n<link rel=\"canonical\" href=\"https:\/\/strivingforsafety.org\/es\/encuentra-ayuda-ahora\/\" \/>\n<meta property=\"og:locale\" content=\"en_US\" \/>\n<meta property=\"og:type\" content=\"article\" \/>\n<meta property=\"og:title\" content=\"Encuentra Ayuda Ahora - Lista de Verificaci\u00f3n de Seguridad de Medios\" \/>\n<meta property=\"og:description\" content=\"Encuentra Ayuda Ahora T\u00fa no est\u00e1s solo(a). Ya sea que est\u00e9s preocupado por ti mismo, un hijo(a), un c\u00f3nyuge o pareja, o por otra persona, hay ayuda disponible. Para obtener ayuda inmediata, llama o env\u00eda un mensaje de texto al 988, o env\u00eda un chat&nbsp;al 988lifeline.org las 24 horas del d\u00eda, los 7 d\u00edas de [&hellip;]\" \/>\n<meta property=\"og:url\" content=\"https:\/\/strivingforsafety.org\/es\/encuentra-ayuda-ahora\/\" \/>\n<meta property=\"og:site_name\" content=\"Lista de Verificaci\u00f3n de Seguridad de Medios\" \/>\n<meta property=\"article:modified_time\" content=\"2022-12-01T05:57:33+00:00\" \/>\n<meta name=\"twitter:card\" content=\"summary_large_image\" \/>\n<meta name=\"twitter:label1\" content=\"Est. reading time\" \/>\n\t<meta name=\"twitter:data1\" content=\"3 minutes\" \/>\n<script type=\"application\/ld+json\" class=\"yoast-schema-graph\">{\"@context\":\"https:\\\/\\\/schema.org\",\"@graph\":[{\"@type\":\"WebPage\",\"@id\":\"https:\\\/\\\/strivingforsafety.org\\\/es\\\/encuentra-ayuda-ahora\\\/\",\"url\":\"https:\\\/\\\/strivingforsafety.org\\\/es\\\/encuentra-ayuda-ahora\\\/\",\"name\":\"Encuentra Ayuda Ahora - Lista de Verificaci\u00f3n de Seguridad de Medios\",\"isPartOf\":{\"@id\":\"https:\\\/\\\/strivingforsafety.org\\\/es\\\/#website\"},\"datePublished\":\"2022-06-09T21:18:06+00:00\",\"dateModified\":\"2022-12-01T05:57:33+00:00\",\"breadcrumb\":{\"@id\":\"https:\\\/\\\/strivingforsafety.org\\\/es\\\/encuentra-ayuda-ahora\\\/#breadcrumb\"},\"inLanguage\":\"en-US\",\"potentialAction\":[{\"@type\":\"ReadAction\",\"target\":[\"https:\\\/\\\/strivingforsafety.org\\\/es\\\/encuentra-ayuda-ahora\\\/\"]}]},{\"@type\":\"BreadcrumbList\",\"@id\":\"https:\\\/\\\/strivingforsafety.org\\\/es\\\/encuentra-ayuda-ahora\\\/#breadcrumb\",\"itemListElement\":[{\"@type\":\"ListItem\",\"position\":1,\"name\":\"Home\",\"item\":\"https:\\\/\\\/strivingforsafety.org\\\/es\\\/\"},{\"@type\":\"ListItem\",\"position\":2,\"name\":\"Encuentra Ayuda Ahora\"}]},{\"@type\":\"WebSite\",\"@id\":\"https:\\\/\\\/strivingforsafety.org\\\/es\\\/#website\",\"url\":\"https:\\\/\\\/strivingforsafety.org\\\/es\\\/\",\"name\":\"Lista de Verificaci\u00f3n de Seguridad de Medios\",\"description\":\"Estrategias para mantener a un ser querido a salvo del suicidio\",\"potentialAction\":[{\"@type\":\"SearchAction\",\"target\":{\"@type\":\"EntryPoint\",\"urlTemplate\":\"https:\\\/\\\/strivingforsafety.org\\\/es\\\/?s={search_term_string}\"},\"query-input\":{\"@type\":\"PropertyValueSpecification\",\"valueRequired\":true,\"valueName\":\"search_term_string\"}}],\"inLanguage\":\"en-US\"}]}<\/script>\n<!-- \/ Yoast SEO plugin. -->","yoast_head_json":{"title":"Encuentra Ayuda Ahora - Lista de Verificaci\u00f3n de Seguridad de Medios","robots":{"index":"index","follow":"follow","max-snippet":"max-snippet:-1","max-image-preview":"max-image-preview:large","max-video-preview":"max-video-preview:-1"},"canonical":"https:\/\/strivingforsafety.org\/es\/encuentra-ayuda-ahora\/","og_locale":"en_US","og_type":"article","og_title":"Encuentra Ayuda Ahora - Lista de Verificaci\u00f3n de Seguridad de Medios","og_description":"Encuentra Ayuda Ahora T\u00fa no est\u00e1s solo(a). Ya sea que est\u00e9s preocupado por ti mismo, un hijo(a), un c\u00f3nyuge o pareja, o por otra persona, hay ayuda disponible. Para obtener ayuda inmediata, llama o env\u00eda un mensaje de texto al 988, o env\u00eda un chat&nbsp;al 988lifeline.org las 24 horas del d\u00eda, los 7 d\u00edas de [&hellip;]","og_url":"https:\/\/strivingforsafety.org\/es\/encuentra-ayuda-ahora\/","og_site_name":"Lista de Verificaci\u00f3n de Seguridad de Medios","article_modified_time":"2022-12-01T05:57:33+00:00","twitter_card":"summary_large_image","twitter_misc":{"Est. reading time":"3 minutes"},"schema":{"@context":"https:\/\/schema.org","@graph":[{"@type":"WebPage","@id":"https:\/\/strivingforsafety.org\/es\/encuentra-ayuda-ahora\/","url":"https:\/\/strivingforsafety.org\/es\/encuentra-ayuda-ahora\/","name":"Encuentra Ayuda Ahora - Lista de Verificaci\u00f3n de Seguridad de Medios","isPartOf":{"@id":"https:\/\/strivingforsafety.org\/es\/#website"},"datePublished":"2022-06-09T21:18:06+00:00","dateModified":"2022-12-01T05:57:33+00:00","breadcrumb":{"@id":"https:\/\/strivingforsafety.org\/es\/encuentra-ayuda-ahora\/#breadcrumb"},"inLanguage":"en-US","potentialAction":[{"@type":"ReadAction","target":["https:\/\/strivingforsafety.org\/es\/encuentra-ayuda-ahora\/"]}]},{"@type":"BreadcrumbList","@id":"https:\/\/strivingforsafety.org\/es\/encuentra-ayuda-ahora\/#breadcrumb","itemListElement":[{"@type":"ListItem","position":1,"name":"Home","item":"https:\/\/strivingforsafety.org\/es\/"},{"@type":"ListItem","position":2,"name":"Encuentra Ayuda Ahora"}]},{"@type":"WebSite","@id":"https:\/\/strivingforsafety.org\/es\/#website","url":"https:\/\/strivingforsafety.org\/es\/","name":"Lista de Verificaci\u00f3n de Seguridad de Medios","description":"Estrategias para mantener a un ser querido a salvo del suicidio","potentialAction":[{"@type":"SearchAction","target":{"@type":"EntryPoint","urlTemplate":"https:\/\/strivingforsafety.org\/es\/?s={search_term_string}"},"query-input":{"@type":"PropertyValueSpecification","valueRequired":true,"valueName":"search_term_string"}}],"inLanguage":"en-US"}]}},"_links":{"self":[{"href":"https:\/\/strivingforsafety.org\/es\/wp-json\/wp\/v2\/pages\/702","targetHints":{"allow":["GET"]}}],"collection":[{"href":"https:\/\/strivingforsafety.org\/es\/wp-json\/wp\/v2\/pages"}],"about":[{"href":"https:\/\/strivingforsafety.org\/es\/wp-json\/wp\/v2\/types\/page"}],"author":[{"embeddable":true,"href":"https:\/\/strivingforsafety.org\/es\/wp-json\/wp\/v2\/users\/1"}],"replies":[{"embeddable":true,"href":"https:\/\/strivingforsafety.org\/es\/wp-json\/wp\/v2\/comments?post=702"}],"version-history":[{"count":5,"href":"https:\/\/strivingforsafety.org\/es\/wp-json\/wp\/v2\/pages\/702\/revisions"}],"predecessor-version":[{"id":1845,"href":"https:\/\/strivingforsafety.org\/es\/wp-json\/wp\/v2\/pages\/702\/revisions\/1845"}],"wp:attachment":[{"href":"https:\/\/strivingforsafety.org\/es\/wp-json\/wp\/v2\/media?parent=702"}],"curies":[{"name":"wp","href":"https:\/\/api.w.org\/{rel}","templated":true}]}}