{"id":636,"date":"2022-06-09T17:50:17","date_gmt":"2022-06-09T17:50:17","guid":{"rendered":"https:\/\/strivingforsafety.org\/?page_id=636"},"modified":"2022-12-01T04:10:56","modified_gmt":"2022-12-01T04:10:56","slug":"para-farmaceuticos","status":"publish","type":"page","link":"https:\/\/strivingforsafety.org\/es\/sobredosis-y-envenenamiento\/para-farmaceuticos\/","title":{"rendered":"Para Farmac\u00e9uticos"},"content":{"rendered":"\n<div class=\"wp-block-columns is-layout-flex wp-container-core-columns-is-layout-9d6595d7 wp-block-columns-is-layout-flex\">\n<div class=\"wp-block-column is-layout-flow wp-block-column-is-layout-flow\" style=\"flex-basis:120px\"><nav class=\"is-responsive side-nav-menu overdose-menu wp-block-navigation is-layout-flex wp-block-navigation-is-layout-flex\" aria-label=\"Side Menu\" \n\t\t data-wp-interactive=\"core\/navigation\" data-wp-context='{\"overlayOpenedBy\":{\"click\":false,\"hover\":false,\"focus\":false},\"type\":\"overlay\",\"roleAttribute\":\"\",\"ariaLabel\":\"Menu\"}'><button aria-haspopup=\"dialog\" aria-label=\"Open menu\" class=\"wp-block-navigation__responsive-container-open\" \n\t\t\t\tdata-wp-on--click=\"actions.openMenuOnClick\"\n\t\t\t\tdata-wp-on--keydown=\"actions.handleMenuKeydown\"\n\t\t\t><svg width=\"24\" height=\"24\" xmlns=\"http:\/\/www.w3.org\/2000\/svg\" viewBox=\"0 0 24 24\" aria-hidden=\"true\" focusable=\"false\"><path d=\"M4 7.5h16v1.5H4z\"><\/path><path d=\"M4 15h16v1.5H4z\"><\/path><\/svg><\/button>\n\t\t\t\t<div class=\"wp-block-navigation__responsive-container\"  id=\"modal-1\" \n\t\t\t\tdata-wp-class--has-modal-open=\"state.isMenuOpen\"\n\t\t\t\tdata-wp-class--is-menu-open=\"state.isMenuOpen\"\n\t\t\t\tdata-wp-watch=\"callbacks.initMenu\"\n\t\t\t\tdata-wp-on--keydown=\"actions.handleMenuKeydown\"\n\t\t\t\tdata-wp-on--focusout=\"actions.handleMenuFocusout\"\n\t\t\t\ttabindex=\"-1\"\n\t\t\t>\n\t\t\t\t\t<div class=\"wp-block-navigation__responsive-close\" tabindex=\"-1\">\n\t\t\t\t\t\t<div class=\"wp-block-navigation__responsive-dialog\" \n\t\t\t\tdata-wp-bind--aria-modal=\"state.ariaModal\"\n\t\t\t\tdata-wp-bind--aria-label=\"state.ariaLabel\"\n\t\t\t\tdata-wp-bind--role=\"state.roleAttribute\"\n\t\t\t>\n\t\t\t\t\t\t\t<button aria-label=\"Close menu\" class=\"wp-block-navigation__responsive-container-close\" \n\t\t\t\tdata-wp-on--click=\"actions.closeMenuOnClick\"\n\t\t\t><svg xmlns=\"http:\/\/www.w3.org\/2000\/svg\" viewBox=\"0 0 24 24\" width=\"24\" height=\"24\" aria-hidden=\"true\" focusable=\"false\"><path d=\"m13.06 12 6.47-6.47-1.06-1.06L12 10.94 5.53 4.47 4.47 5.53 10.94 12l-6.47 6.47 1.06 1.06L12 13.06l6.47 6.47 1.06-1.06L13.06 12Z\"><\/path><\/svg><\/button>\n\t\t\t\t\t\t\t<div class=\"wp-block-navigation__responsive-container-content\" \n\t\t\t\tdata-wp-watch=\"callbacks.focusFirstElement\"\n\t\t\t id=\"modal-1-content\">\n\t\t\t\t\t\t\t\t<ul class=\"wp-block-navigation__container is-responsive side-nav-menu overdose-menu wp-block-navigation\"><li class=\" wp-block-navigation-item wp-block-navigation-link\"><a class=\"wp-block-navigation-item__content\"  href=\"https:\/\/strivingforsafety.org\/es\/seguridad-de-medios\/\"><span class=\"wp-block-navigation-item__label\">Medidas de Seguridad<\/span><\/a><\/li><li class=\" wp-block-navigation-item wp-block-navigation-link\"><a class=\"wp-block-navigation-item__content\"  href=\"https:\/\/strivingforsafety.org\/es\/armas-de-fuego\/\"><span class=\"wp-block-navigation-item__label\">Armas de Fuego<\/span><\/a><\/li><li class=\" wp-block-navigation-item wp-block-navigation-link\"><a class=\"wp-block-navigation-item__content\"  href=\"https:\/\/strivingforsafety.org\/es\/sobredosis-y-envenenamiento\/\"><span class=\"wp-block-navigation-item__label\">Sobredosis y Envenenamiento<\/span><\/a><\/li><li class=\" wp-block-navigation-item wp-block-navigation-link\"><a class=\"wp-block-navigation-item__content\"  href=\"https:\/\/strivingforsafety.org\/es\/estrangulacion-y-asfixia\/\"><span class=\"wp-block-navigation-item__label\">Estrangulaci\u00f3n y Asfixia<\/span><\/a><\/li><li class=\" wp-block-navigation-item wp-block-navigation-link\"><a class=\"wp-block-navigation-item__content\"  href=\"https:\/\/strivingforsafety.org\/es\/senales-y-letreros\/\"><span class=\"wp-block-navigation-item__label\">Se\u00f1ales y Letreros<\/span><\/a><\/li><\/ul>\n\t\t\t\t\t\t\t<\/div>\n\t\t\t\t\t\t<\/div>\n\t\t\t\t\t<\/div>\n\t\t\t\t<\/div><\/nav><\/div>\n\n\n\n<div class=\"wp-block-column is-layout-flow wp-block-column-is-layout-flow\">\n<h1 class=\"wp-block-heading\">Sobredosis Y Envenenamiento<\/h1>\n\n\n\n<h2 class=\"wp-block-heading\">Para Farmac\u00e9uticos<\/h2>\n\n\n\n<p>Los farmac\u00e9uticos se encuentran en una posici\u00f3n \u00fanica para apoyar a quienes lo necesitan debido a su accesibilidad y confianza, interacciones frecuentes con clientes de atenci\u00f3n m\u00e9dica y consumidores de salud mental, acceso a registros m\u00e9dicos y distribuci\u00f3n de medicamentos altamente letales y de salud mental. Si bien los farmac\u00e9uticos no est\u00e1n capacitados para diagnosticar afecciones de salud mental, pueden desempe\u00f1ar un papel importante en el reconocimiento de posibles signos de suicidio o servir como recurso para las personas que buscan ayuda.<\/p>\n\n\n\n<p>La siguiente lista describe algunos ejemplos de c\u00f3mo los farmac\u00e9uticos pueden actuar para prevenir el suicidio:<\/p>\n\n\n\n<ul class=\"wp-block-list\">\n<li>Practicar el escuchar activa y atentamente, la compasi\u00f3n y la empat\u00eda.<\/li>\n\n\n\n<li>Recibir capacitaci\u00f3n para identificar y evaluar a las personas en riesgo de suicidio.<\/li>\n\n\n\n<li>Difundir apoyo en crisis y recursos para la prevenci\u00f3n del suicidio.<\/li>\n\n\n\n<li>Agregar recursos de crisis para la prevenci\u00f3n del suicidio en las bolsas de la farmacia.<\/li>\n\n\n\n<li>Asegurar que existan protocolos efectivos para referir a personas a apoyo adicional de salud mental.<\/li>\n\n\n\n<li>Colaborar con otros miembros del equipo de atenci\u00f3n m\u00e9dica.<\/li>\n<\/ul>\n\n\n\n<h3 class=\"wp-block-heading\"><strong>Recursos de Prevenci\u00f3n del Suicidio para Farmac\u00e9uticos<\/strong>:<\/h3>\n\n\n\n<p>Los siguientes recursos en ingl\u00e9s ayudan a los farmac\u00e9uticos a aprender a identificar las se\u00f1ales de advertencia de suicidio, tener conversaciones efectivas y brindar recursos a los pacientes que los necesitan.<\/p>\n\n\n\n<ul class=\"wp-block-list\">\n<li><a href=\"https:\/\/emmresourcecenter.org\/system\/files\/2021-08\/Pharmacist%20Risk%20Screening%20Tool_0.pdf\" target=\"_blank\" rel=\"noreferrer noopener\">Herramienta de detecci\u00f3n de riesgo de suicidio de Columbia para farmac\u00e9uticos<\/a><\/li>\n<\/ul>\n\n\n\n<ul class=\"wp-block-list\">\n<li><a href=\"https:\/\/emmresourcecenter.org\/system\/files\/2021-08\/Pharmacist%20Poster%20Eversion.pdf\" target=\"_blank\" rel=\"noreferrer noopener\">Pharmacists Can Play A Role Warning Signs Poster<\/a>, <a href=\"https:\/\/emmresourcecenter.org\/system\/files\/2021-08\/Pharmacist%20Pocket%20Card_0.pdf\">Pharmacists Can Play A Role Warning Signs Pocket-<u>Card<\/u><\/a> y <a href=\"https:\/\/emmresourcecenter.org\/system\/files\/2021-08\/Pharmacy%20Bag_0.pdf\" target=\"_blank\" rel=\"noreferrer noopener\">You Are Not Alone Customizable Pharmacy Bag<\/a>. Estos elementos se desarrollaron como parte de los esfuerzos de prevenci\u00f3n del suicidio en todo el estado de California financiados por las agencias de salud conductual o de salud del comportamiento del condado y la Ley de Servicios de Salud Mental. Los materiales adicionales de prevenci\u00f3n del suicidio que se pueden compartir con los pacientes est\u00e1n disponibles en muchos idiomas diferentes y se pueden descargar de forma gratuita en <a href=\"https:\/\/www.elsuicidioesprevenible.org\">www.elsuicidioesprevenible.org<\/a>.<\/li>\n<\/ul>\n\n\n\n<div style=\"height:15px\" aria-hidden=\"true\" class=\"wp-block-spacer\"><\/div>\n\n\n\n<div class=\"wp-block-buttons is-layout-flex wp-block-buttons-is-layout-flex\">\n<div class=\"wp-block-button firearms-btn\"><a class=\"wp-block-button__link has-white-color has-text-color has-background wp-element-button\" href=\"https:\/\/strivingforsafety.org\/es\/sobredosis-y-envenenamiento\/en-el-hogar\/\" style=\"border-radius:0px;background-color:#de7c00\">En el Hogar &gt;<\/a><\/div>\n<\/div>\n<\/div>\n\n\n\n<div class=\"wp-block-column column-blue-bk is-layout-flow wp-block-column-is-layout-flow\" style=\"flex-basis:300px\">\n<div class=\"img-shade img-shade-red\"><\/div>\n\n\n\n<figure class=\"wp-block-image size-large sidebar-img\"><img loading=\"lazy\" decoding=\"async\" width=\"515\" height=\"1024\" src=\"https:\/\/strivingforsafety.org\/wp-content\/uploads\/2022\/06\/poisoning-side-515x1024.jpg\" alt=\"\" class=\"wp-image-600\" srcset=\"https:\/\/strivingforsafety.org\/es\/wp-content\/uploads\/2022\/06\/poisoning-side-515x1024.jpg 515w, https:\/\/strivingforsafety.org\/es\/wp-content\/uploads\/2022\/06\/poisoning-side-151x300.jpg 151w, https:\/\/strivingforsafety.org\/es\/wp-content\/uploads\/2022\/06\/poisoning-side-768x1527.jpg 768w, https:\/\/strivingforsafety.org\/es\/wp-content\/uploads\/2022\/06\/poisoning-side-773x1536.jpg 773w, https:\/\/strivingforsafety.org\/es\/wp-content\/uploads\/2022\/06\/poisoning-side-1030x2048.jpg 1030w, https:\/\/strivingforsafety.org\/es\/wp-content\/uploads\/2022\/06\/poisoning-side-scaled.jpg 1288w\" sizes=\"auto, (max-width: 515px) 100vw, 515px\" \/><\/figure>\n\n\n\n<h3 class=\"wp-block-heading\">Recursos adicionales<\/h3>\n\n\n\n<p>Los siguientes sitios web brindan m\u00e1s informaci\u00f3n en ingl\u00e9s sobre la prevenci\u00f3n de sobredosis y envenenamiento:<\/p>\n\n\n\n<ul class=\"wp-block-list\">\n<li><a href=\"https:\/\/www.poison.org\/\">National Poison Control Center<\/a><\/li>\n\n\n\n<li><a href=\"https:\/\/aapcc.org\/prevention\">American Association of Poison Control Centers &#8211; Prevention<\/a><\/li>\n\n\n\n<li><a href=\"https:\/\/www.samhsa.gov\/\">Substance Abuse and Mental Health Services Administration<\/a><\/li>\n\n\n\n<li><a href=\"https:\/\/www.fda.gov\/drugs\/understanding-over-counter-medicines\/medicines-my-home-mimh\">U.S Food and Drug Administration &#8211; Medicines in my home<\/a><\/li>\n<\/ul>\n<\/div>\n<\/div>\n","protected":false},"excerpt":{"rendered":"<p>Sobredosis Y Envenenamiento Para Farmac\u00e9uticos Los farmac\u00e9uticos se encuentran en una posici\u00f3n \u00fanica para apoyar a quienes lo necesitan debido a su accesibilidad y confianza, interacciones frecuentes con clientes de atenci\u00f3n m\u00e9dica y consumidores de salud mental, acceso a registros m\u00e9dicos y distribuci\u00f3n de medicamentos altamente letales y de salud mental. Si bien los farmac\u00e9uticos [&hellip;]<\/p>\n","protected":false},"author":1,"featured_media":0,"parent":260,"menu_order":0,"comment_status":"closed","ping_status":"closed","template":"","meta":{"nf_dc_page":"","_monsterinsights_skip_tracking":false,"_monsterinsights_sitenote_active":false,"_monsterinsights_sitenote_note":"","_monsterinsights_sitenote_category":0,"footnotes":""},"class_list":["post-636","page","type-page","status-publish","hentry"],"yoast_head":"<!-- This site is optimized with the Yoast SEO plugin v27.4 - https:\/\/yoast.com\/product\/yoast-seo-wordpress\/ -->\n<title>Para Farmac\u00e9uticos - Lista de Verificaci\u00f3n de Seguridad de Medios<\/title>\n<meta name=\"robots\" content=\"index, follow, max-snippet:-1, max-image-preview:large, max-video-preview:-1\" \/>\n<link rel=\"canonical\" href=\"https:\/\/strivingforsafety.org\/es\/sobredosis-y-envenenamiento\/para-farmaceuticos\/\" \/>\n<meta property=\"og:locale\" content=\"en_US\" \/>\n<meta property=\"og:type\" content=\"article\" \/>\n<meta property=\"og:title\" content=\"Para Farmac\u00e9uticos - Lista de Verificaci\u00f3n de Seguridad de Medios\" \/>\n<meta property=\"og:description\" content=\"Sobredosis Y Envenenamiento Para Farmac\u00e9uticos Los farmac\u00e9uticos se encuentran en una posici\u00f3n \u00fanica para apoyar a quienes lo necesitan debido a su accesibilidad y confianza, interacciones frecuentes con clientes de atenci\u00f3n m\u00e9dica y consumidores de salud mental, acceso a registros m\u00e9dicos y distribuci\u00f3n de medicamentos altamente letales y de salud mental. Si bien los farmac\u00e9uticos [&hellip;]\" \/>\n<meta property=\"og:url\" content=\"https:\/\/strivingforsafety.org\/es\/sobredosis-y-envenenamiento\/para-farmaceuticos\/\" \/>\n<meta property=\"og:site_name\" content=\"Lista de Verificaci\u00f3n de Seguridad de Medios\" \/>\n<meta property=\"article:modified_time\" content=\"2022-12-01T04:10:56+00:00\" \/>\n<meta property=\"og:image\" content=\"https:\/\/strivingforsafety.org\/wp-content\/uploads\/2022\/06\/poisoning-side-515x1024.jpg\" \/>\n<meta name=\"twitter:card\" content=\"summary_large_image\" \/>\n<meta name=\"twitter:label1\" content=\"Est. reading time\" \/>\n\t<meta name=\"twitter:data1\" content=\"2 minutes\" \/>\n<script type=\"application\/ld+json\" class=\"yoast-schema-graph\">{\"@context\":\"https:\\\/\\\/schema.org\",\"@graph\":[{\"@type\":\"WebPage\",\"@id\":\"https:\\\/\\\/strivingforsafety.org\\\/es\\\/sobredosis-y-envenenamiento\\\/para-farmaceuticos\\\/\",\"url\":\"https:\\\/\\\/strivingforsafety.org\\\/es\\\/sobredosis-y-envenenamiento\\\/para-farmaceuticos\\\/\",\"name\":\"Para Farmac\u00e9uticos - Lista de Verificaci\u00f3n de Seguridad de Medios\",\"isPartOf\":{\"@id\":\"https:\\\/\\\/strivingforsafety.org\\\/es\\\/#website\"},\"primaryImageOfPage\":{\"@id\":\"https:\\\/\\\/strivingforsafety.org\\\/es\\\/sobredosis-y-envenenamiento\\\/para-farmaceuticos\\\/#primaryimage\"},\"image\":{\"@id\":\"https:\\\/\\\/strivingforsafety.org\\\/es\\\/sobredosis-y-envenenamiento\\\/para-farmaceuticos\\\/#primaryimage\"},\"thumbnailUrl\":\"https:\\\/\\\/strivingforsafety.org\\\/wp-content\\\/uploads\\\/2022\\\/06\\\/poisoning-side-515x1024.jpg\",\"datePublished\":\"2022-06-09T17:50:17+00:00\",\"dateModified\":\"2022-12-01T04:10:56+00:00\",\"breadcrumb\":{\"@id\":\"https:\\\/\\\/strivingforsafety.org\\\/es\\\/sobredosis-y-envenenamiento\\\/para-farmaceuticos\\\/#breadcrumb\"},\"inLanguage\":\"en-US\",\"potentialAction\":[{\"@type\":\"ReadAction\",\"target\":[\"https:\\\/\\\/strivingforsafety.org\\\/es\\\/sobredosis-y-envenenamiento\\\/para-farmaceuticos\\\/\"]}]},{\"@type\":\"ImageObject\",\"inLanguage\":\"en-US\",\"@id\":\"https:\\\/\\\/strivingforsafety.org\\\/es\\\/sobredosis-y-envenenamiento\\\/para-farmaceuticos\\\/#primaryimage\",\"url\":\"https:\\\/\\\/strivingforsafety.org\\\/wp-content\\\/uploads\\\/2022\\\/06\\\/poisoning-side-515x1024.jpg\",\"contentUrl\":\"https:\\\/\\\/strivingforsafety.org\\\/wp-content\\\/uploads\\\/2022\\\/06\\\/poisoning-side-515x1024.jpg\"},{\"@type\":\"BreadcrumbList\",\"@id\":\"https:\\\/\\\/strivingforsafety.org\\\/es\\\/sobredosis-y-envenenamiento\\\/para-farmaceuticos\\\/#breadcrumb\",\"itemListElement\":[{\"@type\":\"ListItem\",\"position\":1,\"name\":\"Home\",\"item\":\"https:\\\/\\\/strivingforsafety.org\\\/es\\\/\"},{\"@type\":\"ListItem\",\"position\":2,\"name\":\"Sobredosis y Envenenamiento\",\"item\":\"https:\\\/\\\/strivingforsafety.org\\\/es\\\/sobredosis-y-envenenamiento\\\/\"},{\"@type\":\"ListItem\",\"position\":3,\"name\":\"Para Farmac\u00e9uticos\"}]},{\"@type\":\"WebSite\",\"@id\":\"https:\\\/\\\/strivingforsafety.org\\\/es\\\/#website\",\"url\":\"https:\\\/\\\/strivingforsafety.org\\\/es\\\/\",\"name\":\"Lista de Verificaci\u00f3n de Seguridad de Medios\",\"description\":\"Estrategias para mantener a un ser querido a salvo del suicidio\",\"potentialAction\":[{\"@type\":\"SearchAction\",\"target\":{\"@type\":\"EntryPoint\",\"urlTemplate\":\"https:\\\/\\\/strivingforsafety.org\\\/es\\\/?s={search_term_string}\"},\"query-input\":{\"@type\":\"PropertyValueSpecification\",\"valueRequired\":true,\"valueName\":\"search_term_string\"}}],\"inLanguage\":\"en-US\"}]}<\/script>\n<!-- \/ Yoast SEO plugin. -->","yoast_head_json":{"title":"Para Farmac\u00e9uticos - Lista de Verificaci\u00f3n de Seguridad de Medios","robots":{"index":"index","follow":"follow","max-snippet":"max-snippet:-1","max-image-preview":"max-image-preview:large","max-video-preview":"max-video-preview:-1"},"canonical":"https:\/\/strivingforsafety.org\/es\/sobredosis-y-envenenamiento\/para-farmaceuticos\/","og_locale":"en_US","og_type":"article","og_title":"Para Farmac\u00e9uticos - Lista de Verificaci\u00f3n de Seguridad de Medios","og_description":"Sobredosis Y Envenenamiento Para Farmac\u00e9uticos Los farmac\u00e9uticos se encuentran en una posici\u00f3n \u00fanica para apoyar a quienes lo necesitan debido a su accesibilidad y confianza, interacciones frecuentes con clientes de atenci\u00f3n m\u00e9dica y consumidores de salud mental, acceso a registros m\u00e9dicos y distribuci\u00f3n de medicamentos altamente letales y de salud mental. Si bien los farmac\u00e9uticos [&hellip;]","og_url":"https:\/\/strivingforsafety.org\/es\/sobredosis-y-envenenamiento\/para-farmaceuticos\/","og_site_name":"Lista de Verificaci\u00f3n de Seguridad de Medios","article_modified_time":"2022-12-01T04:10:56+00:00","og_image":[{"url":"https:\/\/strivingforsafety.org\/wp-content\/uploads\/2022\/06\/poisoning-side-515x1024.jpg","type":"","width":"","height":""}],"twitter_card":"summary_large_image","twitter_misc":{"Est. reading time":"2 minutes"},"schema":{"@context":"https:\/\/schema.org","@graph":[{"@type":"WebPage","@id":"https:\/\/strivingforsafety.org\/es\/sobredosis-y-envenenamiento\/para-farmaceuticos\/","url":"https:\/\/strivingforsafety.org\/es\/sobredosis-y-envenenamiento\/para-farmaceuticos\/","name":"Para Farmac\u00e9uticos - Lista de Verificaci\u00f3n de Seguridad de Medios","isPartOf":{"@id":"https:\/\/strivingforsafety.org\/es\/#website"},"primaryImageOfPage":{"@id":"https:\/\/strivingforsafety.org\/es\/sobredosis-y-envenenamiento\/para-farmaceuticos\/#primaryimage"},"image":{"@id":"https:\/\/strivingforsafety.org\/es\/sobredosis-y-envenenamiento\/para-farmaceuticos\/#primaryimage"},"thumbnailUrl":"https:\/\/strivingforsafety.org\/wp-content\/uploads\/2022\/06\/poisoning-side-515x1024.jpg","datePublished":"2022-06-09T17:50:17+00:00","dateModified":"2022-12-01T04:10:56+00:00","breadcrumb":{"@id":"https:\/\/strivingforsafety.org\/es\/sobredosis-y-envenenamiento\/para-farmaceuticos\/#breadcrumb"},"inLanguage":"en-US","potentialAction":[{"@type":"ReadAction","target":["https:\/\/strivingforsafety.org\/es\/sobredosis-y-envenenamiento\/para-farmaceuticos\/"]}]},{"@type":"ImageObject","inLanguage":"en-US","@id":"https:\/\/strivingforsafety.org\/es\/sobredosis-y-envenenamiento\/para-farmaceuticos\/#primaryimage","url":"https:\/\/strivingforsafety.org\/wp-content\/uploads\/2022\/06\/poisoning-side-515x1024.jpg","contentUrl":"https:\/\/strivingforsafety.org\/wp-content\/uploads\/2022\/06\/poisoning-side-515x1024.jpg"},{"@type":"BreadcrumbList","@id":"https:\/\/strivingforsafety.org\/es\/sobredosis-y-envenenamiento\/para-farmaceuticos\/#breadcrumb","itemListElement":[{"@type":"ListItem","position":1,"name":"Home","item":"https:\/\/strivingforsafety.org\/es\/"},{"@type":"ListItem","position":2,"name":"Sobredosis y Envenenamiento","item":"https:\/\/strivingforsafety.org\/es\/sobredosis-y-envenenamiento\/"},{"@type":"ListItem","position":3,"name":"Para Farmac\u00e9uticos"}]},{"@type":"WebSite","@id":"https:\/\/strivingforsafety.org\/es\/#website","url":"https:\/\/strivingforsafety.org\/es\/","name":"Lista de Verificaci\u00f3n de Seguridad de Medios","description":"Estrategias para mantener a un ser querido a salvo del suicidio","potentialAction":[{"@type":"SearchAction","target":{"@type":"EntryPoint","urlTemplate":"https:\/\/strivingforsafety.org\/es\/?s={search_term_string}"},"query-input":{"@type":"PropertyValueSpecification","valueRequired":true,"valueName":"search_term_string"}}],"inLanguage":"en-US"}]}},"_links":{"self":[{"href":"https:\/\/strivingforsafety.org\/es\/wp-json\/wp\/v2\/pages\/636","targetHints":{"allow":["GET"]}}],"collection":[{"href":"https:\/\/strivingforsafety.org\/es\/wp-json\/wp\/v2\/pages"}],"about":[{"href":"https:\/\/strivingforsafety.org\/es\/wp-json\/wp\/v2\/types\/page"}],"author":[{"embeddable":true,"href":"https:\/\/strivingforsafety.org\/es\/wp-json\/wp\/v2\/users\/1"}],"replies":[{"embeddable":true,"href":"https:\/\/strivingforsafety.org\/es\/wp-json\/wp\/v2\/comments?post=636"}],"version-history":[{"count":5,"href":"https:\/\/strivingforsafety.org\/es\/wp-json\/wp\/v2\/pages\/636\/revisions"}],"predecessor-version":[{"id":1824,"href":"https:\/\/strivingforsafety.org\/es\/wp-json\/wp\/v2\/pages\/636\/revisions\/1824"}],"up":[{"embeddable":true,"href":"https:\/\/strivingforsafety.org\/es\/wp-json\/wp\/v2\/pages\/260"}],"wp:attachment":[{"href":"https:\/\/strivingforsafety.org\/es\/wp-json\/wp\/v2\/media?parent=636"}],"curies":[{"name":"wp","href":"https:\/\/api.w.org\/{rel}","templated":true}]}}