{"id":356,"date":"2022-05-28T23:42:25","date_gmt":"2022-05-28T23:42:25","guid":{"rendered":"https:\/\/strivingforsafety.org\/?page_id=356"},"modified":"2022-12-01T03:43:40","modified_gmt":"2022-12-01T03:43:40","slug":"para-duenos-de-tiendas-y-campos-de-tiro","status":"publish","type":"page","link":"https:\/\/strivingforsafety.org\/es\/armas-de-fuego\/para-duenos-de-tiendas-y-campos-de-tiro\/","title":{"rendered":"Para Due\u00f1os de Tiendas y Campos de Tiro"},"content":{"rendered":"\n<div class=\"wp-block-columns is-layout-flex wp-container-core-columns-is-layout-9d6595d7 wp-block-columns-is-layout-flex\">\n<div class=\"wp-block-column is-layout-flow wp-block-column-is-layout-flow\" style=\"flex-basis:120px\"><nav class=\"is-responsive side-nav-menu firearm-menu wp-block-navigation is-layout-flex wp-block-navigation-is-layout-flex\" aria-label=\"Side Menu\" \n\t\t data-wp-interactive=\"core\/navigation\" data-wp-context='{\"overlayOpenedBy\":{\"click\":false,\"hover\":false,\"focus\":false},\"type\":\"overlay\",\"roleAttribute\":\"\",\"ariaLabel\":\"Menu\"}'><button aria-haspopup=\"dialog\" aria-label=\"Open menu\" class=\"wp-block-navigation__responsive-container-open\" \n\t\t\t\tdata-wp-on--click=\"actions.openMenuOnClick\"\n\t\t\t\tdata-wp-on--keydown=\"actions.handleMenuKeydown\"\n\t\t\t><svg width=\"24\" height=\"24\" xmlns=\"http:\/\/www.w3.org\/2000\/svg\" viewBox=\"0 0 24 24\" aria-hidden=\"true\" focusable=\"false\"><path d=\"M4 7.5h16v1.5H4z\"><\/path><path d=\"M4 15h16v1.5H4z\"><\/path><\/svg><\/button>\n\t\t\t\t<div class=\"wp-block-navigation__responsive-container\"  id=\"modal-1\" \n\t\t\t\tdata-wp-class--has-modal-open=\"state.isMenuOpen\"\n\t\t\t\tdata-wp-class--is-menu-open=\"state.isMenuOpen\"\n\t\t\t\tdata-wp-watch=\"callbacks.initMenu\"\n\t\t\t\tdata-wp-on--keydown=\"actions.handleMenuKeydown\"\n\t\t\t\tdata-wp-on--focusout=\"actions.handleMenuFocusout\"\n\t\t\t\ttabindex=\"-1\"\n\t\t\t>\n\t\t\t\t\t<div class=\"wp-block-navigation__responsive-close\" tabindex=\"-1\">\n\t\t\t\t\t\t<div class=\"wp-block-navigation__responsive-dialog\" \n\t\t\t\tdata-wp-bind--aria-modal=\"state.ariaModal\"\n\t\t\t\tdata-wp-bind--aria-label=\"state.ariaLabel\"\n\t\t\t\tdata-wp-bind--role=\"state.roleAttribute\"\n\t\t\t>\n\t\t\t\t\t\t\t<button aria-label=\"Close menu\" class=\"wp-block-navigation__responsive-container-close\" \n\t\t\t\tdata-wp-on--click=\"actions.closeMenuOnClick\"\n\t\t\t><svg xmlns=\"http:\/\/www.w3.org\/2000\/svg\" viewBox=\"0 0 24 24\" width=\"24\" height=\"24\" aria-hidden=\"true\" focusable=\"false\"><path d=\"m13.06 12 6.47-6.47-1.06-1.06L12 10.94 5.53 4.47 4.47 5.53 10.94 12l-6.47 6.47 1.06 1.06L12 13.06l6.47 6.47 1.06-1.06L13.06 12Z\"><\/path><\/svg><\/button>\n\t\t\t\t\t\t\t<div class=\"wp-block-navigation__responsive-container-content\" \n\t\t\t\tdata-wp-watch=\"callbacks.focusFirstElement\"\n\t\t\t id=\"modal-1-content\">\n\t\t\t\t\t\t\t\t<ul class=\"wp-block-navigation__container is-responsive side-nav-menu firearm-menu wp-block-navigation\"><li class=\" wp-block-navigation-item wp-block-navigation-link\"><a class=\"wp-block-navigation-item__content\"  href=\"https:\/\/strivingforsafety.org\/es\/seguridad-de-medios\/\"><span class=\"wp-block-navigation-item__label\">Medidas de Seguridad<\/span><\/a><\/li><li class=\" wp-block-navigation-item wp-block-navigation-link\"><a class=\"wp-block-navigation-item__content\"  href=\"https:\/\/strivingforsafety.org\/es\/armas-de-fuego\/\"><span class=\"wp-block-navigation-item__label\">Armas de Fuego<\/span><\/a><\/li><li class=\" wp-block-navigation-item wp-block-navigation-link\"><a class=\"wp-block-navigation-item__content\"  href=\"https:\/\/strivingforsafety.org\/es\/sobredosis-y-envenenamiento\/\"><span class=\"wp-block-navigation-item__label\">Sobredosis y Envenenamiento<\/span><\/a><\/li><li class=\" wp-block-navigation-item wp-block-navigation-link\"><a class=\"wp-block-navigation-item__content\"  href=\"https:\/\/strivingforsafety.org\/es\/estrangulacion-y-asfixia\/\"><span class=\"wp-block-navigation-item__label\">Estrangulaci\u00f3n y Asfixia<\/span><\/a><\/li><li class=\" wp-block-navigation-item wp-block-navigation-link\"><a class=\"wp-block-navigation-item__content\"  href=\"https:\/\/strivingforsafety.org\/es\/senales-y-letreros\/\"><span class=\"wp-block-navigation-item__label\">Se\u00f1ales y Letreros<\/span><\/a><\/li><\/ul>\n\t\t\t\t\t\t\t<\/div>\n\t\t\t\t\t\t<\/div>\n\t\t\t\t\t<\/div>\n\t\t\t\t<\/div><\/nav><\/div>\n\n\n\n<div class=\"wp-block-column is-layout-flow wp-block-column-is-layout-flow\">\n<h1 class=\"wp-block-heading\">Armas de Fuego<\/h1>\n\n\n\n<p>Las armas de fuego son uno de los principales m\u00e9todos de suicidio en los Estados Unidos. Cada paso que damos para poner barreras o \u201ctropiezos\u201d entre los pensamientos suicidas de alguien y el acceso a los medios para terminar con su vida reduce el riesgo de un intento de suicidio. Esta p\u00e1gina ofrece estrategias para incorporar la prevenci\u00f3n del suicidio en las pr\u00e1cticas de seguridad con armas de fuego.<\/p>\n\n\n\n<h2 class=\"wp-block-heading\">Para due\u00f1os de tiendas y campos de tiro<\/h2>\n\n\n\n<p>Cada a\u00f1o en los Estados Unidos, la cantidad de personas que mueren por suicidio usando un arma de fuego es sustancialmente mayor que las que mueren por homicidio con armas de fuego. Las tiendas de armas y los campos de tiro est\u00e1n en una posici\u00f3n \u00fanica para desempe\u00f1ar un papel importante en la incorporaci\u00f3n de la prevenci\u00f3n del suicidio en sus procesos y esfuerzos de seguridad de armas de fuego existentes. Estos son algunos pasos que pueden seguir para ayudar a proteger a sus clientes y a las comunidades:<\/p>\n\n\n\n<ul class=\"wp-block-list\">\n<li>Inf\u00f3rmate y a tu personal sobre las se\u00f1ales de advertencia de suicidio, c\u00f3mo tener una conversaci\u00f3n con alguien que te preocupa y los recursos disponibles.<\/li>\n\n\n\n<li>\u200bOrganiza una&nbsp;capacitaci\u00f3n&nbsp;sobre&nbsp;prevenci\u00f3n&nbsp;del suicidio para tu personal. Visita la p\u00e1gina de recursos comunitarios para encontrar organizaciones que pueden ofrecer capacitaciones en tu&nbsp;\u00e1rea. \u200bIncorpora cursos de seguridad con armas de fuego como parte de la educaci\u00f3n para la prevenci\u00f3n del suicidio.&nbsp; Descarga diapositivas y puntos de discusi\u00f3n en ingl\u00e9s. Pr\u00f3ximamente.<\/li>\n\n\n\n<li>Muestra materiales de prevenci\u00f3n del suicidio, como un cartel o folletos, en tus instalaciones o incl\u00fayales con cada nueva compra de armas de fuego.&nbsp; Descarga materiales gratuitos en ingl\u00e9s. Pr\u00f3ximamente.<\/li>\n\n\n\n<li>Perder a alguien por suicidio implica un duelo complicado y puede ser \u00fatil prepararte para apoyar a tu personal, organizaci\u00f3n y comunidad en caso de tal perdida. Conoce los protocolos y procedimientos que puedes implementar si uno de tus miembros o clientes muere por suicido. Ordena la gu\u00eda de postvenci\u00f3n (apoyo despu\u00e9s de la p\u00e9rdida de un ser querido por suicidio) de la AFSP-NSSF para campos de tiro en ingl\u00e9s <strong><u><a href=\"https:\/\/nssf.force.com\/CPBase__item?id=a131C000006EO2OQAW\">aqu\u00ed<\/a><\/u><\/strong>.<\/li>\n<\/ul>\n\n\n\n<div style=\"height:15px\" aria-hidden=\"true\" class=\"wp-block-spacer\"><\/div>\n\n\n\n<div class=\"wp-block-buttons is-layout-flex wp-block-buttons-is-layout-flex\">\n<div class=\"wp-block-button firearms-btn\"><a class=\"wp-block-button__link has-white-color has-text-color has-background wp-element-button\" href=\"https:\/\/strivingforsafety.org\/es\/armas-de-fuego\/en-el-hogar\/\" style=\"border-radius:0px;background-color:#de7c00\">En El Hogar ><\/a><\/div>\n<\/div>\n<\/div>\n\n\n\n<div class=\"wp-block-column column-blue-bk is-layout-flow wp-block-column-is-layout-flow\" style=\"flex-basis:300px\">\n<div class=\"img-shade img-shade-blue\"><\/div>\n\n\n\n<figure class=\"wp-block-image size-large sidebar-img\"><img loading=\"lazy\" decoding=\"async\" width=\"496\" height=\"1024\" src=\"https:\/\/strivingforsafety.org\/wp-content\/uploads\/2022\/05\/firearm-home-496x1024.jpg\" alt=\"\" class=\"wp-image-319\" srcset=\"https:\/\/strivingforsafety.org\/es\/wp-content\/uploads\/2022\/05\/firearm-home-496x1024.jpg 496w, https:\/\/strivingforsafety.org\/es\/wp-content\/uploads\/2022\/05\/firearm-home-145x300.jpg 145w, https:\/\/strivingforsafety.org\/es\/wp-content\/uploads\/2022\/05\/firearm-home.jpg 642w\" sizes=\"auto, (max-width: 496px) 100vw, 496px\" \/><\/figure>\n\n\n\n<h3 class=\"wp-block-heading\">Recursos Adicionales<\/h3>\n\n\n\n<p>Para obtener m\u00e1s informaci\u00f3n sobre las armas de fuego y la prevenci\u00f3n del suicidio, visita los enlaces a continuaci\u00f3n en ingl\u00e9s.<\/p>\n\n\n\n<ul class=\"wp-block-list\">\n<li><a href=\"https:\/\/afsp.org\/firearms-and-suicide-prevention\" target=\"_blank\" rel=\"noreferrer noopener\">AFSP &#8211; Firearms and suicide prevention<\/a><\/li>\n\n\n\n<li><a href=\"https:\/\/preventfirearmsuicide.efsgv.org\/\" target=\"_blank\" rel=\"noreferrer noopener\">Educational Fund to Stop Gun Violence &#8211; Prevent firearm suicide<\/a><\/li>\n\n\n\n<li><a href=\"https:\/\/www.hsph.harvard.edu\/means-matter\/gun-owners\/\" target=\"_blank\" rel=\"noreferrer noopener\">Harvard School of Public Health &#8211; Means matter&nbsp;<\/a><\/li>\n\n\n\n<li><a href=\"https:\/\/www.va.gov\/reach\/lethal-means\/\" target=\"_blank\" rel=\"noreferrer noopener\">U.S Department of Veteran Affairs: Firearm Suicide Prevention and Lethal Means Safety<\/a><\/li>\n<\/ul>\n\n\n\n<p><a id=\"_msocom_1\"><\/a><\/p>\n<\/div>\n<\/div>\n","protected":false},"excerpt":{"rendered":"<p>Armas de Fuego Las armas de fuego son uno de los principales m\u00e9todos de suicidio en los Estados Unidos. Cada paso que damos para poner barreras o \u201ctropiezos\u201d entre los pensamientos suicidas de alguien y el acceso a los medios para terminar con su vida reduce el riesgo de un intento de suicidio. Esta p\u00e1gina [&hellip;]<\/p>\n","protected":false},"author":1,"featured_media":0,"parent":258,"menu_order":0,"comment_status":"closed","ping_status":"closed","template":"","meta":{"nf_dc_page":"","_monsterinsights_skip_tracking":false,"_monsterinsights_sitenote_active":false,"_monsterinsights_sitenote_note":"","_monsterinsights_sitenote_category":0,"footnotes":""},"class_list":["post-356","page","type-page","status-publish","hentry"],"yoast_head":"<!-- This site is optimized with the Yoast SEO plugin v27.4 - https:\/\/yoast.com\/product\/yoast-seo-wordpress\/ -->\n<title>Para Due\u00f1os de Tiendas y Campos de Tiro - Lista de Verificaci\u00f3n de Seguridad de Medios<\/title>\n<meta name=\"robots\" content=\"index, follow, max-snippet:-1, max-image-preview:large, max-video-preview:-1\" \/>\n<link rel=\"canonical\" href=\"https:\/\/strivingforsafety.org\/es\/armas-de-fuego\/para-duenos-de-tiendas-y-campos-de-tiro\/\" \/>\n<meta property=\"og:locale\" content=\"en_US\" \/>\n<meta property=\"og:type\" content=\"article\" \/>\n<meta property=\"og:title\" content=\"Para Due\u00f1os de Tiendas y Campos de Tiro - Lista de Verificaci\u00f3n de Seguridad de Medios\" \/>\n<meta property=\"og:description\" content=\"Armas de Fuego Las armas de fuego son uno de los principales m\u00e9todos de suicidio en los Estados Unidos. Cada paso que damos para poner barreras o \u201ctropiezos\u201d entre los pensamientos suicidas de alguien y el acceso a los medios para terminar con su vida reduce el riesgo de un intento de suicidio. Esta p\u00e1gina [&hellip;]\" \/>\n<meta property=\"og:url\" content=\"https:\/\/strivingforsafety.org\/es\/armas-de-fuego\/para-duenos-de-tiendas-y-campos-de-tiro\/\" \/>\n<meta property=\"og:site_name\" content=\"Lista de Verificaci\u00f3n de Seguridad de Medios\" \/>\n<meta property=\"article:modified_time\" content=\"2022-12-01T03:43:40+00:00\" \/>\n<meta property=\"og:image\" content=\"https:\/\/strivingforsafety.org\/wp-content\/uploads\/2022\/05\/firearm-home-496x1024.jpg\" \/>\n<meta name=\"twitter:card\" content=\"summary_large_image\" \/>\n<meta name=\"twitter:label1\" content=\"Est. reading time\" \/>\n\t<meta name=\"twitter:data1\" content=\"2 minutes\" \/>\n<script type=\"application\/ld+json\" class=\"yoast-schema-graph\">{\"@context\":\"https:\\\/\\\/schema.org\",\"@graph\":[{\"@type\":\"WebPage\",\"@id\":\"https:\\\/\\\/strivingforsafety.org\\\/es\\\/armas-de-fuego\\\/para-duenos-de-tiendas-y-campos-de-tiro\\\/\",\"url\":\"https:\\\/\\\/strivingforsafety.org\\\/es\\\/armas-de-fuego\\\/para-duenos-de-tiendas-y-campos-de-tiro\\\/\",\"name\":\"Para Due\u00f1os de Tiendas y Campos de Tiro - Lista de Verificaci\u00f3n de Seguridad de Medios\",\"isPartOf\":{\"@id\":\"https:\\\/\\\/strivingforsafety.org\\\/es\\\/#website\"},\"primaryImageOfPage\":{\"@id\":\"https:\\\/\\\/strivingforsafety.org\\\/es\\\/armas-de-fuego\\\/para-duenos-de-tiendas-y-campos-de-tiro\\\/#primaryimage\"},\"image\":{\"@id\":\"https:\\\/\\\/strivingforsafety.org\\\/es\\\/armas-de-fuego\\\/para-duenos-de-tiendas-y-campos-de-tiro\\\/#primaryimage\"},\"thumbnailUrl\":\"https:\\\/\\\/strivingforsafety.org\\\/wp-content\\\/uploads\\\/2022\\\/05\\\/firearm-home-496x1024.jpg\",\"datePublished\":\"2022-05-28T23:42:25+00:00\",\"dateModified\":\"2022-12-01T03:43:40+00:00\",\"breadcrumb\":{\"@id\":\"https:\\\/\\\/strivingforsafety.org\\\/es\\\/armas-de-fuego\\\/para-duenos-de-tiendas-y-campos-de-tiro\\\/#breadcrumb\"},\"inLanguage\":\"en-US\",\"potentialAction\":[{\"@type\":\"ReadAction\",\"target\":[\"https:\\\/\\\/strivingforsafety.org\\\/es\\\/armas-de-fuego\\\/para-duenos-de-tiendas-y-campos-de-tiro\\\/\"]}]},{\"@type\":\"ImageObject\",\"inLanguage\":\"en-US\",\"@id\":\"https:\\\/\\\/strivingforsafety.org\\\/es\\\/armas-de-fuego\\\/para-duenos-de-tiendas-y-campos-de-tiro\\\/#primaryimage\",\"url\":\"https:\\\/\\\/strivingforsafety.org\\\/wp-content\\\/uploads\\\/2022\\\/05\\\/firearm-home-496x1024.jpg\",\"contentUrl\":\"https:\\\/\\\/strivingforsafety.org\\\/wp-content\\\/uploads\\\/2022\\\/05\\\/firearm-home-496x1024.jpg\"},{\"@type\":\"BreadcrumbList\",\"@id\":\"https:\\\/\\\/strivingforsafety.org\\\/es\\\/armas-de-fuego\\\/para-duenos-de-tiendas-y-campos-de-tiro\\\/#breadcrumb\",\"itemListElement\":[{\"@type\":\"ListItem\",\"position\":1,\"name\":\"Home\",\"item\":\"https:\\\/\\\/strivingforsafety.org\\\/es\\\/\"},{\"@type\":\"ListItem\",\"position\":2,\"name\":\"Armas de Fuego\",\"item\":\"https:\\\/\\\/strivingforsafety.org\\\/es\\\/armas-de-fuego\\\/\"},{\"@type\":\"ListItem\",\"position\":3,\"name\":\"Para Due\u00f1os de Tiendas y Campos de Tiro\"}]},{\"@type\":\"WebSite\",\"@id\":\"https:\\\/\\\/strivingforsafety.org\\\/es\\\/#website\",\"url\":\"https:\\\/\\\/strivingforsafety.org\\\/es\\\/\",\"name\":\"Lista de Verificaci\u00f3n de Seguridad de Medios\",\"description\":\"Estrategias para mantener a un ser querido a salvo del suicidio\",\"potentialAction\":[{\"@type\":\"SearchAction\",\"target\":{\"@type\":\"EntryPoint\",\"urlTemplate\":\"https:\\\/\\\/strivingforsafety.org\\\/es\\\/?s={search_term_string}\"},\"query-input\":{\"@type\":\"PropertyValueSpecification\",\"valueRequired\":true,\"valueName\":\"search_term_string\"}}],\"inLanguage\":\"en-US\"}]}<\/script>\n<!-- \/ Yoast SEO plugin. -->","yoast_head_json":{"title":"Para Due\u00f1os de Tiendas y Campos de Tiro - Lista de Verificaci\u00f3n de Seguridad de Medios","robots":{"index":"index","follow":"follow","max-snippet":"max-snippet:-1","max-image-preview":"max-image-preview:large","max-video-preview":"max-video-preview:-1"},"canonical":"https:\/\/strivingforsafety.org\/es\/armas-de-fuego\/para-duenos-de-tiendas-y-campos-de-tiro\/","og_locale":"en_US","og_type":"article","og_title":"Para Due\u00f1os de Tiendas y Campos de Tiro - Lista de Verificaci\u00f3n de Seguridad de Medios","og_description":"Armas de Fuego Las armas de fuego son uno de los principales m\u00e9todos de suicidio en los Estados Unidos. Cada paso que damos para poner barreras o \u201ctropiezos\u201d entre los pensamientos suicidas de alguien y el acceso a los medios para terminar con su vida reduce el riesgo de un intento de suicidio. Esta p\u00e1gina [&hellip;]","og_url":"https:\/\/strivingforsafety.org\/es\/armas-de-fuego\/para-duenos-de-tiendas-y-campos-de-tiro\/","og_site_name":"Lista de Verificaci\u00f3n de Seguridad de Medios","article_modified_time":"2022-12-01T03:43:40+00:00","og_image":[{"url":"https:\/\/strivingforsafety.org\/wp-content\/uploads\/2022\/05\/firearm-home-496x1024.jpg","type":"","width":"","height":""}],"twitter_card":"summary_large_image","twitter_misc":{"Est. reading time":"2 minutes"},"schema":{"@context":"https:\/\/schema.org","@graph":[{"@type":"WebPage","@id":"https:\/\/strivingforsafety.org\/es\/armas-de-fuego\/para-duenos-de-tiendas-y-campos-de-tiro\/","url":"https:\/\/strivingforsafety.org\/es\/armas-de-fuego\/para-duenos-de-tiendas-y-campos-de-tiro\/","name":"Para Due\u00f1os de Tiendas y Campos de Tiro - Lista de Verificaci\u00f3n de Seguridad de Medios","isPartOf":{"@id":"https:\/\/strivingforsafety.org\/es\/#website"},"primaryImageOfPage":{"@id":"https:\/\/strivingforsafety.org\/es\/armas-de-fuego\/para-duenos-de-tiendas-y-campos-de-tiro\/#primaryimage"},"image":{"@id":"https:\/\/strivingforsafety.org\/es\/armas-de-fuego\/para-duenos-de-tiendas-y-campos-de-tiro\/#primaryimage"},"thumbnailUrl":"https:\/\/strivingforsafety.org\/wp-content\/uploads\/2022\/05\/firearm-home-496x1024.jpg","datePublished":"2022-05-28T23:42:25+00:00","dateModified":"2022-12-01T03:43:40+00:00","breadcrumb":{"@id":"https:\/\/strivingforsafety.org\/es\/armas-de-fuego\/para-duenos-de-tiendas-y-campos-de-tiro\/#breadcrumb"},"inLanguage":"en-US","potentialAction":[{"@type":"ReadAction","target":["https:\/\/strivingforsafety.org\/es\/armas-de-fuego\/para-duenos-de-tiendas-y-campos-de-tiro\/"]}]},{"@type":"ImageObject","inLanguage":"en-US","@id":"https:\/\/strivingforsafety.org\/es\/armas-de-fuego\/para-duenos-de-tiendas-y-campos-de-tiro\/#primaryimage","url":"https:\/\/strivingforsafety.org\/wp-content\/uploads\/2022\/05\/firearm-home-496x1024.jpg","contentUrl":"https:\/\/strivingforsafety.org\/wp-content\/uploads\/2022\/05\/firearm-home-496x1024.jpg"},{"@type":"BreadcrumbList","@id":"https:\/\/strivingforsafety.org\/es\/armas-de-fuego\/para-duenos-de-tiendas-y-campos-de-tiro\/#breadcrumb","itemListElement":[{"@type":"ListItem","position":1,"name":"Home","item":"https:\/\/strivingforsafety.org\/es\/"},{"@type":"ListItem","position":2,"name":"Armas de Fuego","item":"https:\/\/strivingforsafety.org\/es\/armas-de-fuego\/"},{"@type":"ListItem","position":3,"name":"Para Due\u00f1os de Tiendas y Campos de Tiro"}]},{"@type":"WebSite","@id":"https:\/\/strivingforsafety.org\/es\/#website","url":"https:\/\/strivingforsafety.org\/es\/","name":"Lista de Verificaci\u00f3n de Seguridad de Medios","description":"Estrategias para mantener a un ser querido a salvo del suicidio","potentialAction":[{"@type":"SearchAction","target":{"@type":"EntryPoint","urlTemplate":"https:\/\/strivingforsafety.org\/es\/?s={search_term_string}"},"query-input":{"@type":"PropertyValueSpecification","valueRequired":true,"valueName":"search_term_string"}}],"inLanguage":"en-US"}]}},"_links":{"self":[{"href":"https:\/\/strivingforsafety.org\/es\/wp-json\/wp\/v2\/pages\/356","targetHints":{"allow":["GET"]}}],"collection":[{"href":"https:\/\/strivingforsafety.org\/es\/wp-json\/wp\/v2\/pages"}],"about":[{"href":"https:\/\/strivingforsafety.org\/es\/wp-json\/wp\/v2\/types\/page"}],"author":[{"embeddable":true,"href":"https:\/\/strivingforsafety.org\/es\/wp-json\/wp\/v2\/users\/1"}],"replies":[{"embeddable":true,"href":"https:\/\/strivingforsafety.org\/es\/wp-json\/wp\/v2\/comments?post=356"}],"version-history":[{"count":5,"href":"https:\/\/strivingforsafety.org\/es\/wp-json\/wp\/v2\/pages\/356\/revisions"}],"predecessor-version":[{"id":1822,"href":"https:\/\/strivingforsafety.org\/es\/wp-json\/wp\/v2\/pages\/356\/revisions\/1822"}],"up":[{"embeddable":true,"href":"https:\/\/strivingforsafety.org\/es\/wp-json\/wp\/v2\/pages\/258"}],"wp:attachment":[{"href":"https:\/\/strivingforsafety.org\/es\/wp-json\/wp\/v2\/media?parent=356"}],"curies":[{"name":"wp","href":"https:\/\/api.w.org\/{rel}","templated":true}]}}