{"id":264,"date":"2022-05-27T03:13:03","date_gmt":"2022-05-27T03:13:03","guid":{"rendered":"https:\/\/strivingforsafety.org\/?page_id=264"},"modified":"2023-01-14T20:41:21","modified_gmt":"2023-01-14T20:41:21","slug":"senales-y-letreros","status":"publish","type":"page","link":"https:\/\/strivingforsafety.org\/es\/senales-y-letreros\/","title":{"rendered":"Se\u00f1ales y Letreros"},"content":{"rendered":"\n<div class=\"wp-block-columns is-layout-flex wp-container-core-columns-is-layout-9d6595d7 wp-block-columns-is-layout-flex\">\n<div class=\"wp-block-column is-layout-flow wp-block-column-is-layout-flow\" style=\"flex-basis:120px\"><nav class=\"is-responsive side-nav-menu signs-menu wp-block-navigation is-layout-flex wp-block-navigation-is-layout-flex\" aria-label=\"Side Menu\" \n\t\t data-wp-interactive=\"core\/navigation\" data-wp-context='{\"overlayOpenedBy\":{\"click\":false,\"hover\":false,\"focus\":false},\"type\":\"overlay\",\"roleAttribute\":\"\",\"ariaLabel\":\"Menu\"}'><button aria-haspopup=\"dialog\" aria-label=\"Open menu\" class=\"wp-block-navigation__responsive-container-open\" \n\t\t\t\tdata-wp-on--click=\"actions.openMenuOnClick\"\n\t\t\t\tdata-wp-on--keydown=\"actions.handleMenuKeydown\"\n\t\t\t><svg width=\"24\" height=\"24\" xmlns=\"http:\/\/www.w3.org\/2000\/svg\" viewBox=\"0 0 24 24\" aria-hidden=\"true\" focusable=\"false\"><path d=\"M4 7.5h16v1.5H4z\"><\/path><path d=\"M4 15h16v1.5H4z\"><\/path><\/svg><\/button>\n\t\t\t\t<div class=\"wp-block-navigation__responsive-container\"  id=\"modal-1\" \n\t\t\t\tdata-wp-class--has-modal-open=\"state.isMenuOpen\"\n\t\t\t\tdata-wp-class--is-menu-open=\"state.isMenuOpen\"\n\t\t\t\tdata-wp-watch=\"callbacks.initMenu\"\n\t\t\t\tdata-wp-on--keydown=\"actions.handleMenuKeydown\"\n\t\t\t\tdata-wp-on--focusout=\"actions.handleMenuFocusout\"\n\t\t\t\ttabindex=\"-1\"\n\t\t\t>\n\t\t\t\t\t<div class=\"wp-block-navigation__responsive-close\" tabindex=\"-1\">\n\t\t\t\t\t\t<div class=\"wp-block-navigation__responsive-dialog\" \n\t\t\t\tdata-wp-bind--aria-modal=\"state.ariaModal\"\n\t\t\t\tdata-wp-bind--aria-label=\"state.ariaLabel\"\n\t\t\t\tdata-wp-bind--role=\"state.roleAttribute\"\n\t\t\t>\n\t\t\t\t\t\t\t<button aria-label=\"Close menu\" class=\"wp-block-navigation__responsive-container-close\" \n\t\t\t\tdata-wp-on--click=\"actions.closeMenuOnClick\"\n\t\t\t><svg xmlns=\"http:\/\/www.w3.org\/2000\/svg\" viewBox=\"0 0 24 24\" width=\"24\" height=\"24\" aria-hidden=\"true\" focusable=\"false\"><path d=\"m13.06 12 6.47-6.47-1.06-1.06L12 10.94 5.53 4.47 4.47 5.53 10.94 12l-6.47 6.47 1.06 1.06L12 13.06l6.47 6.47 1.06-1.06L13.06 12Z\"><\/path><\/svg><\/button>\n\t\t\t\t\t\t\t<div class=\"wp-block-navigation__responsive-container-content\" \n\t\t\t\tdata-wp-watch=\"callbacks.focusFirstElement\"\n\t\t\t id=\"modal-1-content\">\n\t\t\t\t\t\t\t\t<ul class=\"wp-block-navigation__container is-responsive side-nav-menu signs-menu wp-block-navigation\"><li class=\" wp-block-navigation-item wp-block-navigation-link\"><a class=\"wp-block-navigation-item__content\"  href=\"https:\/\/strivingforsafety.org\/es\/seguridad-de-medios\/\"><span class=\"wp-block-navigation-item__label\">Medidas de Seguridad<\/span><\/a><\/li><li class=\" wp-block-navigation-item wp-block-navigation-link\"><a class=\"wp-block-navigation-item__content\"  href=\"https:\/\/strivingforsafety.org\/es\/armas-de-fuego\/\"><span class=\"wp-block-navigation-item__label\">Armas de Fuego<\/span><\/a><\/li><li class=\" wp-block-navigation-item wp-block-navigation-link\"><a class=\"wp-block-navigation-item__content\"  href=\"https:\/\/strivingforsafety.org\/es\/sobredosis-y-envenenamiento\/\"><span class=\"wp-block-navigation-item__label\">Sobredosis y Envenenamiento<\/span><\/a><\/li><li class=\" wp-block-navigation-item wp-block-navigation-link\"><a class=\"wp-block-navigation-item__content\"  href=\"https:\/\/strivingforsafety.org\/es\/estrangulacion-y-asfixia\/\"><span class=\"wp-block-navigation-item__label\">Estrangulaci\u00f3n y Asfixia<\/span><\/a><\/li><li class=\" wp-block-navigation-item wp-block-navigation-link\"><a class=\"wp-block-navigation-item__content\"  href=\"https:\/\/strivingforsafety.org\/es\/senales-y-letreros\/\"><span class=\"wp-block-navigation-item__label\">Se\u00f1ales y Letreros<\/span><\/a><\/li><\/ul>\n\t\t\t\t\t\t\t<\/div>\n\t\t\t\t\t\t<\/div>\n\t\t\t\t\t<\/div>\n\t\t\t\t<\/div><\/nav><\/div>\n\n\n\n<div class=\"wp-block-column is-layout-flow wp-block-column-is-layout-flow\">\n<h1 class=\"wp-block-heading\">Se\u00f1ales y Letreros<\/h1>\n\n\n\n<p>Las barreras y otros obst\u00e1culos f\u00edsicos que reducen el acceso a \u00e1reas donde una persona puede intentar suicidars, o reducen de alg\u00fan modo la letalidad de un intento, son una parte importante de los esfuerzos integrales de prevenci\u00f3n del suicidio. En el hogar, podemos prestar atenci\u00f3n a las cerraduras de puertas y ventanas, y colocar recursos de crisis en lugares visibles para recordarnos a nosotros mismos o a la persona que nos preocupa que hay ayuda disponible.<\/p>\n\n\n\n<p>Las barreras son importantes porque muchas personas que desarrollan un plan de suicidio no cambiar\u00e1n un medio por otro. Los estudios han demostrado que, si se impide u obstruye el acceso a un medio para suicidarse en particular, la mayor\u00eda de las personas no buscar\u00e1n otro m\u00e9todo, incluso si es de f\u00e1cil acceso. La gran mayor\u00eda de las personas que intentan suicidarse y sobreviven no morir\u00e1n por suicidio en un futuro. Esto significa que los esfuerzos no s\u00f3lo para reducir el acceso a medios altamente letales (que pueden causar la muerte), sino tambi\u00e9n para reducir la letalidad de estos intentos, pueden salvar vidas.<\/p>\n\n\n\n<p>Hay varias formas en que las barreras f\u00edsicas y otros elementos de obstrucci\u00f3n pueden prevenir o reducir los suicidios. Por ejemplo, barreras f\u00edsicas y obstrucciones que impiden el acceso a un lugar, como cercos; redes u otros mecanismos debajo de una estructura que reducen la letalidad de un intento; o se\u00f1alizaci\u00f3n (se\u00f1ales), letreros o mensajes escritos que ofrecen un mensaje de esperanza y comparten un recurso de crisis.<\/p>\n\n\n\n<p>A continuaci\u00f3n, se abordan con m\u00e1s detalle varias formas de consideraciones de prevenci\u00f3n del suicidio espec\u00edficas de diferentes sitios\/lugares.<\/p>\n\n\n\n<div class=\"wp-block-columns is-layout-flex wp-container-core-columns-is-layout-9d6595d7 wp-block-columns-is-layout-flex\">\n<div class=\"wp-block-column bordered-text is-layout-flow wp-block-column-is-layout-flow\"><div class=\"su-spoiler su-spoiler-style-default su-spoiler-icon-none firearm-spoiler su-spoiler-closed\" data-scroll-offset=\"0\" data-anchor-in-url=\"no\"><div class=\"su-spoiler-title\" tabindex=\"0\" role=\"button\"><span class=\"su-spoiler-icon\"><\/span>Barreras en Puentes<\/div><div class=\"su-spoiler-content su-u-clearfix su-u-trim\">\n\n\n\n<p>La efectividad de instalar barreras f\u00edsicas en los puentes se ha estudiado en varios lugares. Las barreras pueden colocarse en dos formas: colocar cercas a lo largo de la parte superior de una estructura que obstruyen el acceso y colocar redes debajo de la estructurapara prevenir que caiga desde lo alto de la estructura. <a href=\"https:\/\/www.ncbi.nlm.nih.gov\/pmc\/articles\/PMC5218568\/\">Un estudio de la eficacia de una variedad de barreras f\u00edsicas<\/a> en ingl\u00e9s inform\u00f3 una reducci\u00f3n significativa de los suicidios, e incluso la eliminaci\u00f3n de las muertes por suicidio cuando se construyeron barreras a lo largo de toda la estructura. El <a href=\"https:\/\/suicidepreventionlifeline.org\/wp-content\/uploads\/2017\/04\/Suicide-Bridges-National-Suicide-Prevention-Lifeline-Position-2017-FINAL.pdf\">documento de posici\u00f3n<\/a> de la Red Nacional de Prevenci\u00f3n del Suicidio en ingl\u00e9s sobre la prevenci\u00f3n del suicidio en puentes incluye varios ejemplos de la eficacia de este procedimiento.<\/p>\n\n\n\n<p>En California, se est\u00e1 construyendo una barrera en el <a href=\"https:\/\/www.goldengatebridgenet.org\/\">puente<\/a> <a href=\"https:\/\/www.goldengatebridgenet.org\/\">Golden Gate<\/a> y se est\u00e1n llevando a cabo procesos para dise\u00f1ar barreras similares para el <a href=\"https:\/\/www.cityofpasadena.net\/public-works\/engineering-and-construction\/construction\/colorado-street-bridge\/\" target=\"_blank\" rel=\"noreferrer noopener\">puente Colorado Street <\/a><strong><a href=\"https:\/\/www.cityofpasadena.net\/public-works\/engineering-and-construction\/construction\/colorado-street-bridge\/\" target=\"_blank\" rel=\"noreferrer noopener\">Bridge<\/a> <\/strong>en la ciudad de Pasadena. Si conoces de otros proyectos adicionales, <a href=\"https:\/\/mhsoac.ca.gov\/contact-us\/\" target=\"_blank\" rel=\"noreferrer noopener\">comun\u00edcate con nosotros<\/a><strong> <\/strong>y tambi\u00e9n podemos nombrarlos aqu\u00ed.<\/p>\n\n\n<\/div><\/div><div class=\"su-spoiler su-spoiler-style-default su-spoiler-icon-none firearm-spoiler su-spoiler-closed\" data-scroll-offset=\"0\" data-anchor-in-url=\"no\"><div class=\"su-spoiler-title\" tabindex=\"0\" role=\"button\"><span class=\"su-spoiler-icon\"><\/span>Estructuras de Estacionamiento<\/div><div class=\"su-spoiler-content su-u-clearfix su-u-trim\">\n\n\n\n<p>Se pueden instalar varios tipos de barreras f\u00edsicas para reforzar la seguridad en las estructuras de estacionamiento. Estas barreras pueden ser cercas, pantallas y\/o mejoras en el entorno que obstruyen el acceso f\u00e1cil a las alturas. El reporte en ingl\u00e9s del International Parking &amp; Mobility Institute&#8217;s titulado <a href=\"https:\/\/www.parking-mobility.org\/wp-content\/uploads\/2019\/01\/0416_IPMI-Suicide-in-Garages_2019_Final.pdf\">Suicide in Parking Facilities<\/a> incluye muchos ejemplos y descripciones sobre c\u00f3mo aumentar la seguridad dentro de estas estructuras.<\/p>\n\n\n<\/div><\/div><div class=\"su-spoiler su-spoiler-style-default su-spoiler-icon-none firearm-spoiler su-spoiler-closed\" data-scroll-offset=\"0\" data-anchor-in-url=\"no\"><div class=\"su-spoiler-title\" tabindex=\"0\" role=\"button\"><span class=\"su-spoiler-icon\"><\/span>Esfuerzos de Ferrocarril<\/div><div class=\"su-spoiler-content su-u-clearfix su-u-trim\">\n\n\n\n<p>Aunque &#8211; en promedio &#8211; los suicidios de ferrocarril representan menos del 1% de todos los suicidios en los Estados Unidos, el impacto de los suicidios de ferrocarril en comunidades espec\u00edficas puede ser mucho mayor. Si bien no es razonable instalar cercas a lo largo de toda la v\u00eda f\u00e9rrea, es posible considerar a ciertas \u00e1reas de alto riesgo para colocar cercas u otras barreras estructurales que pueden reducir el acceso o la letalidad de los intentos. El sitio web del <a href=\"https:\/\/www.volpe.dot.gov\/rail-suicide-prevention#6-research-area\" target=\"_blank\" rel=\"noreferrer noopener\">Departamento de Transporte de EE. UU.<\/a> incluye informaci\u00f3n y recursos en ingl\u00e9s sobre la prevenci\u00f3n del suicidio relacionado con el ferrocarril.<\/p>\n\n\n<\/div><\/div><div class=\"su-spoiler su-spoiler-style-default su-spoiler-icon-none firearm-spoiler su-spoiler-closed\" data-scroll-offset=\"0\" data-anchor-in-url=\"no\"><div class=\"su-spoiler-title\" tabindex=\"0\" role=\"button\"><span class=\"su-spoiler-icon\"><\/span>Se\u00f1alizaci\u00f3n y Letreros<\/div><div class=\"su-spoiler-content su-u-clearfix su-u-trim\">\n\n\n\n<p>Muchos lugares han introducido letreros que promueven l\u00edneas directas de crisis, servicios de intervenci\u00f3n y\/o fuentes de asesoramiento para alentar a buscar ayuda a las personas que pueden estar pensando en suicidarse. Hasta ahora, la investigaci\u00f3n sobre la se\u00f1alizaci\u00f3n o letreros no ha demostrado una eficacia tan clara como con las barreras f\u00edsicas y elementos de obstrucci\u00f3n. Sin embargo, cuando otros obst\u00e1culos f\u00edsicos no se pueden llevar a cabo, la se\u00f1alizaci\u00f3n puede aumentar las posibilidades de que las personas en crisis vean un mensaje de esperanza y se animen a buscar ayuda.<\/p>\n\n\n\n<p>El mensaje y las im\u00e1genes utilizadas en la se\u00f1alizaci\u00f3n deben estar alineados con el conocimiento actual sobre mensajes seguros y efectivos para la prevenci\u00f3n del suicidio. Por ejemplo, se recomienda minimizar el uso de la palabra &#8220;suicidio&#8221; y por lo contrario se debe asegurar de que haya un mensaje destacado de esperanza. El orden de las palabras tambi\u00e9n es muy importante. En el ejemplo a lado, el mensaje de esperanza est\u00e1 en la parte superior en letra grande, seguido del recurso de la l\u00ednea directa de crisis.<\/p>\n\n\n<\/div><\/div>\n<\/div>\n<\/div>\n\n\n\n<h3 class=\"wp-block-heading\"><strong>Una Pieza del Rompecabezas<\/strong><\/h3>\n\n\n\n<p>Las barreras f\u00edsicas y los elementos de obstrucci\u00f3n son s\u00f3lo una parte de un enfoque integral para la prevenci\u00f3n del suicidio. Incluso en lugares donde existen barreras f\u00edsicas, cada a\u00f1o se salvan muchas m\u00e1s vidas a trav\u00e9s de estrategias para identificar a las personas que pueden estar en riesgo e intervenir antes de que intenten suicidarse. Las estrategias espec\u00edficas del sitio incluyen capacitaci\u00f3n en prevenci\u00f3n del suicidio para las personas que trabajan en estos lugares, con el fin de aumentar su capacidad de reconocer las se\u00f1ales de advertencia e intervenir para ayudar a alguien que pueda estar en riesgo. Tambi\u00e9n es importante que exista un plan de apoyo en caso de que ocurra un suicidio, tanto para las personas que trabajan en el sitio como para quienes presenciaron la muerte.<\/p>\n\n\n\n<p>Aprende sobre los esfuerzos locales de prevenci\u00f3n del suicidio en la <a href=\"https:\/\/strivingforsafety.org\/es\/recursos-de-la-comunidad\/\">p\u00e1gina de recursos de la comunidad<\/a>. Si deseas participar en los esfuerzos de prevenci\u00f3n del suicidio, tu coalici\u00f3n local de prevenci\u00f3n del suicidio o de medicamentos recetados es un excelente lugar donde comenzar.<\/p>\n\n\n\n<div class=\"wp-block-buttons is-layout-flex wp-block-buttons-is-layout-flex\"><\/div>\n<\/div>\n\n\n\n<div class=\"wp-block-column column-blue-bk is-layout-flow wp-block-column-is-layout-flow\" style=\"flex-basis:300px\">\n<div class=\"img-shade img-shade-purple\"><\/div>\n\n\n\n<figure class=\"wp-block-image size-large sidebar-img\"><img loading=\"lazy\" decoding=\"async\" width=\"512\" height=\"1024\" src=\"https:\/\/strivingforsafety.org\/wp-content\/uploads\/2022\/06\/signage-512x1024.png\" alt=\"There is help (Hay ayuda) 1-800-273-8255. Text: 741-741\" class=\"wp-image-1119\" srcset=\"https:\/\/strivingforsafety.org\/es\/wp-content\/uploads\/2022\/06\/signage-512x1024.png 512w, https:\/\/strivingforsafety.org\/es\/wp-content\/uploads\/2022\/06\/signage-150x300.png 150w, https:\/\/strivingforsafety.org\/es\/wp-content\/uploads\/2022\/06\/signage-768x1536.png 768w, https:\/\/strivingforsafety.org\/es\/wp-content\/uploads\/2022\/06\/signage-1024x2048.png 1024w, https:\/\/strivingforsafety.org\/es\/wp-content\/uploads\/2022\/06\/signage.png 1251w\" sizes=\"auto, (max-width: 512px) 100vw, 512px\" \/><\/figure>\n\n\n\n<h3 class=\"wp-block-heading\"><strong>Recursos Adicionales<\/strong><\/h3>\n\n\n\n<p>Para obtener m\u00e1s informaci\u00f3n en ingl\u00e9s sobre se\u00f1alizaci\u00f3n, barreras y prevenci\u00f3n del suicidio, visita los siguientes enlaces:<\/p>\n\n\n\n<ul class=\"wp-block-list\">\n<li><a href=\"https:\/\/www.hsph.harvard.edu\/means-matter\/bridges-and-suicide\/\" target=\"_blank\" rel=\"noreferrer noopener\">Harvard School of Public Health &#8211; Bridges and Suicide<\/a><\/li>\n\n\n\n<li><a href=\"https:\/\/www.sprc.org\/resources-programs\/guidance-action-be-taken-suicide-hotspots\" target=\"_blank\" rel=\"noreferrer noopener\">Guidance on action to be taken at suicide hotspots<\/a><\/li>\n\n\n\n<li><a href=\"https:\/\/suicidepreventionlifeline.org\/wp-content\/uploads\/2017\/04\/Suicide-Bridges-National-Suicide-Prevention-Lifeline-Position-2017-FINAL.pdf\" target=\"_blank\" rel=\"noreferrer noopener\">National Suicide Prevention Lifeline &#8211; Position on suicide prevention on bridges<\/a><\/li>\n\n\n\n<li><a href=\"https:\/\/www.thelancet.com\/journals\/lanpsy\/article\/PIIS2215-0366(15)00266-7\/fulltext\" target=\"_blank\" rel=\"noreferrer noopener\">Interventions to reduce suicides at suicide hotspots: a systematic review and meta-analysis<\/a><\/li>\n<\/ul>\n\n\n\n<p><a id=\"_msocom_1\"><\/a><\/p>\n<\/div>\n<\/div>\n","protected":false},"excerpt":{"rendered":"<p>Se\u00f1ales y Letreros Las barreras y otros obst\u00e1culos f\u00edsicos que reducen el acceso a \u00e1reas donde una persona puede intentar suicidars, o reducen de alg\u00fan modo la letalidad de un intento, son una parte importante de los esfuerzos integrales de prevenci\u00f3n del suicidio. En el hogar, podemos prestar atenci\u00f3n a las cerraduras de puertas y [&hellip;]<\/p>\n","protected":false},"author":1,"featured_media":0,"parent":0,"menu_order":0,"comment_status":"closed","ping_status":"closed","template":"","meta":{"nf_dc_page":"","_monsterinsights_skip_tracking":false,"_monsterinsights_sitenote_active":false,"_monsterinsights_sitenote_note":"","_monsterinsights_sitenote_category":0,"footnotes":""},"class_list":["post-264","page","type-page","status-publish","hentry"],"yoast_head":"<!-- This site is optimized with the Yoast SEO plugin v27.4 - https:\/\/yoast.com\/product\/yoast-seo-wordpress\/ -->\n<title>Se\u00f1ales y Letreros - Lista de Verificaci\u00f3n de Seguridad de Medios<\/title>\n<meta name=\"robots\" content=\"index, follow, max-snippet:-1, max-image-preview:large, max-video-preview:-1\" \/>\n<link rel=\"canonical\" href=\"https:\/\/strivingforsafety.org\/es\/senales-y-letreros\/\" \/>\n<meta property=\"og:locale\" content=\"en_US\" \/>\n<meta property=\"og:type\" content=\"article\" \/>\n<meta property=\"og:title\" content=\"Se\u00f1ales y Letreros - Lista de Verificaci\u00f3n de Seguridad de Medios\" \/>\n<meta property=\"og:description\" content=\"Se\u00f1ales y Letreros Las barreras y otros obst\u00e1culos f\u00edsicos que reducen el acceso a \u00e1reas donde una persona puede intentar suicidars, o reducen de alg\u00fan modo la letalidad de un intento, son una parte importante de los esfuerzos integrales de prevenci\u00f3n del suicidio. En el hogar, podemos prestar atenci\u00f3n a las cerraduras de puertas y [&hellip;]\" \/>\n<meta property=\"og:url\" content=\"https:\/\/strivingforsafety.org\/es\/senales-y-letreros\/\" \/>\n<meta property=\"og:site_name\" content=\"Lista de Verificaci\u00f3n de Seguridad de Medios\" \/>\n<meta property=\"article:modified_time\" content=\"2023-01-14T20:41:21+00:00\" \/>\n<meta property=\"og:image\" content=\"https:\/\/strivingforsafety.org\/wp-content\/uploads\/2022\/06\/signage-512x1024.png\" \/>\n<meta name=\"twitter:card\" content=\"summary_large_image\" \/>\n<meta name=\"twitter:label1\" content=\"Est. reading time\" \/>\n\t<meta name=\"twitter:data1\" content=\"5 minutes\" \/>\n<script type=\"application\/ld+json\" class=\"yoast-schema-graph\">{\"@context\":\"https:\\\/\\\/schema.org\",\"@graph\":[{\"@type\":\"WebPage\",\"@id\":\"https:\\\/\\\/strivingforsafety.org\\\/es\\\/senales-y-letreros\\\/\",\"url\":\"https:\\\/\\\/strivingforsafety.org\\\/es\\\/senales-y-letreros\\\/\",\"name\":\"Se\u00f1ales y Letreros - Lista de Verificaci\u00f3n de Seguridad de Medios\",\"isPartOf\":{\"@id\":\"https:\\\/\\\/strivingforsafety.org\\\/es\\\/#website\"},\"primaryImageOfPage\":{\"@id\":\"https:\\\/\\\/strivingforsafety.org\\\/es\\\/senales-y-letreros\\\/#primaryimage\"},\"image\":{\"@id\":\"https:\\\/\\\/strivingforsafety.org\\\/es\\\/senales-y-letreros\\\/#primaryimage\"},\"thumbnailUrl\":\"https:\\\/\\\/strivingforsafety.org\\\/wp-content\\\/uploads\\\/2022\\\/06\\\/signage-512x1024.png\",\"datePublished\":\"2022-05-27T03:13:03+00:00\",\"dateModified\":\"2023-01-14T20:41:21+00:00\",\"breadcrumb\":{\"@id\":\"https:\\\/\\\/strivingforsafety.org\\\/es\\\/senales-y-letreros\\\/#breadcrumb\"},\"inLanguage\":\"en-US\",\"potentialAction\":[{\"@type\":\"ReadAction\",\"target\":[\"https:\\\/\\\/strivingforsafety.org\\\/es\\\/senales-y-letreros\\\/\"]}]},{\"@type\":\"ImageObject\",\"inLanguage\":\"en-US\",\"@id\":\"https:\\\/\\\/strivingforsafety.org\\\/es\\\/senales-y-letreros\\\/#primaryimage\",\"url\":\"https:\\\/\\\/strivingforsafety.org\\\/wp-content\\\/uploads\\\/2022\\\/06\\\/signage-512x1024.png\",\"contentUrl\":\"https:\\\/\\\/strivingforsafety.org\\\/wp-content\\\/uploads\\\/2022\\\/06\\\/signage-512x1024.png\"},{\"@type\":\"BreadcrumbList\",\"@id\":\"https:\\\/\\\/strivingforsafety.org\\\/es\\\/senales-y-letreros\\\/#breadcrumb\",\"itemListElement\":[{\"@type\":\"ListItem\",\"position\":1,\"name\":\"Home\",\"item\":\"https:\\\/\\\/strivingforsafety.org\\\/es\\\/\"},{\"@type\":\"ListItem\",\"position\":2,\"name\":\"Se\u00f1ales y Letreros\"}]},{\"@type\":\"WebSite\",\"@id\":\"https:\\\/\\\/strivingforsafety.org\\\/es\\\/#website\",\"url\":\"https:\\\/\\\/strivingforsafety.org\\\/es\\\/\",\"name\":\"Lista de Verificaci\u00f3n de Seguridad de Medios\",\"description\":\"Estrategias para mantener a un ser querido a salvo del suicidio\",\"potentialAction\":[{\"@type\":\"SearchAction\",\"target\":{\"@type\":\"EntryPoint\",\"urlTemplate\":\"https:\\\/\\\/strivingforsafety.org\\\/es\\\/?s={search_term_string}\"},\"query-input\":{\"@type\":\"PropertyValueSpecification\",\"valueRequired\":true,\"valueName\":\"search_term_string\"}}],\"inLanguage\":\"en-US\"}]}<\/script>\n<!-- \/ Yoast SEO plugin. -->","yoast_head_json":{"title":"Se\u00f1ales y Letreros - Lista de Verificaci\u00f3n de Seguridad de Medios","robots":{"index":"index","follow":"follow","max-snippet":"max-snippet:-1","max-image-preview":"max-image-preview:large","max-video-preview":"max-video-preview:-1"},"canonical":"https:\/\/strivingforsafety.org\/es\/senales-y-letreros\/","og_locale":"en_US","og_type":"article","og_title":"Se\u00f1ales y Letreros - Lista de Verificaci\u00f3n de Seguridad de Medios","og_description":"Se\u00f1ales y Letreros Las barreras y otros obst\u00e1culos f\u00edsicos que reducen el acceso a \u00e1reas donde una persona puede intentar suicidars, o reducen de alg\u00fan modo la letalidad de un intento, son una parte importante de los esfuerzos integrales de prevenci\u00f3n del suicidio. En el hogar, podemos prestar atenci\u00f3n a las cerraduras de puertas y [&hellip;]","og_url":"https:\/\/strivingforsafety.org\/es\/senales-y-letreros\/","og_site_name":"Lista de Verificaci\u00f3n de Seguridad de Medios","article_modified_time":"2023-01-14T20:41:21+00:00","og_image":[{"url":"https:\/\/strivingforsafety.org\/wp-content\/uploads\/2022\/06\/signage-512x1024.png","type":"","width":"","height":""}],"twitter_card":"summary_large_image","twitter_misc":{"Est. reading time":"5 minutes"},"schema":{"@context":"https:\/\/schema.org","@graph":[{"@type":"WebPage","@id":"https:\/\/strivingforsafety.org\/es\/senales-y-letreros\/","url":"https:\/\/strivingforsafety.org\/es\/senales-y-letreros\/","name":"Se\u00f1ales y Letreros - Lista de Verificaci\u00f3n de Seguridad de Medios","isPartOf":{"@id":"https:\/\/strivingforsafety.org\/es\/#website"},"primaryImageOfPage":{"@id":"https:\/\/strivingforsafety.org\/es\/senales-y-letreros\/#primaryimage"},"image":{"@id":"https:\/\/strivingforsafety.org\/es\/senales-y-letreros\/#primaryimage"},"thumbnailUrl":"https:\/\/strivingforsafety.org\/wp-content\/uploads\/2022\/06\/signage-512x1024.png","datePublished":"2022-05-27T03:13:03+00:00","dateModified":"2023-01-14T20:41:21+00:00","breadcrumb":{"@id":"https:\/\/strivingforsafety.org\/es\/senales-y-letreros\/#breadcrumb"},"inLanguage":"en-US","potentialAction":[{"@type":"ReadAction","target":["https:\/\/strivingforsafety.org\/es\/senales-y-letreros\/"]}]},{"@type":"ImageObject","inLanguage":"en-US","@id":"https:\/\/strivingforsafety.org\/es\/senales-y-letreros\/#primaryimage","url":"https:\/\/strivingforsafety.org\/wp-content\/uploads\/2022\/06\/signage-512x1024.png","contentUrl":"https:\/\/strivingforsafety.org\/wp-content\/uploads\/2022\/06\/signage-512x1024.png"},{"@type":"BreadcrumbList","@id":"https:\/\/strivingforsafety.org\/es\/senales-y-letreros\/#breadcrumb","itemListElement":[{"@type":"ListItem","position":1,"name":"Home","item":"https:\/\/strivingforsafety.org\/es\/"},{"@type":"ListItem","position":2,"name":"Se\u00f1ales y Letreros"}]},{"@type":"WebSite","@id":"https:\/\/strivingforsafety.org\/es\/#website","url":"https:\/\/strivingforsafety.org\/es\/","name":"Lista de Verificaci\u00f3n de Seguridad de Medios","description":"Estrategias para mantener a un ser querido a salvo del suicidio","potentialAction":[{"@type":"SearchAction","target":{"@type":"EntryPoint","urlTemplate":"https:\/\/strivingforsafety.org\/es\/?s={search_term_string}"},"query-input":{"@type":"PropertyValueSpecification","valueRequired":true,"valueName":"search_term_string"}}],"inLanguage":"en-US"}]}},"_links":{"self":[{"href":"https:\/\/strivingforsafety.org\/es\/wp-json\/wp\/v2\/pages\/264","targetHints":{"allow":["GET"]}}],"collection":[{"href":"https:\/\/strivingforsafety.org\/es\/wp-json\/wp\/v2\/pages"}],"about":[{"href":"https:\/\/strivingforsafety.org\/es\/wp-json\/wp\/v2\/types\/page"}],"author":[{"embeddable":true,"href":"https:\/\/strivingforsafety.org\/es\/wp-json\/wp\/v2\/users\/1"}],"replies":[{"embeddable":true,"href":"https:\/\/strivingforsafety.org\/es\/wp-json\/wp\/v2\/comments?post=264"}],"version-history":[{"count":5,"href":"https:\/\/strivingforsafety.org\/es\/wp-json\/wp\/v2\/pages\/264\/revisions"}],"predecessor-version":[{"id":1880,"href":"https:\/\/strivingforsafety.org\/es\/wp-json\/wp\/v2\/pages\/264\/revisions\/1880"}],"wp:attachment":[{"href":"https:\/\/strivingforsafety.org\/es\/wp-json\/wp\/v2\/media?parent=264"}],"curies":[{"name":"wp","href":"https:\/\/api.w.org\/{rel}","templated":true}]}}