{"id":262,"date":"2022-05-27T03:12:33","date_gmt":"2022-05-27T03:12:33","guid":{"rendered":"https:\/\/strivingforsafety.org\/?page_id=262"},"modified":"2023-01-05T00:35:33","modified_gmt":"2023-01-05T00:35:33","slug":"estrangulacion-y-asfixia","status":"publish","type":"page","link":"https:\/\/strivingforsafety.org\/es\/estrangulacion-y-asfixia\/","title":{"rendered":"Estrangulaci\u00f3n y Asfixia"},"content":{"rendered":"\n<div class=\"wp-block-columns is-layout-flex wp-container-core-columns-is-layout-9d6595d7 wp-block-columns-is-layout-flex\">\n<div class=\"wp-block-column is-layout-flow wp-block-column-is-layout-flow\" style=\"flex-basis:120px\"><nav class=\"is-responsive side-nav-menu suffocation-menu wp-block-navigation is-layout-flex wp-block-navigation-is-layout-flex\" aria-label=\"Side Menu\" \n\t\t data-wp-interactive=\"core\/navigation\" data-wp-context='{\"overlayOpenedBy\":{\"click\":false,\"hover\":false,\"focus\":false},\"type\":\"overlay\",\"roleAttribute\":\"\",\"ariaLabel\":\"Menu\"}'><button aria-haspopup=\"dialog\" aria-label=\"Open menu\" class=\"wp-block-navigation__responsive-container-open\" \n\t\t\t\tdata-wp-on--click=\"actions.openMenuOnClick\"\n\t\t\t\tdata-wp-on--keydown=\"actions.handleMenuKeydown\"\n\t\t\t><svg width=\"24\" height=\"24\" xmlns=\"http:\/\/www.w3.org\/2000\/svg\" viewBox=\"0 0 24 24\" aria-hidden=\"true\" focusable=\"false\"><path d=\"M4 7.5h16v1.5H4z\"><\/path><path d=\"M4 15h16v1.5H4z\"><\/path><\/svg><\/button>\n\t\t\t\t<div class=\"wp-block-navigation__responsive-container\"  id=\"modal-1\" \n\t\t\t\tdata-wp-class--has-modal-open=\"state.isMenuOpen\"\n\t\t\t\tdata-wp-class--is-menu-open=\"state.isMenuOpen\"\n\t\t\t\tdata-wp-watch=\"callbacks.initMenu\"\n\t\t\t\tdata-wp-on--keydown=\"actions.handleMenuKeydown\"\n\t\t\t\tdata-wp-on--focusout=\"actions.handleMenuFocusout\"\n\t\t\t\ttabindex=\"-1\"\n\t\t\t>\n\t\t\t\t\t<div class=\"wp-block-navigation__responsive-close\" tabindex=\"-1\">\n\t\t\t\t\t\t<div class=\"wp-block-navigation__responsive-dialog\" \n\t\t\t\tdata-wp-bind--aria-modal=\"state.ariaModal\"\n\t\t\t\tdata-wp-bind--aria-label=\"state.ariaLabel\"\n\t\t\t\tdata-wp-bind--role=\"state.roleAttribute\"\n\t\t\t>\n\t\t\t\t\t\t\t<button aria-label=\"Close menu\" class=\"wp-block-navigation__responsive-container-close\" \n\t\t\t\tdata-wp-on--click=\"actions.closeMenuOnClick\"\n\t\t\t><svg xmlns=\"http:\/\/www.w3.org\/2000\/svg\" viewBox=\"0 0 24 24\" width=\"24\" height=\"24\" aria-hidden=\"true\" focusable=\"false\"><path d=\"m13.06 12 6.47-6.47-1.06-1.06L12 10.94 5.53 4.47 4.47 5.53 10.94 12l-6.47 6.47 1.06 1.06L12 13.06l6.47 6.47 1.06-1.06L13.06 12Z\"><\/path><\/svg><\/button>\n\t\t\t\t\t\t\t<div class=\"wp-block-navigation__responsive-container-content\" \n\t\t\t\tdata-wp-watch=\"callbacks.focusFirstElement\"\n\t\t\t id=\"modal-1-content\">\n\t\t\t\t\t\t\t\t<ul class=\"wp-block-navigation__container is-responsive side-nav-menu suffocation-menu wp-block-navigation\"><li class=\" wp-block-navigation-item wp-block-navigation-link\"><a class=\"wp-block-navigation-item__content\"  href=\"https:\/\/strivingforsafety.org\/es\/seguridad-de-medios\/\"><span class=\"wp-block-navigation-item__label\">Medidas de Seguridad<\/span><\/a><\/li><li class=\" wp-block-navigation-item wp-block-navigation-link\"><a class=\"wp-block-navigation-item__content\"  href=\"https:\/\/strivingforsafety.org\/es\/armas-de-fuego\/\"><span class=\"wp-block-navigation-item__label\">Armas de Fuego<\/span><\/a><\/li><li class=\" wp-block-navigation-item wp-block-navigation-link\"><a class=\"wp-block-navigation-item__content\"  href=\"https:\/\/strivingforsafety.org\/es\/sobredosis-y-envenenamiento\/\"><span class=\"wp-block-navigation-item__label\">Sobredosis y Envenenamiento<\/span><\/a><\/li><li class=\" wp-block-navigation-item wp-block-navigation-link\"><a class=\"wp-block-navigation-item__content\"  href=\"https:\/\/strivingforsafety.org\/es\/estrangulacion-y-asfixia\/\"><span class=\"wp-block-navigation-item__label\">Estrangulaci\u00f3n y Asfixia<\/span><\/a><\/li><li class=\" wp-block-navigation-item wp-block-navigation-link\"><a class=\"wp-block-navigation-item__content\"  href=\"https:\/\/strivingforsafety.org\/es\/senales-y-letreros\/\"><span class=\"wp-block-navigation-item__label\">Se\u00f1ales y Letreros<\/span><\/a><\/li><\/ul>\n\t\t\t\t\t\t\t<\/div>\n\t\t\t\t\t\t<\/div>\n\t\t\t\t\t<\/div>\n\t\t\t\t<\/div><\/nav><\/div>\n\n\n\n<div class=\"wp-block-column is-layout-flow wp-block-column-is-layout-flow\">\n<h1 class=\"wp-block-heading\"><strong>Estrangulaci\u00f3n y Asfixia<\/strong><\/h1>\n\n\n\n<p>Puede ser un desaf\u00edo limitar el acceso a algunos tipos de medios que podr\u00edan facilitar el intentar suicidarse dentro del hogar. Si est\u00e1s preocupado(a) que alguien en tu hogar est\u00e9 en riesgo de suicidio, habla con ellos. Preg\u00fantales directamente si han pensado en c\u00f3mo podr\u00edan intentar suicidarse o qu\u00e9 m\u00e9todos podr\u00edan usar. La mayor\u00eda de las veces, las personas que piensan en suicidarse tienen m\u00e9todos espec\u00edficos que planean usar y muchas veces no se desv\u00edan de su plan. Identificar un m\u00e9todo previsto puede ayudarte a hacer un plan para reducir el acceso a medios particulares.<\/p>\n\n\n\n<div class=\"wp-block-columns is-layout-flex wp-container-core-columns-is-layout-9d6595d7 wp-block-columns-is-layout-flex\">\n<div class=\"wp-block-column orange-page-blocks is-layout-flow wp-block-column-is-layout-flow\" style=\"flex-basis:250px\">\n<h2 class=\"has-white-color has-text-color has-background wp-block-heading\" style=\"background-color:#de7c00\"><a href=\"https:\/\/strivingforsafety.org\/es\/estrangulacion-y-asfixia\/en-el-hogar\/\">En el Hogar &gt;<\/a><\/h2>\n<\/div>\n\n\n\n<div class=\"wp-block-column orange-page-blocks is-layout-flow wp-block-column-is-layout-flow\" style=\"flex-basis:250px\">\n<h2 class=\"has-white-color has-text-color has-background wp-block-heading\" style=\"background-color:#de7c00\"><a href=\"https:\/\/strivingforsafety.org\/es\/estrangulacion-y-asfixia\/en-entornos-o-ambientes-controlados\/\">En Ambientes Controlados &gt;<\/a><\/h2>\n<\/div>\n<\/div>\n<\/div>\n\n\n\n<div class=\"wp-block-column column-sidebar is-layout-flow wp-block-column-is-layout-flow\" style=\"flex-basis:300px\">\n<div class=\"img-shade-green img-shade\"><\/div>\n\n\n\n<figure class=\"wp-block-image size-large sidebar-img\"><img loading=\"lazy\" decoding=\"async\" width=\"617\" height=\"1024\" src=\"https:\/\/strivingforsafety.org\/wp-content\/uploads\/2022\/05\/preventing-firearm-suicide-617x1024.jpg\" alt=\"\" class=\"wp-image-186\" srcset=\"https:\/\/strivingforsafety.org\/es\/wp-content\/uploads\/2022\/05\/preventing-firearm-suicide-617x1024.jpg 617w, https:\/\/strivingforsafety.org\/es\/wp-content\/uploads\/2022\/05\/preventing-firearm-suicide-181x300.jpg 181w, https:\/\/strivingforsafety.org\/es\/wp-content\/uploads\/2022\/05\/preventing-firearm-suicide-768x1275.jpg 768w, https:\/\/strivingforsafety.org\/es\/wp-content\/uploads\/2022\/05\/preventing-firearm-suicide-925x1536.jpg 925w, https:\/\/strivingforsafety.org\/es\/wp-content\/uploads\/2022\/05\/preventing-firearm-suicide.jpg 1182w\" sizes=\"auto, (max-width: 617px) 100vw, 617px\" \/><\/figure>\n\n\n\n<div class=\"wp-block-columns columns-no-gap is-layout-flex wp-container-core-columns-is-layout-9d6595d7 wp-block-columns-is-layout-flex\">\n<div class=\"wp-block-column is-layout-flow wp-block-column-is-layout-flow\" style=\"flex-basis:5px\">\n<div class=\"vertical-spacer\"><\/div>\n<\/div>\n\n\n\n<div class=\"wp-block-column is-layout-flow wp-block-column-is-layout-flow\">\n<h3 class=\"wp-block-heading\">Recursos Adicionales (en ingl\u00e9s)<\/h3>\n\n\n\n<h4 class=\"wp-block-heading\">Intervenci\u00f3n de planificaci\u00f3n de seguridad (Safety Planning Intervention):<\/h4>\n\n\n\n<p>Este <a href=\"https:\/\/suicidesafetyplan.com\/\">sitio web<\/a> proporciona recursos, materiales y tutoriales en video para aprender c\u00f3mo ser eficaz al desarrollar un plan de seguridad. Tambi\u00e9n se proporciona informaci\u00f3n adicional <a href=\"https:\/\/register.gotowebinar.com\/recording\/8198655088979283459\">en este seminario web<\/a> proporcionado por la Comisi\u00f3n Conjunta (&#8220;Seminario web de prevenci\u00f3n del suicidio: Implementaci\u00f3n de la intervenci\u00f3n de planificaci\u00f3n de seguridad en su organizaci\u00f3n&#8221;).<\/p>\n\n\n\n<h4 class=\"wp-block-heading\">Asesor\u00eda en Acceso a Medios Letales (Counseling on Access to Lethal Means):<\/h4>\n\n\n\n<p>Este <a href=\"https:\/\/zerosuicidetraining.edc.org\/enrol\/index.php?id=20\">curso en l\u00ednea gratuito<\/a> se enfoca en c\u00f3mo reducir el acceso a los m\u00e9todos que las personas usan para suicidarse. Si bien este curso est\u00e1 dise\u00f1ado principalmente para profesionales de la salud mental, otras personas que trabajan con personas en riesgo de suicidio, como proveedores de atenci\u00f3n m\u00e9dica y profesionales de servicios sociales, tambi\u00e9n pueden beneficiarse.<\/p>\n\n\n\n<h4 class=\"wp-block-heading\">Herramientas para la Reducci\u00f3n del Suicidio de la Comisi\u00f3n Conjunta (Joint Commission Suicide Reduction Tools):<\/h4>\n\n\n\n<p>Este <a href=\"https:\/\/www.jointcommission.org\/resources\/patient-safety-topics\/suicide-prevention\/\">sitio web<\/a> brinda una descripci\u00f3n general de los siete elementos esenciales de la atenci\u00f3n del suicidio para que los sistemas de atenci\u00f3n m\u00e9dica y de salud del comportamiento los adopten, que fueron identificados por el Grupo de Trabajo de Intervenci\u00f3n y Atenci\u00f3n Cl\u00ednica de Action Alliance.<\/p>\n\n\n\n<h4 class=\"wp-block-heading\">Modelo de suicidio cero (Zero Suicide Model)<\/h4>\n\n\n\n<p>Este <a href=\"https:\/\/zerosuicide.edc.org\/\">sitio web<\/a> brinda informaci\u00f3n sobre un modelo de atenci\u00f3n al suicidio que describe pr\u00e1cticas espec\u00edficas para que las usen los sistemas de salud y un movimiento que busca hacer que los entornos de atenci\u00f3n m\u00e9dica sean m\u00e1s seguros y m\u00e1s compasivos para las personas con pensamientos e impulsos suicidas.<\/p>\n\n\n\n<h4 class=\"wp-block-heading\">Comisi\u00f3n Nacional de Atenci\u00f3n de la Salud Correccional, Portal de Prevenci\u00f3n del Suicidio (National Commission on Correctional Health Care, Suicide Prevention Portal)<\/h4>\n\n\n\n<p>Este sitio web detalla los requisitos para un programa integral de intervenci\u00f3n y prevenci\u00f3n del suicidio en varios lugares: <a href=\"https:\/\/www.ncchc.org\/prison-jail\">C\u00e1rceles<\/a>, <a href=\"https:\/\/www.ncchc.org\/prison-jail\">Prisiones<\/a>, <a href=\"https:\/\/www.ncchc.org\/juvenile\">Instalaciones Juveniles<\/a>, <a href=\"https:\/\/www.ncchc.org\/mental-health-1\">Servicios de<\/a> <a href=\"https:\/\/www.ncchc.org\/mental-health-1\">Salud Mental<\/a> y <a href=\"https:\/\/www.ncchc.org\/otp-1\">Programas de Tratamiento de Opioides.<\/a><\/p>\n\n\n\n<h4 class=\"wp-block-heading\">Servicio de U.S. Marshall prevenci\u00f3n del suicidio y pr\u00e1cticas recomendadas (U.S. Marshall\u2019s Service, Suicide Prevention and Recommended Practices):<\/h4>\n\n\n\n<p>Este <a href=\"https:\/\/www.usmarshals.gov\/prisoner\/suicide_prevention.htm\">sitio web<\/a> proporciona recursos espec\u00edficos que son directamente relevantes para las iniciativas de prevenci\u00f3n del suicidio de la condici\u00f3n de confinamiento del Departamento de Justicia.<\/p>\n\n\n\n<h4 class=\"wp-block-heading\">Recursos Despu\u00e9s de un Suicidio (Postvention)<\/h4>\n\n\n\n<p>Un n\u00famero significativo de personas expuestas al suicidio tienen consecuencias de salud mental negativas y a largo plazo, incluido un mayor riesgo de suicidio. La intervenci\u00f3n posterior ofrece apoyo y ayuda de sanaci\u00f3n a los sobrevivientes de p\u00e9rdidas por suicidio que pueden reducir el riesgo. Los planes de intervenci\u00f3n posterior se pueden construir a nivel comunitario, de ciudad o de condado, y dentro de las escuelas y los lugares de trabajo. Para m\u00e1s informaci\u00f3n en ingl\u00e9s, ve los recursos a continuaci\u00f3n.&nbsp;&nbsp;<\/p>\n\n\n\n<p><a href=\"https:\/\/theactionalliance.org\/resource\/responding-grief-trauma-and-distress-after-suicide-us-national-guidelines\" target=\"_blank\" rel=\"noreferrer noopener\">Responding to Grief, Trauma, and Distress After a Suicide: U.S. National Guidelines<\/a>.<\/p>\n\n\n\n<p><a href=\"https:\/\/work.cibhs.org\/pod\/after-rural-suicide\" target=\"_blank\" rel=\"noreferrer noopener\">After Rural Suicide: A Guide for Coordinated Community Response<\/a><\/p>\n\n\n\n<p><a href=\"http:\/\/www.sprc.org\/sites\/default\/files\/resource-program\/AfteraSuicideToolkitforSchools.pdf\" target=\"_blank\" rel=\"noreferrer noopener\">After a Suicide: A Toolkit for Schools<\/a><\/p>\n\n\n\n<p><a href=\"https:\/\/www.sccgov.org\/sites\/bhd\/Services\/SP\/Documents\/2018\/scc-sp-organizing-a-community-response-to-suicide-06-2011.pdf\" target=\"_blank\" rel=\"noreferrer noopener\">Organizing a Community Response to Suicide: Factors and lessons learned<\/a>,<\/p>\n\n\n\n<p><a href=\"https:\/\/www.sprc.org\/resources-programs\/managers-guide-suicide-postvention-workplace-10-action-steps-dealing-aftermath\" target=\"_blank\" rel=\"noreferrer noopener\">A Manager&#8217;s Guide to Suicide Postvention in the Workplace<\/a><\/p>\n\n\n\n<p><a href=\"https:\/\/nssf.force.com\/CPBase__item?id=a131C000006EO2OQAW\" target=\"_blank\" rel=\"noreferrer noopener\">AFSP After a Suicide for Gun Ranges<\/a><\/p>\n<\/div>\n<\/div>\n<\/div>\n<\/div>\n","protected":false},"excerpt":{"rendered":"<p>Estrangulaci\u00f3n y Asfixia Puede ser un desaf\u00edo limitar el acceso a algunos tipos de medios que podr\u00edan facilitar el intentar suicidarse dentro del hogar. Si est\u00e1s preocupado(a) que alguien en tu hogar est\u00e9 en riesgo de suicidio, habla con ellos. Preg\u00fantales directamente si han pensado en c\u00f3mo podr\u00edan intentar suicidarse o qu\u00e9 m\u00e9todos podr\u00edan usar. [&hellip;]<\/p>\n","protected":false},"author":1,"featured_media":0,"parent":0,"menu_order":0,"comment_status":"closed","ping_status":"closed","template":"","meta":{"nf_dc_page":"","_monsterinsights_skip_tracking":false,"_monsterinsights_sitenote_active":false,"_monsterinsights_sitenote_note":"","_monsterinsights_sitenote_category":0,"footnotes":""},"class_list":["post-262","page","type-page","status-publish","hentry"],"yoast_head":"<!-- This site is optimized with the Yoast SEO plugin v27.4 - https:\/\/yoast.com\/product\/yoast-seo-wordpress\/ -->\n<title>Estrangulaci\u00f3n y Asfixia - Lista de Verificaci\u00f3n de Seguridad de Medios<\/title>\n<meta name=\"robots\" content=\"index, follow, max-snippet:-1, max-image-preview:large, max-video-preview:-1\" \/>\n<link rel=\"canonical\" href=\"https:\/\/strivingforsafety.org\/es\/estrangulacion-y-asfixia\/\" \/>\n<meta property=\"og:locale\" content=\"en_US\" \/>\n<meta property=\"og:type\" content=\"article\" \/>\n<meta property=\"og:title\" content=\"Estrangulaci\u00f3n y Asfixia - Lista de Verificaci\u00f3n de Seguridad de Medios\" \/>\n<meta property=\"og:description\" content=\"Estrangulaci\u00f3n y Asfixia Puede ser un desaf\u00edo limitar el acceso a algunos tipos de medios que podr\u00edan facilitar el intentar suicidarse dentro del hogar. Si est\u00e1s preocupado(a) que alguien en tu hogar est\u00e9 en riesgo de suicidio, habla con ellos. Preg\u00fantales directamente si han pensado en c\u00f3mo podr\u00edan intentar suicidarse o qu\u00e9 m\u00e9todos podr\u00edan usar. [&hellip;]\" \/>\n<meta property=\"og:url\" content=\"https:\/\/strivingforsafety.org\/es\/estrangulacion-y-asfixia\/\" \/>\n<meta property=\"og:site_name\" content=\"Lista de Verificaci\u00f3n de Seguridad de Medios\" \/>\n<meta property=\"article:modified_time\" content=\"2023-01-05T00:35:33+00:00\" \/>\n<meta property=\"og:image\" content=\"https:\/\/strivingforsafety.org\/wp-content\/uploads\/2022\/05\/preventing-firearm-suicide-617x1024.jpg\" \/>\n<meta name=\"twitter:card\" content=\"summary_large_image\" \/>\n<meta name=\"twitter:label1\" content=\"Est. reading time\" \/>\n\t<meta name=\"twitter:data1\" content=\"3 minutes\" \/>\n<script type=\"application\/ld+json\" class=\"yoast-schema-graph\">{\"@context\":\"https:\\\/\\\/schema.org\",\"@graph\":[{\"@type\":\"WebPage\",\"@id\":\"https:\\\/\\\/strivingforsafety.org\\\/es\\\/estrangulacion-y-asfixia\\\/\",\"url\":\"https:\\\/\\\/strivingforsafety.org\\\/es\\\/estrangulacion-y-asfixia\\\/\",\"name\":\"Estrangulaci\u00f3n y Asfixia - Lista de Verificaci\u00f3n de Seguridad de Medios\",\"isPartOf\":{\"@id\":\"https:\\\/\\\/strivingforsafety.org\\\/es\\\/#website\"},\"primaryImageOfPage\":{\"@id\":\"https:\\\/\\\/strivingforsafety.org\\\/es\\\/estrangulacion-y-asfixia\\\/#primaryimage\"},\"image\":{\"@id\":\"https:\\\/\\\/strivingforsafety.org\\\/es\\\/estrangulacion-y-asfixia\\\/#primaryimage\"},\"thumbnailUrl\":\"https:\\\/\\\/strivingforsafety.org\\\/wp-content\\\/uploads\\\/2022\\\/05\\\/preventing-firearm-suicide-617x1024.jpg\",\"datePublished\":\"2022-05-27T03:12:33+00:00\",\"dateModified\":\"2023-01-05T00:35:33+00:00\",\"breadcrumb\":{\"@id\":\"https:\\\/\\\/strivingforsafety.org\\\/es\\\/estrangulacion-y-asfixia\\\/#breadcrumb\"},\"inLanguage\":\"en-US\",\"potentialAction\":[{\"@type\":\"ReadAction\",\"target\":[\"https:\\\/\\\/strivingforsafety.org\\\/es\\\/estrangulacion-y-asfixia\\\/\"]}]},{\"@type\":\"ImageObject\",\"inLanguage\":\"en-US\",\"@id\":\"https:\\\/\\\/strivingforsafety.org\\\/es\\\/estrangulacion-y-asfixia\\\/#primaryimage\",\"url\":\"https:\\\/\\\/strivingforsafety.org\\\/wp-content\\\/uploads\\\/2022\\\/05\\\/preventing-firearm-suicide-617x1024.jpg\",\"contentUrl\":\"https:\\\/\\\/strivingforsafety.org\\\/wp-content\\\/uploads\\\/2022\\\/05\\\/preventing-firearm-suicide-617x1024.jpg\"},{\"@type\":\"BreadcrumbList\",\"@id\":\"https:\\\/\\\/strivingforsafety.org\\\/es\\\/estrangulacion-y-asfixia\\\/#breadcrumb\",\"itemListElement\":[{\"@type\":\"ListItem\",\"position\":1,\"name\":\"Home\",\"item\":\"https:\\\/\\\/strivingforsafety.org\\\/es\\\/\"},{\"@type\":\"ListItem\",\"position\":2,\"name\":\"Estrangulaci\u00f3n y Asfixia\"}]},{\"@type\":\"WebSite\",\"@id\":\"https:\\\/\\\/strivingforsafety.org\\\/es\\\/#website\",\"url\":\"https:\\\/\\\/strivingforsafety.org\\\/es\\\/\",\"name\":\"Lista de Verificaci\u00f3n de Seguridad de Medios\",\"description\":\"Estrategias para mantener a un ser querido a salvo del suicidio\",\"potentialAction\":[{\"@type\":\"SearchAction\",\"target\":{\"@type\":\"EntryPoint\",\"urlTemplate\":\"https:\\\/\\\/strivingforsafety.org\\\/es\\\/?s={search_term_string}\"},\"query-input\":{\"@type\":\"PropertyValueSpecification\",\"valueRequired\":true,\"valueName\":\"search_term_string\"}}],\"inLanguage\":\"en-US\"}]}<\/script>\n<!-- \/ Yoast SEO plugin. -->","yoast_head_json":{"title":"Estrangulaci\u00f3n y Asfixia - Lista de Verificaci\u00f3n de Seguridad de Medios","robots":{"index":"index","follow":"follow","max-snippet":"max-snippet:-1","max-image-preview":"max-image-preview:large","max-video-preview":"max-video-preview:-1"},"canonical":"https:\/\/strivingforsafety.org\/es\/estrangulacion-y-asfixia\/","og_locale":"en_US","og_type":"article","og_title":"Estrangulaci\u00f3n y Asfixia - Lista de Verificaci\u00f3n de Seguridad de Medios","og_description":"Estrangulaci\u00f3n y Asfixia Puede ser un desaf\u00edo limitar el acceso a algunos tipos de medios que podr\u00edan facilitar el intentar suicidarse dentro del hogar. Si est\u00e1s preocupado(a) que alguien en tu hogar est\u00e9 en riesgo de suicidio, habla con ellos. Preg\u00fantales directamente si han pensado en c\u00f3mo podr\u00edan intentar suicidarse o qu\u00e9 m\u00e9todos podr\u00edan usar. [&hellip;]","og_url":"https:\/\/strivingforsafety.org\/es\/estrangulacion-y-asfixia\/","og_site_name":"Lista de Verificaci\u00f3n de Seguridad de Medios","article_modified_time":"2023-01-05T00:35:33+00:00","og_image":[{"url":"https:\/\/strivingforsafety.org\/wp-content\/uploads\/2022\/05\/preventing-firearm-suicide-617x1024.jpg","type":"","width":"","height":""}],"twitter_card":"summary_large_image","twitter_misc":{"Est. reading time":"3 minutes"},"schema":{"@context":"https:\/\/schema.org","@graph":[{"@type":"WebPage","@id":"https:\/\/strivingforsafety.org\/es\/estrangulacion-y-asfixia\/","url":"https:\/\/strivingforsafety.org\/es\/estrangulacion-y-asfixia\/","name":"Estrangulaci\u00f3n y Asfixia - Lista de Verificaci\u00f3n de Seguridad de Medios","isPartOf":{"@id":"https:\/\/strivingforsafety.org\/es\/#website"},"primaryImageOfPage":{"@id":"https:\/\/strivingforsafety.org\/es\/estrangulacion-y-asfixia\/#primaryimage"},"image":{"@id":"https:\/\/strivingforsafety.org\/es\/estrangulacion-y-asfixia\/#primaryimage"},"thumbnailUrl":"https:\/\/strivingforsafety.org\/wp-content\/uploads\/2022\/05\/preventing-firearm-suicide-617x1024.jpg","datePublished":"2022-05-27T03:12:33+00:00","dateModified":"2023-01-05T00:35:33+00:00","breadcrumb":{"@id":"https:\/\/strivingforsafety.org\/es\/estrangulacion-y-asfixia\/#breadcrumb"},"inLanguage":"en-US","potentialAction":[{"@type":"ReadAction","target":["https:\/\/strivingforsafety.org\/es\/estrangulacion-y-asfixia\/"]}]},{"@type":"ImageObject","inLanguage":"en-US","@id":"https:\/\/strivingforsafety.org\/es\/estrangulacion-y-asfixia\/#primaryimage","url":"https:\/\/strivingforsafety.org\/wp-content\/uploads\/2022\/05\/preventing-firearm-suicide-617x1024.jpg","contentUrl":"https:\/\/strivingforsafety.org\/wp-content\/uploads\/2022\/05\/preventing-firearm-suicide-617x1024.jpg"},{"@type":"BreadcrumbList","@id":"https:\/\/strivingforsafety.org\/es\/estrangulacion-y-asfixia\/#breadcrumb","itemListElement":[{"@type":"ListItem","position":1,"name":"Home","item":"https:\/\/strivingforsafety.org\/es\/"},{"@type":"ListItem","position":2,"name":"Estrangulaci\u00f3n y Asfixia"}]},{"@type":"WebSite","@id":"https:\/\/strivingforsafety.org\/es\/#website","url":"https:\/\/strivingforsafety.org\/es\/","name":"Lista de Verificaci\u00f3n de Seguridad de Medios","description":"Estrategias para mantener a un ser querido a salvo del suicidio","potentialAction":[{"@type":"SearchAction","target":{"@type":"EntryPoint","urlTemplate":"https:\/\/strivingforsafety.org\/es\/?s={search_term_string}"},"query-input":{"@type":"PropertyValueSpecification","valueRequired":true,"valueName":"search_term_string"}}],"inLanguage":"en-US"}]}},"_links":{"self":[{"href":"https:\/\/strivingforsafety.org\/es\/wp-json\/wp\/v2\/pages\/262","targetHints":{"allow":["GET"]}}],"collection":[{"href":"https:\/\/strivingforsafety.org\/es\/wp-json\/wp\/v2\/pages"}],"about":[{"href":"https:\/\/strivingforsafety.org\/es\/wp-json\/wp\/v2\/types\/page"}],"author":[{"embeddable":true,"href":"https:\/\/strivingforsafety.org\/es\/wp-json\/wp\/v2\/users\/1"}],"replies":[{"embeddable":true,"href":"https:\/\/strivingforsafety.org\/es\/wp-json\/wp\/v2\/comments?post=262"}],"version-history":[{"count":5,"href":"https:\/\/strivingforsafety.org\/es\/wp-json\/wp\/v2\/pages\/262\/revisions"}],"predecessor-version":[{"id":1870,"href":"https:\/\/strivingforsafety.org\/es\/wp-json\/wp\/v2\/pages\/262\/revisions\/1870"}],"wp:attachment":[{"href":"https:\/\/strivingforsafety.org\/es\/wp-json\/wp\/v2\/media?parent=262"}],"curies":[{"name":"wp","href":"https:\/\/api.w.org\/{rel}","templated":true}]}}