{"id":260,"date":"2022-05-27T03:12:17","date_gmt":"2022-05-27T03:12:17","guid":{"rendered":"https:\/\/strivingforsafety.org\/?page_id=260"},"modified":"2022-10-30T23:10:11","modified_gmt":"2022-10-30T23:10:11","slug":"sobredosis-y-envenenamiento","status":"publish","type":"page","link":"https:\/\/strivingforsafety.org\/es\/sobredosis-y-envenenamiento\/","title":{"rendered":"Sobredosis y Envenenamiento"},"content":{"rendered":"\n<div class=\"wp-block-columns is-layout-flex wp-container-core-columns-is-layout-9d6595d7 wp-block-columns-is-layout-flex\">\n<div class=\"wp-block-column is-layout-flow wp-block-column-is-layout-flow\" style=\"flex-basis:120px\"><nav class=\"is-responsive side-nav-menu wp-block-navigation is-layout-flex wp-block-navigation-is-layout-flex\" aria-label=\"Side Menu\" \n\t\t data-wp-interactive=\"core\/navigation\" data-wp-context='{\"overlayOpenedBy\":{\"click\":false,\"hover\":false,\"focus\":false},\"type\":\"overlay\",\"roleAttribute\":\"\",\"ariaLabel\":\"Menu\"}'><button aria-haspopup=\"dialog\" aria-label=\"Open menu\" class=\"wp-block-navigation__responsive-container-open\" \n\t\t\t\tdata-wp-on--click=\"actions.openMenuOnClick\"\n\t\t\t\tdata-wp-on--keydown=\"actions.handleMenuKeydown\"\n\t\t\t><svg width=\"24\" height=\"24\" xmlns=\"http:\/\/www.w3.org\/2000\/svg\" viewBox=\"0 0 24 24\" aria-hidden=\"true\" focusable=\"false\"><path d=\"M4 7.5h16v1.5H4z\"><\/path><path d=\"M4 15h16v1.5H4z\"><\/path><\/svg><\/button>\n\t\t\t\t<div class=\"wp-block-navigation__responsive-container\"  id=\"modal-1\" \n\t\t\t\tdata-wp-class--has-modal-open=\"state.isMenuOpen\"\n\t\t\t\tdata-wp-class--is-menu-open=\"state.isMenuOpen\"\n\t\t\t\tdata-wp-watch=\"callbacks.initMenu\"\n\t\t\t\tdata-wp-on--keydown=\"actions.handleMenuKeydown\"\n\t\t\t\tdata-wp-on--focusout=\"actions.handleMenuFocusout\"\n\t\t\t\ttabindex=\"-1\"\n\t\t\t>\n\t\t\t\t\t<div class=\"wp-block-navigation__responsive-close\" tabindex=\"-1\">\n\t\t\t\t\t\t<div class=\"wp-block-navigation__responsive-dialog\" \n\t\t\t\tdata-wp-bind--aria-modal=\"state.ariaModal\"\n\t\t\t\tdata-wp-bind--aria-label=\"state.ariaLabel\"\n\t\t\t\tdata-wp-bind--role=\"state.roleAttribute\"\n\t\t\t>\n\t\t\t\t\t\t\t<button aria-label=\"Close menu\" class=\"wp-block-navigation__responsive-container-close\" \n\t\t\t\tdata-wp-on--click=\"actions.closeMenuOnClick\"\n\t\t\t><svg xmlns=\"http:\/\/www.w3.org\/2000\/svg\" viewBox=\"0 0 24 24\" width=\"24\" height=\"24\" aria-hidden=\"true\" focusable=\"false\"><path d=\"m13.06 12 6.47-6.47-1.06-1.06L12 10.94 5.53 4.47 4.47 5.53 10.94 12l-6.47 6.47 1.06 1.06L12 13.06l6.47 6.47 1.06-1.06L13.06 12Z\"><\/path><\/svg><\/button>\n\t\t\t\t\t\t\t<div class=\"wp-block-navigation__responsive-container-content\" \n\t\t\t\tdata-wp-watch=\"callbacks.focusFirstElement\"\n\t\t\t id=\"modal-1-content\">\n\t\t\t\t\t\t\t\t<ul class=\"wp-block-navigation__container is-responsive side-nav-menu wp-block-navigation\"><li class=\" wp-block-navigation-item wp-block-navigation-link\"><a class=\"wp-block-navigation-item__content\"  href=\"https:\/\/strivingforsafety.org\/es\/seguridad-de-medios\/\"><span class=\"wp-block-navigation-item__label\">Medidas de Seguridad<\/span><\/a><\/li><li class=\" wp-block-navigation-item wp-block-navigation-link\"><a class=\"wp-block-navigation-item__content\"  href=\"https:\/\/strivingforsafety.org\/es\/armas-de-fuego\/\"><span class=\"wp-block-navigation-item__label\">Armas de Fuego<\/span><\/a><\/li><li class=\" wp-block-navigation-item wp-block-navigation-link\"><a class=\"wp-block-navigation-item__content\"  href=\"https:\/\/strivingforsafety.org\/es\/sobredosis-y-envenenamiento\/\"><span class=\"wp-block-navigation-item__label\">Sobredosis y Envenenamiento<\/span><\/a><\/li><li class=\" wp-block-navigation-item wp-block-navigation-link\"><a class=\"wp-block-navigation-item__content\"  href=\"https:\/\/strivingforsafety.org\/es\/estrangulacion-y-asfixia\/\"><span class=\"wp-block-navigation-item__label\">Estrangulaci\u00f3n y Asfixia<\/span><\/a><\/li><li class=\" wp-block-navigation-item wp-block-navigation-link\"><a class=\"wp-block-navigation-item__content\"  href=\"https:\/\/strivingforsafety.org\/es\/senales-y-letreros\/\"><span class=\"wp-block-navigation-item__label\">Se\u00f1ales y Letreros<\/span><\/a><\/li><\/ul>\n\t\t\t\t\t\t\t<\/div>\n\t\t\t\t\t\t<\/div>\n\t\t\t\t\t<\/div>\n\t\t\t\t<\/div><\/nav><\/div>\n\n\n\n<div class=\"wp-block-column is-layout-flow wp-block-column-is-layout-flow\">\n<h1 class=\"wp-block-heading\">Sobredosis y Envenenamiento<\/h1>\n\n\n\n<p>A medida que nos esforzamos por mantenernos a nosotros mismo y a un ser querido a salvo del suicidio, hay una serie de cosas que podemos hacer, incluyendo el almacenamiento adecuado de los medicamentos, deshacernos y tirar los medicamentos no utilizados e inform\u00e1ndonos sobre los s\u00edntomas de sobredosis de drogas y c\u00f3mo responder y actuar si ocurre esto.<\/p>\n\n\n\n<div class=\"wp-block-columns is-layout-flex wp-container-core-columns-is-layout-9d6595d7 wp-block-columns-is-layout-flex\">\n<div class=\"wp-block-column orange-page-blocks is-layout-flow wp-block-column-is-layout-flow\" style=\"flex-basis:250px\">\n<h2 class=\"has-white-color has-text-color has-background wp-block-heading\" style=\"background-color:#de7c00\"><a href=\"https:\/\/strivingforsafety.org\/es\/sobredosis-y-envenenamiento\/en-el-hogar\/\">En el Hogar ><\/a><\/h2>\n<\/div>\n\n\n\n<div class=\"wp-block-column orange-page-blocks is-layout-flow wp-block-column-is-layout-flow\" style=\"flex-basis:250px\">\n<h2 class=\"has-white-color has-text-color has-background wp-block-heading\" style=\"background-color:#de7c00\"><a href=\"https:\/\/strivingforsafety.org\/es\/sobredosis-y-envenenamiento\/para-farmaceuticos\/\">Para Farmac\u00e9uticos &gt;<\/a><\/h2>\n<\/div>\n<\/div>\n<\/div>\n\n\n\n<div class=\"wp-block-column column-blue-bk is-layout-flow wp-block-column-is-layout-flow\" style=\"flex-basis:300px\">\n<div class=\"img-shade img-shade-red\"><\/div>\n\n\n\n<figure class=\"wp-block-image size-large sidebar-img\"><img loading=\"lazy\" decoding=\"async\" width=\"515\" height=\"1024\" src=\"https:\/\/strivingforsafety.org\/wp-content\/uploads\/2022\/06\/poisoning-side-515x1024.jpg\" alt=\"\" class=\"wp-image-600\" srcset=\"https:\/\/strivingforsafety.org\/es\/wp-content\/uploads\/2022\/06\/poisoning-side-515x1024.jpg 515w, https:\/\/strivingforsafety.org\/es\/wp-content\/uploads\/2022\/06\/poisoning-side-151x300.jpg 151w, https:\/\/strivingforsafety.org\/es\/wp-content\/uploads\/2022\/06\/poisoning-side-768x1527.jpg 768w, https:\/\/strivingforsafety.org\/es\/wp-content\/uploads\/2022\/06\/poisoning-side-773x1536.jpg 773w, https:\/\/strivingforsafety.org\/es\/wp-content\/uploads\/2022\/06\/poisoning-side-1030x2048.jpg 1030w, https:\/\/strivingforsafety.org\/es\/wp-content\/uploads\/2022\/06\/poisoning-side-scaled.jpg 1288w\" sizes=\"auto, (max-width: 515px) 100vw, 515px\" \/><\/figure>\n\n\n\n<h3 class=\"wp-block-heading\">Additional Resources<\/h3>\n\n\n\n<p>The following websites provide more information on overdose and poisoning prevention:<\/p>\n\n\n\n<ul class=\"example-link-list wp-block-list\"><li><a href=\"https:\/\/www.poison.org\/\">National Poison Control Center<\/a><\/li><li><a href=\"https:\/\/aapcc.org\/prevention\">American Association of Poison Control Centers &#8211; Prevention<\/a><\/li><li><a href=\"https:\/\/www.samhsa.gov\/\">Substance Abuse and Mental Health Services Administration<\/a><\/li><li><a href=\"https:\/\/www.fda.gov\/drugs\/understanding-over-counter-medicines\/medicines-my-home-mimh\">U.S Food and Drug Administration &#8211; Medicines in my home<\/a><\/li><\/ul>\n<\/div>\n<\/div>\n","protected":false},"excerpt":{"rendered":"<p>Sobredosis y Envenenamiento A medida que nos esforzamos por mantenernos a nosotros mismo y a un ser querido a salvo del suicidio, hay una serie de cosas que podemos hacer, incluyendo el almacenamiento adecuado de los medicamentos, deshacernos y tirar los medicamentos no utilizados e inform\u00e1ndonos sobre los s\u00edntomas de sobredosis de drogas y c\u00f3mo [&hellip;]<\/p>\n","protected":false},"author":1,"featured_media":0,"parent":0,"menu_order":0,"comment_status":"closed","ping_status":"closed","template":"","meta":{"nf_dc_page":"","_monsterinsights_skip_tracking":false,"_monsterinsights_sitenote_active":false,"_monsterinsights_sitenote_note":"","_monsterinsights_sitenote_category":0,"footnotes":""},"class_list":["post-260","page","type-page","status-publish","hentry"],"yoast_head":"<!-- This site is optimized with the Yoast SEO plugin v27.4 - https:\/\/yoast.com\/product\/yoast-seo-wordpress\/ -->\n<title>Sobredosis y Envenenamiento - Lista de Verificaci\u00f3n de Seguridad de Medios<\/title>\n<meta name=\"robots\" content=\"index, follow, max-snippet:-1, max-image-preview:large, max-video-preview:-1\" \/>\n<link rel=\"canonical\" href=\"https:\/\/strivingforsafety.org\/es\/sobredosis-y-envenenamiento\/\" \/>\n<meta property=\"og:locale\" content=\"en_US\" \/>\n<meta property=\"og:type\" content=\"article\" \/>\n<meta property=\"og:title\" content=\"Sobredosis y Envenenamiento - Lista de Verificaci\u00f3n de Seguridad de Medios\" \/>\n<meta property=\"og:description\" content=\"Sobredosis y Envenenamiento A medida que nos esforzamos por mantenernos a nosotros mismo y a un ser querido a salvo del suicidio, hay una serie de cosas que podemos hacer, incluyendo el almacenamiento adecuado de los medicamentos, deshacernos y tirar los medicamentos no utilizados e inform\u00e1ndonos sobre los s\u00edntomas de sobredosis de drogas y c\u00f3mo [&hellip;]\" \/>\n<meta property=\"og:url\" content=\"https:\/\/strivingforsafety.org\/es\/sobredosis-y-envenenamiento\/\" \/>\n<meta property=\"og:site_name\" content=\"Lista de Verificaci\u00f3n de Seguridad de Medios\" \/>\n<meta property=\"article:modified_time\" content=\"2022-10-30T23:10:11+00:00\" \/>\n<meta property=\"og:image\" content=\"https:\/\/strivingforsafety.org\/wp-content\/uploads\/2022\/06\/poisoning-side-515x1024.jpg\" \/>\n<meta name=\"twitter:card\" content=\"summary_large_image\" \/>\n<meta name=\"twitter:label1\" content=\"Est. reading time\" \/>\n\t<meta name=\"twitter:data1\" content=\"1 minute\" \/>\n<script type=\"application\/ld+json\" class=\"yoast-schema-graph\">{\"@context\":\"https:\\\/\\\/schema.org\",\"@graph\":[{\"@type\":\"WebPage\",\"@id\":\"https:\\\/\\\/strivingforsafety.org\\\/es\\\/sobredosis-y-envenenamiento\\\/\",\"url\":\"https:\\\/\\\/strivingforsafety.org\\\/es\\\/sobredosis-y-envenenamiento\\\/\",\"name\":\"Sobredosis y Envenenamiento - Lista de Verificaci\u00f3n de Seguridad de Medios\",\"isPartOf\":{\"@id\":\"https:\\\/\\\/strivingforsafety.org\\\/es\\\/#website\"},\"primaryImageOfPage\":{\"@id\":\"https:\\\/\\\/strivingforsafety.org\\\/es\\\/sobredosis-y-envenenamiento\\\/#primaryimage\"},\"image\":{\"@id\":\"https:\\\/\\\/strivingforsafety.org\\\/es\\\/sobredosis-y-envenenamiento\\\/#primaryimage\"},\"thumbnailUrl\":\"https:\\\/\\\/strivingforsafety.org\\\/wp-content\\\/uploads\\\/2022\\\/06\\\/poisoning-side-515x1024.jpg\",\"datePublished\":\"2022-05-27T03:12:17+00:00\",\"dateModified\":\"2022-10-30T23:10:11+00:00\",\"breadcrumb\":{\"@id\":\"https:\\\/\\\/strivingforsafety.org\\\/es\\\/sobredosis-y-envenenamiento\\\/#breadcrumb\"},\"inLanguage\":\"en-US\",\"potentialAction\":[{\"@type\":\"ReadAction\",\"target\":[\"https:\\\/\\\/strivingforsafety.org\\\/es\\\/sobredosis-y-envenenamiento\\\/\"]}]},{\"@type\":\"ImageObject\",\"inLanguage\":\"en-US\",\"@id\":\"https:\\\/\\\/strivingforsafety.org\\\/es\\\/sobredosis-y-envenenamiento\\\/#primaryimage\",\"url\":\"https:\\\/\\\/strivingforsafety.org\\\/wp-content\\\/uploads\\\/2022\\\/06\\\/poisoning-side-515x1024.jpg\",\"contentUrl\":\"https:\\\/\\\/strivingforsafety.org\\\/wp-content\\\/uploads\\\/2022\\\/06\\\/poisoning-side-515x1024.jpg\"},{\"@type\":\"BreadcrumbList\",\"@id\":\"https:\\\/\\\/strivingforsafety.org\\\/es\\\/sobredosis-y-envenenamiento\\\/#breadcrumb\",\"itemListElement\":[{\"@type\":\"ListItem\",\"position\":1,\"name\":\"Home\",\"item\":\"https:\\\/\\\/strivingforsafety.org\\\/es\\\/\"},{\"@type\":\"ListItem\",\"position\":2,\"name\":\"Sobredosis y Envenenamiento\"}]},{\"@type\":\"WebSite\",\"@id\":\"https:\\\/\\\/strivingforsafety.org\\\/es\\\/#website\",\"url\":\"https:\\\/\\\/strivingforsafety.org\\\/es\\\/\",\"name\":\"Lista de Verificaci\u00f3n de Seguridad de Medios\",\"description\":\"Estrategias para mantener a un ser querido a salvo del suicidio\",\"potentialAction\":[{\"@type\":\"SearchAction\",\"target\":{\"@type\":\"EntryPoint\",\"urlTemplate\":\"https:\\\/\\\/strivingforsafety.org\\\/es\\\/?s={search_term_string}\"},\"query-input\":{\"@type\":\"PropertyValueSpecification\",\"valueRequired\":true,\"valueName\":\"search_term_string\"}}],\"inLanguage\":\"en-US\"}]}<\/script>\n<!-- \/ Yoast SEO plugin. -->","yoast_head_json":{"title":"Sobredosis y Envenenamiento - Lista de Verificaci\u00f3n de Seguridad de Medios","robots":{"index":"index","follow":"follow","max-snippet":"max-snippet:-1","max-image-preview":"max-image-preview:large","max-video-preview":"max-video-preview:-1"},"canonical":"https:\/\/strivingforsafety.org\/es\/sobredosis-y-envenenamiento\/","og_locale":"en_US","og_type":"article","og_title":"Sobredosis y Envenenamiento - Lista de Verificaci\u00f3n de Seguridad de Medios","og_description":"Sobredosis y Envenenamiento A medida que nos esforzamos por mantenernos a nosotros mismo y a un ser querido a salvo del suicidio, hay una serie de cosas que podemos hacer, incluyendo el almacenamiento adecuado de los medicamentos, deshacernos y tirar los medicamentos no utilizados e inform\u00e1ndonos sobre los s\u00edntomas de sobredosis de drogas y c\u00f3mo [&hellip;]","og_url":"https:\/\/strivingforsafety.org\/es\/sobredosis-y-envenenamiento\/","og_site_name":"Lista de Verificaci\u00f3n de Seguridad de Medios","article_modified_time":"2022-10-30T23:10:11+00:00","og_image":[{"url":"https:\/\/strivingforsafety.org\/wp-content\/uploads\/2022\/06\/poisoning-side-515x1024.jpg","type":"","width":"","height":""}],"twitter_card":"summary_large_image","twitter_misc":{"Est. reading time":"1 minute"},"schema":{"@context":"https:\/\/schema.org","@graph":[{"@type":"WebPage","@id":"https:\/\/strivingforsafety.org\/es\/sobredosis-y-envenenamiento\/","url":"https:\/\/strivingforsafety.org\/es\/sobredosis-y-envenenamiento\/","name":"Sobredosis y Envenenamiento - Lista de Verificaci\u00f3n de Seguridad de Medios","isPartOf":{"@id":"https:\/\/strivingforsafety.org\/es\/#website"},"primaryImageOfPage":{"@id":"https:\/\/strivingforsafety.org\/es\/sobredosis-y-envenenamiento\/#primaryimage"},"image":{"@id":"https:\/\/strivingforsafety.org\/es\/sobredosis-y-envenenamiento\/#primaryimage"},"thumbnailUrl":"https:\/\/strivingforsafety.org\/wp-content\/uploads\/2022\/06\/poisoning-side-515x1024.jpg","datePublished":"2022-05-27T03:12:17+00:00","dateModified":"2022-10-30T23:10:11+00:00","breadcrumb":{"@id":"https:\/\/strivingforsafety.org\/es\/sobredosis-y-envenenamiento\/#breadcrumb"},"inLanguage":"en-US","potentialAction":[{"@type":"ReadAction","target":["https:\/\/strivingforsafety.org\/es\/sobredosis-y-envenenamiento\/"]}]},{"@type":"ImageObject","inLanguage":"en-US","@id":"https:\/\/strivingforsafety.org\/es\/sobredosis-y-envenenamiento\/#primaryimage","url":"https:\/\/strivingforsafety.org\/wp-content\/uploads\/2022\/06\/poisoning-side-515x1024.jpg","contentUrl":"https:\/\/strivingforsafety.org\/wp-content\/uploads\/2022\/06\/poisoning-side-515x1024.jpg"},{"@type":"BreadcrumbList","@id":"https:\/\/strivingforsafety.org\/es\/sobredosis-y-envenenamiento\/#breadcrumb","itemListElement":[{"@type":"ListItem","position":1,"name":"Home","item":"https:\/\/strivingforsafety.org\/es\/"},{"@type":"ListItem","position":2,"name":"Sobredosis y Envenenamiento"}]},{"@type":"WebSite","@id":"https:\/\/strivingforsafety.org\/es\/#website","url":"https:\/\/strivingforsafety.org\/es\/","name":"Lista de Verificaci\u00f3n de Seguridad de Medios","description":"Estrategias para mantener a un ser querido a salvo del suicidio","potentialAction":[{"@type":"SearchAction","target":{"@type":"EntryPoint","urlTemplate":"https:\/\/strivingforsafety.org\/es\/?s={search_term_string}"},"query-input":{"@type":"PropertyValueSpecification","valueRequired":true,"valueName":"search_term_string"}}],"inLanguage":"en-US"}]}},"_links":{"self":[{"href":"https:\/\/strivingforsafety.org\/es\/wp-json\/wp\/v2\/pages\/260","targetHints":{"allow":["GET"]}}],"collection":[{"href":"https:\/\/strivingforsafety.org\/es\/wp-json\/wp\/v2\/pages"}],"about":[{"href":"https:\/\/strivingforsafety.org\/es\/wp-json\/wp\/v2\/types\/page"}],"author":[{"embeddable":true,"href":"https:\/\/strivingforsafety.org\/es\/wp-json\/wp\/v2\/users\/1"}],"replies":[{"embeddable":true,"href":"https:\/\/strivingforsafety.org\/es\/wp-json\/wp\/v2\/comments?post=260"}],"version-history":[{"count":5,"href":"https:\/\/strivingforsafety.org\/es\/wp-json\/wp\/v2\/pages\/260\/revisions"}],"predecessor-version":[{"id":1673,"href":"https:\/\/strivingforsafety.org\/es\/wp-json\/wp\/v2\/pages\/260\/revisions\/1673"}],"wp:attachment":[{"href":"https:\/\/strivingforsafety.org\/es\/wp-json\/wp\/v2\/media?parent=260"}],"curies":[{"name":"wp","href":"https:\/\/api.w.org\/{rel}","templated":true}]}}