{"id":258,"date":"2022-05-27T03:11:44","date_gmt":"2022-05-27T03:11:44","guid":{"rendered":"https:\/\/strivingforsafety.org\/?page_id=258"},"modified":"2022-07-17T01:07:49","modified_gmt":"2022-07-17T01:07:49","slug":"armas-de-fuego","status":"publish","type":"page","link":"https:\/\/strivingforsafety.org\/es\/armas-de-fuego\/","title":{"rendered":"Armas de Fuego"},"content":{"rendered":"\n<div class=\"wp-block-columns is-layout-flex wp-container-core-columns-is-layout-9d6595d7 wp-block-columns-is-layout-flex\">\n<div class=\"wp-block-column is-layout-flow wp-block-column-is-layout-flow\" style=\"flex-basis:120px\"><nav class=\"is-responsive side-nav-menu firearm-menu wp-block-navigation is-layout-flex wp-block-navigation-is-layout-flex\" aria-label=\"Side Menu\" \n\t\t data-wp-interactive=\"core\/navigation\" data-wp-context='{\"overlayOpenedBy\":{\"click\":false,\"hover\":false,\"focus\":false},\"type\":\"overlay\",\"roleAttribute\":\"\",\"ariaLabel\":\"Menu\"}'><button aria-haspopup=\"dialog\" aria-label=\"Open menu\" class=\"wp-block-navigation__responsive-container-open\" \n\t\t\t\tdata-wp-on--click=\"actions.openMenuOnClick\"\n\t\t\t\tdata-wp-on--keydown=\"actions.handleMenuKeydown\"\n\t\t\t><svg width=\"24\" height=\"24\" xmlns=\"http:\/\/www.w3.org\/2000\/svg\" viewBox=\"0 0 24 24\" aria-hidden=\"true\" focusable=\"false\"><path d=\"M4 7.5h16v1.5H4z\"><\/path><path d=\"M4 15h16v1.5H4z\"><\/path><\/svg><\/button>\n\t\t\t\t<div class=\"wp-block-navigation__responsive-container\"  id=\"modal-1\" \n\t\t\t\tdata-wp-class--has-modal-open=\"state.isMenuOpen\"\n\t\t\t\tdata-wp-class--is-menu-open=\"state.isMenuOpen\"\n\t\t\t\tdata-wp-watch=\"callbacks.initMenu\"\n\t\t\t\tdata-wp-on--keydown=\"actions.handleMenuKeydown\"\n\t\t\t\tdata-wp-on--focusout=\"actions.handleMenuFocusout\"\n\t\t\t\ttabindex=\"-1\"\n\t\t\t>\n\t\t\t\t\t<div class=\"wp-block-navigation__responsive-close\" tabindex=\"-1\">\n\t\t\t\t\t\t<div class=\"wp-block-navigation__responsive-dialog\" \n\t\t\t\tdata-wp-bind--aria-modal=\"state.ariaModal\"\n\t\t\t\tdata-wp-bind--aria-label=\"state.ariaLabel\"\n\t\t\t\tdata-wp-bind--role=\"state.roleAttribute\"\n\t\t\t>\n\t\t\t\t\t\t\t<button aria-label=\"Close menu\" class=\"wp-block-navigation__responsive-container-close\" \n\t\t\t\tdata-wp-on--click=\"actions.closeMenuOnClick\"\n\t\t\t><svg xmlns=\"http:\/\/www.w3.org\/2000\/svg\" viewBox=\"0 0 24 24\" width=\"24\" height=\"24\" aria-hidden=\"true\" focusable=\"false\"><path d=\"m13.06 12 6.47-6.47-1.06-1.06L12 10.94 5.53 4.47 4.47 5.53 10.94 12l-6.47 6.47 1.06 1.06L12 13.06l6.47 6.47 1.06-1.06L13.06 12Z\"><\/path><\/svg><\/button>\n\t\t\t\t\t\t\t<div class=\"wp-block-navigation__responsive-container-content\" \n\t\t\t\tdata-wp-watch=\"callbacks.focusFirstElement\"\n\t\t\t id=\"modal-1-content\">\n\t\t\t\t\t\t\t\t<ul class=\"wp-block-navigation__container is-responsive side-nav-menu firearm-menu wp-block-navigation\"><li class=\" wp-block-navigation-item wp-block-navigation-link\"><a class=\"wp-block-navigation-item__content\"  href=\"https:\/\/strivingforsafety.org\/es\/seguridad-de-medios\/\"><span class=\"wp-block-navigation-item__label\">Medidas de Seguridad<\/span><\/a><\/li><li class=\" wp-block-navigation-item wp-block-navigation-link\"><a class=\"wp-block-navigation-item__content\"  href=\"https:\/\/strivingforsafety.org\/es\/armas-de-fuego\/\"><span class=\"wp-block-navigation-item__label\">Armas de Fuego<\/span><\/a><\/li><li class=\" wp-block-navigation-item wp-block-navigation-link\"><a class=\"wp-block-navigation-item__content\"  href=\"https:\/\/strivingforsafety.org\/es\/sobredosis-y-envenenamiento\/\"><span class=\"wp-block-navigation-item__label\">Sobredosis y Envenenamiento<\/span><\/a><\/li><li class=\" wp-block-navigation-item wp-block-navigation-link\"><a class=\"wp-block-navigation-item__content\"  href=\"https:\/\/strivingforsafety.org\/es\/estrangulacion-y-asfixia\/\"><span class=\"wp-block-navigation-item__label\">Estrangulaci\u00f3n y Asfixia<\/span><\/a><\/li><li class=\" wp-block-navigation-item wp-block-navigation-link\"><a class=\"wp-block-navigation-item__content\"  href=\"https:\/\/strivingforsafety.org\/es\/senales-y-letreros\/\"><span class=\"wp-block-navigation-item__label\">Se\u00f1ales y Letreros<\/span><\/a><\/li><\/ul>\n\t\t\t\t\t\t\t<\/div>\n\t\t\t\t\t\t<\/div>\n\t\t\t\t\t<\/div>\n\t\t\t\t<\/div><\/nav><\/div>\n\n\n\n<div class=\"wp-block-column is-layout-flow wp-block-column-is-layout-flow\">\n<h1 class=\"wp-block-heading\">Armas de Fuego<\/h1>\n\n\n\n<p>Las armas de fuego son uno de los principales m\u00e9todos de suicidio en los Estados Unidos. Cada paso que damos para poner barreras o \u201ctropiezos\u201d entre los pensamientos suicidas de alguien y el acceso a los medios para terminar con su vida reduce el riesgo de un intento de suicidio. Esta p\u00e1gina ofrece estrategias para incorporar la prevenci\u00f3n del suicidio en las pr\u00e1cticas de seguridad con armas de fuego.<\/p>\n\n\n\n<div class=\"wp-block-columns is-layout-flex wp-container-core-columns-is-layout-9d6595d7 wp-block-columns-is-layout-flex\">\n<div class=\"wp-block-column orange-page-blocks is-layout-flow wp-block-column-is-layout-flow\" style=\"flex-basis:250px\">\n<h2 class=\"has-white-color has-text-color has-background wp-block-heading\" style=\"background-color:#de7c00\"><a href=\"https:\/\/strivingforsafety.org\/es\/armas-de-fuego\/en-el-hogar\/\">En el Hogar&gt;<\/a><\/h2>\n<\/div>\n\n\n\n<div class=\"wp-block-column orange-page-blocks is-layout-flow wp-block-column-is-layout-flow\" style=\"flex-basis:250px\">\n<h2 class=\"has-white-color has-text-color has-background wp-block-heading\" style=\"background-color:#de7c00\"><a href=\"https:\/\/strivingforsafety.org\/es\/armas-de-fuego\/para-duenos-de-tiendas-y-campos-de-tiro\/\">Para Due\u00f1os de Tiendas y Campos de Tiro ><\/a><\/h2>\n<\/div>\n<\/div>\n<\/div>\n\n\n\n<div class=\"wp-block-column is-layout-flow wp-block-column-is-layout-flow\" style=\"flex-basis:300px\">\n<div class=\"img-shade img-shade-blue\"><\/div>\n\n\n\n<figure class=\"wp-block-image size-large sidebar-img\"><img loading=\"lazy\" decoding=\"async\" width=\"496\" height=\"1024\" src=\"https:\/\/strivingforsafety.org\/wp-content\/uploads\/2022\/05\/firearm-home-496x1024.jpg\" alt=\"\" class=\"wp-image-319\" srcset=\"https:\/\/strivingforsafety.org\/es\/wp-content\/uploads\/2022\/05\/firearm-home-496x1024.jpg 496w, https:\/\/strivingforsafety.org\/es\/wp-content\/uploads\/2022\/05\/firearm-home-145x300.jpg 145w, https:\/\/strivingforsafety.org\/es\/wp-content\/uploads\/2022\/05\/firearm-home.jpg 642w\" sizes=\"auto, (max-width: 496px) 100vw, 496px\" \/><\/figure>\n<\/div>\n<\/div>\n","protected":false},"excerpt":{"rendered":"<p>Armas de Fuego Las armas de fuego son uno de los principales m\u00e9todos de suicidio en los Estados Unidos. Cada paso que damos para poner barreras o \u201ctropiezos\u201d entre los pensamientos suicidas de alguien y el acceso a los medios para terminar con su vida reduce el riesgo de un intento de suicidio. Esta p\u00e1gina [&hellip;]<\/p>\n","protected":false},"author":1,"featured_media":0,"parent":0,"menu_order":0,"comment_status":"closed","ping_status":"closed","template":"","meta":{"nf_dc_page":"","_monsterinsights_skip_tracking":false,"_monsterinsights_sitenote_active":false,"_monsterinsights_sitenote_note":"","_monsterinsights_sitenote_category":0,"footnotes":""},"class_list":["post-258","page","type-page","status-publish","hentry"],"yoast_head":"<!-- This site is optimized with the Yoast SEO plugin v27.4 - https:\/\/yoast.com\/product\/yoast-seo-wordpress\/ -->\n<title>Armas de Fuego - Lista de Verificaci\u00f3n de Seguridad de Medios<\/title>\n<meta name=\"robots\" content=\"index, follow, max-snippet:-1, max-image-preview:large, max-video-preview:-1\" \/>\n<link rel=\"canonical\" href=\"https:\/\/strivingforsafety.org\/es\/armas-de-fuego\/\" \/>\n<meta property=\"og:locale\" content=\"en_US\" \/>\n<meta property=\"og:type\" content=\"article\" \/>\n<meta property=\"og:title\" content=\"Armas de Fuego - Lista de Verificaci\u00f3n de Seguridad de Medios\" \/>\n<meta property=\"og:description\" content=\"Armas de Fuego Las armas de fuego son uno de los principales m\u00e9todos de suicidio en los Estados Unidos. Cada paso que damos para poner barreras o \u201ctropiezos\u201d entre los pensamientos suicidas de alguien y el acceso a los medios para terminar con su vida reduce el riesgo de un intento de suicidio. Esta p\u00e1gina [&hellip;]\" \/>\n<meta property=\"og:url\" content=\"https:\/\/strivingforsafety.org\/es\/armas-de-fuego\/\" \/>\n<meta property=\"og:site_name\" content=\"Lista de Verificaci\u00f3n de Seguridad de Medios\" \/>\n<meta property=\"article:modified_time\" content=\"2022-07-17T01:07:49+00:00\" \/>\n<meta property=\"og:image\" content=\"https:\/\/strivingforsafety.org\/wp-content\/uploads\/2022\/05\/firearm-home-496x1024.jpg\" \/>\n<meta name=\"twitter:card\" content=\"summary_large_image\" \/>\n<meta name=\"twitter:label1\" content=\"Est. reading time\" \/>\n\t<meta name=\"twitter:data1\" content=\"1 minute\" \/>\n<script type=\"application\/ld+json\" class=\"yoast-schema-graph\">{\"@context\":\"https:\\\/\\\/schema.org\",\"@graph\":[{\"@type\":\"WebPage\",\"@id\":\"https:\\\/\\\/strivingforsafety.org\\\/es\\\/armas-de-fuego\\\/\",\"url\":\"https:\\\/\\\/strivingforsafety.org\\\/es\\\/armas-de-fuego\\\/\",\"name\":\"Armas de Fuego - Lista de Verificaci\u00f3n de Seguridad de Medios\",\"isPartOf\":{\"@id\":\"https:\\\/\\\/strivingforsafety.org\\\/es\\\/#website\"},\"primaryImageOfPage\":{\"@id\":\"https:\\\/\\\/strivingforsafety.org\\\/es\\\/armas-de-fuego\\\/#primaryimage\"},\"image\":{\"@id\":\"https:\\\/\\\/strivingforsafety.org\\\/es\\\/armas-de-fuego\\\/#primaryimage\"},\"thumbnailUrl\":\"https:\\\/\\\/strivingforsafety.org\\\/wp-content\\\/uploads\\\/2022\\\/05\\\/firearm-home-496x1024.jpg\",\"datePublished\":\"2022-05-27T03:11:44+00:00\",\"dateModified\":\"2022-07-17T01:07:49+00:00\",\"breadcrumb\":{\"@id\":\"https:\\\/\\\/strivingforsafety.org\\\/es\\\/armas-de-fuego\\\/#breadcrumb\"},\"inLanguage\":\"en-US\",\"potentialAction\":[{\"@type\":\"ReadAction\",\"target\":[\"https:\\\/\\\/strivingforsafety.org\\\/es\\\/armas-de-fuego\\\/\"]}]},{\"@type\":\"ImageObject\",\"inLanguage\":\"en-US\",\"@id\":\"https:\\\/\\\/strivingforsafety.org\\\/es\\\/armas-de-fuego\\\/#primaryimage\",\"url\":\"https:\\\/\\\/strivingforsafety.org\\\/wp-content\\\/uploads\\\/2022\\\/05\\\/firearm-home-496x1024.jpg\",\"contentUrl\":\"https:\\\/\\\/strivingforsafety.org\\\/wp-content\\\/uploads\\\/2022\\\/05\\\/firearm-home-496x1024.jpg\"},{\"@type\":\"BreadcrumbList\",\"@id\":\"https:\\\/\\\/strivingforsafety.org\\\/es\\\/armas-de-fuego\\\/#breadcrumb\",\"itemListElement\":[{\"@type\":\"ListItem\",\"position\":1,\"name\":\"Home\",\"item\":\"https:\\\/\\\/strivingforsafety.org\\\/es\\\/\"},{\"@type\":\"ListItem\",\"position\":2,\"name\":\"Armas de Fuego\"}]},{\"@type\":\"WebSite\",\"@id\":\"https:\\\/\\\/strivingforsafety.org\\\/es\\\/#website\",\"url\":\"https:\\\/\\\/strivingforsafety.org\\\/es\\\/\",\"name\":\"Lista de Verificaci\u00f3n de Seguridad de Medios\",\"description\":\"Estrategias para mantener a un ser querido a salvo del suicidio\",\"potentialAction\":[{\"@type\":\"SearchAction\",\"target\":{\"@type\":\"EntryPoint\",\"urlTemplate\":\"https:\\\/\\\/strivingforsafety.org\\\/es\\\/?s={search_term_string}\"},\"query-input\":{\"@type\":\"PropertyValueSpecification\",\"valueRequired\":true,\"valueName\":\"search_term_string\"}}],\"inLanguage\":\"en-US\"}]}<\/script>\n<!-- \/ Yoast SEO plugin. -->","yoast_head_json":{"title":"Armas de Fuego - Lista de Verificaci\u00f3n de Seguridad de Medios","robots":{"index":"index","follow":"follow","max-snippet":"max-snippet:-1","max-image-preview":"max-image-preview:large","max-video-preview":"max-video-preview:-1"},"canonical":"https:\/\/strivingforsafety.org\/es\/armas-de-fuego\/","og_locale":"en_US","og_type":"article","og_title":"Armas de Fuego - Lista de Verificaci\u00f3n de Seguridad de Medios","og_description":"Armas de Fuego Las armas de fuego son uno de los principales m\u00e9todos de suicidio en los Estados Unidos. Cada paso que damos para poner barreras o \u201ctropiezos\u201d entre los pensamientos suicidas de alguien y el acceso a los medios para terminar con su vida reduce el riesgo de un intento de suicidio. Esta p\u00e1gina [&hellip;]","og_url":"https:\/\/strivingforsafety.org\/es\/armas-de-fuego\/","og_site_name":"Lista de Verificaci\u00f3n de Seguridad de Medios","article_modified_time":"2022-07-17T01:07:49+00:00","og_image":[{"url":"https:\/\/strivingforsafety.org\/wp-content\/uploads\/2022\/05\/firearm-home-496x1024.jpg","type":"","width":"","height":""}],"twitter_card":"summary_large_image","twitter_misc":{"Est. reading time":"1 minute"},"schema":{"@context":"https:\/\/schema.org","@graph":[{"@type":"WebPage","@id":"https:\/\/strivingforsafety.org\/es\/armas-de-fuego\/","url":"https:\/\/strivingforsafety.org\/es\/armas-de-fuego\/","name":"Armas de Fuego - Lista de Verificaci\u00f3n de Seguridad de Medios","isPartOf":{"@id":"https:\/\/strivingforsafety.org\/es\/#website"},"primaryImageOfPage":{"@id":"https:\/\/strivingforsafety.org\/es\/armas-de-fuego\/#primaryimage"},"image":{"@id":"https:\/\/strivingforsafety.org\/es\/armas-de-fuego\/#primaryimage"},"thumbnailUrl":"https:\/\/strivingforsafety.org\/wp-content\/uploads\/2022\/05\/firearm-home-496x1024.jpg","datePublished":"2022-05-27T03:11:44+00:00","dateModified":"2022-07-17T01:07:49+00:00","breadcrumb":{"@id":"https:\/\/strivingforsafety.org\/es\/armas-de-fuego\/#breadcrumb"},"inLanguage":"en-US","potentialAction":[{"@type":"ReadAction","target":["https:\/\/strivingforsafety.org\/es\/armas-de-fuego\/"]}]},{"@type":"ImageObject","inLanguage":"en-US","@id":"https:\/\/strivingforsafety.org\/es\/armas-de-fuego\/#primaryimage","url":"https:\/\/strivingforsafety.org\/wp-content\/uploads\/2022\/05\/firearm-home-496x1024.jpg","contentUrl":"https:\/\/strivingforsafety.org\/wp-content\/uploads\/2022\/05\/firearm-home-496x1024.jpg"},{"@type":"BreadcrumbList","@id":"https:\/\/strivingforsafety.org\/es\/armas-de-fuego\/#breadcrumb","itemListElement":[{"@type":"ListItem","position":1,"name":"Home","item":"https:\/\/strivingforsafety.org\/es\/"},{"@type":"ListItem","position":2,"name":"Armas de Fuego"}]},{"@type":"WebSite","@id":"https:\/\/strivingforsafety.org\/es\/#website","url":"https:\/\/strivingforsafety.org\/es\/","name":"Lista de Verificaci\u00f3n de Seguridad de Medios","description":"Estrategias para mantener a un ser querido a salvo del suicidio","potentialAction":[{"@type":"SearchAction","target":{"@type":"EntryPoint","urlTemplate":"https:\/\/strivingforsafety.org\/es\/?s={search_term_string}"},"query-input":{"@type":"PropertyValueSpecification","valueRequired":true,"valueName":"search_term_string"}}],"inLanguage":"en-US"}]}},"_links":{"self":[{"href":"https:\/\/strivingforsafety.org\/es\/wp-json\/wp\/v2\/pages\/258","targetHints":{"allow":["GET"]}}],"collection":[{"href":"https:\/\/strivingforsafety.org\/es\/wp-json\/wp\/v2\/pages"}],"about":[{"href":"https:\/\/strivingforsafety.org\/es\/wp-json\/wp\/v2\/types\/page"}],"author":[{"embeddable":true,"href":"https:\/\/strivingforsafety.org\/es\/wp-json\/wp\/v2\/users\/1"}],"replies":[{"embeddable":true,"href":"https:\/\/strivingforsafety.org\/es\/wp-json\/wp\/v2\/comments?post=258"}],"version-history":[{"count":5,"href":"https:\/\/strivingforsafety.org\/es\/wp-json\/wp\/v2\/pages\/258\/revisions"}],"predecessor-version":[{"id":1623,"href":"https:\/\/strivingforsafety.org\/es\/wp-json\/wp\/v2\/pages\/258\/revisions\/1623"}],"wp:attachment":[{"href":"https:\/\/strivingforsafety.org\/es\/wp-json\/wp\/v2\/media?parent=258"}],"curies":[{"name":"wp","href":"https:\/\/api.w.org\/{rel}","templated":true}]}}