{"id":13,"date":"2022-05-21T02:14:16","date_gmt":"2022-05-21T02:14:16","guid":{"rendered":"http:\/\/box5685.temp.domains\/~striviv1\/?page_id=13"},"modified":"2023-01-05T00:44:14","modified_gmt":"2023-01-05T00:44:14","slug":"sobrevivientes-de-perdidas-por-suicidio","status":"publish","type":"page","link":"https:\/\/strivingforsafety.org\/es\/sobrevivientes-de-perdidas-por-suicidio\/","title":{"rendered":"Sobrevivientes de P\u00e9rdidas por Suicidio"},"content":{"rendered":"\n<div class=\"wp-block-cover is-light means-safety-background\"><span aria-hidden=\"true\" class=\"wp-block-cover__background has-background-dim-0 has-background-dim\"><\/span><img loading=\"lazy\" decoding=\"async\" width=\"1600\" height=\"1066\" class=\"wp-block-cover__image-background wp-image-1809\" alt=\"\" src=\"https:\/\/strivingforsafety.org\/es\/wp-content\/uploads\/2022\/11\/iStock-1349214017.jpg\" data-object-fit=\"cover\" srcset=\"https:\/\/strivingforsafety.org\/es\/wp-content\/uploads\/2022\/11\/iStock-1349214017.jpg 1600w, https:\/\/strivingforsafety.org\/es\/wp-content\/uploads\/2022\/11\/iStock-1349214017-300x200.jpg 300w, https:\/\/strivingforsafety.org\/es\/wp-content\/uploads\/2022\/11\/iStock-1349214017-1024x682.jpg 1024w, https:\/\/strivingforsafety.org\/es\/wp-content\/uploads\/2022\/11\/iStock-1349214017-768x512.jpg 768w, https:\/\/strivingforsafety.org\/es\/wp-content\/uploads\/2022\/11\/iStock-1349214017-1536x1023.jpg 1536w, https:\/\/strivingforsafety.org\/es\/wp-content\/uploads\/2022\/11\/iStock-1349214017-24x16.jpg 24w, https:\/\/strivingforsafety.org\/es\/wp-content\/uploads\/2022\/11\/iStock-1349214017-36x24.jpg 36w, https:\/\/strivingforsafety.org\/es\/wp-content\/uploads\/2022\/11\/iStock-1349214017-48x32.jpg 48w\" sizes=\"auto, (max-width: 1600px) 100vw, 1600px\" \/><div class=\"wp-block-cover__inner-container is-layout-flow wp-block-cover-is-layout-flow\">\n<div class=\"wp-block-columns means-safety-heading has-white-background-color has-background is-layout-flex wp-container-core-columns-is-layout-9d6595d7 wp-block-columns-is-layout-flex\">\n<div class=\"wp-block-column has-white-background-color has-background is-layout-flow wp-block-column-is-layout-flow\">\n<h1 class=\"wp-block-heading\" style=\"font-size:2.5rem\">Sobrevivientes de P\u00e9rdidas por Suicidio<\/h1>\n\n\n\n<p>El duelo despu\u00e9s de una muerte por suicidio puede ser m\u00e1s complicado y dif\u00edcil que el dolor a causa de una muerte por diferentes circunstancias. Por ejemplo, la polic\u00eda y otras autoridades necesitan involucrarse para investigar la muerte. Es posible que haya una nota final o alguna comunicaci\u00f3n que provoque muchas m\u00e1s preguntas para los familiares o seres queridos. Uno puede tener sentimientos de verg\u00fcenza o culpa, y puede sentir aislamiento debido al estigma que es asociado con el suicidio.<\/p>\n<\/div>\n<\/div>\n<\/div><\/div>\n\n\n\n<div style=\"height:30px\" aria-hidden=\"true\" class=\"wp-block-spacer\"><\/div>\n\n\n\n<p>Tus creencias religiosas o espirituales o las de otras personas que tambi\u00e9n est\u00e1n impactados por el suicidio pueden estar en conflicto. Las personas pueden preguntar c\u00f3mo muri\u00f3 tu ser querido; puede ayudarte a sanar al responder honestamente. No es necesario esconder que tu ser querido muri\u00f3 por suicidio, pero s\u00ed es tu decisi\u00f3n personal c\u00f3mo deseas responder.<\/p>\n\n\n\n<p>Si conoces a alguien que ha perdido a un amigo(a) o familiar por suicidio, lo m\u00e1s importante que puedes hacer es decirle que t\u00fa est\u00e1s disponible para escuchar. Expresa tu p\u00e9same y ofrece apoyo de la manera que lo har\u00edas con cualquier persona que haya perdido a alguien cercano. Ofrece ayuda con las comidas u otras labores. Preg\u00fantale sobre la persona que falleci\u00f3, c\u00f3mo era y no s\u00f3lo c\u00f3mo muri\u00f3, si no c\u00f3mo vivi\u00f3. Por ejemplo: pregunta el nombre de la persona si no la conoc\u00edas, qu\u00e9 actividades le gustaban, o su canci\u00f3n favorita.<\/p>\n\n\n\n<p>A las personas que han perdido a alguien por suicidio les ayuda conectarse con otros con la misma experiencia. El participar en un programa de apoyo para personas que han perdido un ser querido por suicidio puede aliviar el sentimiento de aislamiento, y la experiencia compartida y la sabidur\u00eda de los dem\u00e1s puede ofrecerte la esperanza de encontrar tu camino por medio de esta experiencia.<\/p>\n\n\n\n<ul class=\"wp-block-list\">\n<li><a href=\"http:\/\/www.friendsforsurvival.org\/\" target=\"_blank\" rel=\"noreferrer noopener\"><strong>Friends for Survival<\/strong><\/a><strong>:<\/strong> <br><a href=\"tel:(916) 392-0664\" target=\"_blank\" rel=\"noreferrer noopener\">(916) 392-0664<\/a><br>Durante m\u00e1s de 30 a\u00f1os, Friends for Survival ha ofrecido apoyo a las personas afligidas por una muerte por suicidio. Llama a la l\u00ednea de ayuda, reg\u00edstrate para recibir el bolet\u00edn y visita el <a href=\"http:\/\/www.friendsforsurvival.org\/\" target=\"_blank\" rel=\"noreferrer noopener\">sitio web<\/a> para obtener enlaces a recursos y material de lectura.<\/li>\n<\/ul>\n\n\n\n<ul class=\"wp-block-list\">\n<li><strong>Ayuda y Apoyo Despu\u00e9s de un Suicido:<\/strong><br><a href=\"https:\/\/www.suicideispreventable.org\/wp-content\/uploads\/2022\/07\/2022-SPW-Survivor_Brochure-English-Eversion.pdf\" target=\"_blank\" rel=\"noreferrer noopener\">Ingl\u00e9s<\/a><br><a href=\"https:\/\/www.suicideispreventable.org\/wp-content\/uploads\/2022\/07\/2022-SPW-Survivor_Brochure-Spanish-Eversion.pdf\" target=\"_blank\" rel=\"noreferrer noopener\">Espa\u00f1ol<\/a><br><\/li>\n\n\n\n<li><a href=\"http:\/\/elsuicidioesprevenible.org\" target=\"_blank\" rel=\"noreferrer noopener\"><strong><strong>Directorio de programas de apoyo para sobrevivientes por suicidio en California<\/strong>:<\/strong><\/a><br>Visita la p\u00e1gina \u201cBusca Ayuda\u201d en <a href=\"http:\/\/elsuicidioesprevenible.org\" target=\"_blank\" rel=\"noreferrer noopener\">elsuicidioesprevenible.org<\/a>.<br><\/li>\n\n\n\n<li><a href=\"http:\/\/www.afsp.org\/\u00acnd-support\/ive-lost-someone\/\"><strong><strong>Fundaci\u00f3n Estadounidense para el Apoyo para la prevenci\u00f3n del suicidio (o American Foundation for Suicide Prevention AFSP) <\/strong>(en ingl\u00e9s solamente):<\/strong><\/a><br>AFSP es una organizaci\u00f3n dedicada a brindar esperanza a personas que han perdido a alguien por suicidio.<\/li>\n<\/ul>\n","protected":false},"excerpt":{"rendered":"<p>Tus creencias religiosas o espirituales o las de otras personas que tambi\u00e9n est\u00e1n impactados por el suicidio pueden estar en conflicto. Las personas pueden preguntar c\u00f3mo muri\u00f3 tu ser querido; puede ayudarte a sanar al responder honestamente. No es necesario esconder que tu ser querido muri\u00f3 por suicidio, pero s\u00ed es tu decisi\u00f3n personal c\u00f3mo [&hellip;]<\/p>\n","protected":false},"author":1,"featured_media":0,"parent":0,"menu_order":0,"comment_status":"closed","ping_status":"closed","template":"","meta":{"nf_dc_page":"","_monsterinsights_skip_tracking":false,"_monsterinsights_sitenote_active":false,"_monsterinsights_sitenote_note":"","_monsterinsights_sitenote_category":0,"footnotes":""},"class_list":["post-13","page","type-page","status-publish","hentry"],"yoast_head":"<!-- This site is optimized with the Yoast SEO plugin v27.4 - https:\/\/yoast.com\/product\/yoast-seo-wordpress\/ -->\n<title>Sobrevivientes de P\u00e9rdidas por Suicidio - Lista de Verificaci\u00f3n de Seguridad de Medios<\/title>\n<meta name=\"robots\" content=\"index, follow, max-snippet:-1, max-image-preview:large, max-video-preview:-1\" \/>\n<link rel=\"canonical\" href=\"https:\/\/strivingforsafety.org\/es\/sobrevivientes-de-perdidas-por-suicidio\/\" \/>\n<meta property=\"og:locale\" content=\"en_US\" \/>\n<meta property=\"og:type\" content=\"article\" \/>\n<meta property=\"og:title\" content=\"Sobrevivientes de P\u00e9rdidas por Suicidio - Lista de Verificaci\u00f3n de Seguridad de Medios\" \/>\n<meta property=\"og:description\" content=\"Tus creencias religiosas o espirituales o las de otras personas que tambi\u00e9n est\u00e1n impactados por el suicidio pueden estar en conflicto. Las personas pueden preguntar c\u00f3mo muri\u00f3 tu ser querido; puede ayudarte a sanar al responder honestamente. No es necesario esconder que tu ser querido muri\u00f3 por suicidio, pero s\u00ed es tu decisi\u00f3n personal c\u00f3mo [&hellip;]\" \/>\n<meta property=\"og:url\" content=\"https:\/\/strivingforsafety.org\/es\/sobrevivientes-de-perdidas-por-suicidio\/\" \/>\n<meta property=\"og:site_name\" content=\"Lista de Verificaci\u00f3n de Seguridad de Medios\" \/>\n<meta property=\"article:modified_time\" content=\"2023-01-05T00:44:14+00:00\" \/>\n<meta property=\"og:image\" content=\"https:\/\/strivingforsafety.org\/es\/wp-content\/uploads\/2022\/11\/iStock-1349214017.jpg\" \/>\n<meta name=\"twitter:card\" content=\"summary_large_image\" \/>\n<meta name=\"twitter:label1\" content=\"Est. reading time\" \/>\n\t<meta name=\"twitter:data1\" content=\"3 minutes\" \/>\n<script type=\"application\/ld+json\" class=\"yoast-schema-graph\">{\"@context\":\"https:\\\/\\\/schema.org\",\"@graph\":[{\"@type\":\"WebPage\",\"@id\":\"https:\\\/\\\/strivingforsafety.org\\\/es\\\/sobrevivientes-de-perdidas-por-suicidio\\\/\",\"url\":\"https:\\\/\\\/strivingforsafety.org\\\/es\\\/sobrevivientes-de-perdidas-por-suicidio\\\/\",\"name\":\"Sobrevivientes de P\u00e9rdidas por Suicidio - Lista de Verificaci\u00f3n de Seguridad de Medios\",\"isPartOf\":{\"@id\":\"https:\\\/\\\/strivingforsafety.org\\\/es\\\/#website\"},\"primaryImageOfPage\":{\"@id\":\"https:\\\/\\\/strivingforsafety.org\\\/es\\\/sobrevivientes-de-perdidas-por-suicidio\\\/#primaryimage\"},\"image\":{\"@id\":\"https:\\\/\\\/strivingforsafety.org\\\/es\\\/sobrevivientes-de-perdidas-por-suicidio\\\/#primaryimage\"},\"thumbnailUrl\":\"https:\\\/\\\/strivingforsafety.org\\\/es\\\/wp-content\\\/uploads\\\/2022\\\/11\\\/iStock-1349214017.jpg\",\"datePublished\":\"2022-05-21T02:14:16+00:00\",\"dateModified\":\"2023-01-05T00:44:14+00:00\",\"breadcrumb\":{\"@id\":\"https:\\\/\\\/strivingforsafety.org\\\/es\\\/sobrevivientes-de-perdidas-por-suicidio\\\/#breadcrumb\"},\"inLanguage\":\"en-US\",\"potentialAction\":[{\"@type\":\"ReadAction\",\"target\":[\"https:\\\/\\\/strivingforsafety.org\\\/es\\\/sobrevivientes-de-perdidas-por-suicidio\\\/\"]}]},{\"@type\":\"ImageObject\",\"inLanguage\":\"en-US\",\"@id\":\"https:\\\/\\\/strivingforsafety.org\\\/es\\\/sobrevivientes-de-perdidas-por-suicidio\\\/#primaryimage\",\"url\":\"https:\\\/\\\/strivingforsafety.org\\\/es\\\/wp-content\\\/uploads\\\/2022\\\/11\\\/iStock-1349214017.jpg\",\"contentUrl\":\"https:\\\/\\\/strivingforsafety.org\\\/es\\\/wp-content\\\/uploads\\\/2022\\\/11\\\/iStock-1349214017.jpg\",\"width\":1600,\"height\":1066,\"caption\":\"Rear view of son and elderly father sitting together at home. Son caring for his father, putting hand on his shoulder, comforting and consoling him. Family love, bonding, care and confidence\"},{\"@type\":\"BreadcrumbList\",\"@id\":\"https:\\\/\\\/strivingforsafety.org\\\/es\\\/sobrevivientes-de-perdidas-por-suicidio\\\/#breadcrumb\",\"itemListElement\":[{\"@type\":\"ListItem\",\"position\":1,\"name\":\"Home\",\"item\":\"https:\\\/\\\/strivingforsafety.org\\\/es\\\/\"},{\"@type\":\"ListItem\",\"position\":2,\"name\":\"Sobrevivientes de P\u00e9rdidas por Suicidio\"}]},{\"@type\":\"WebSite\",\"@id\":\"https:\\\/\\\/strivingforsafety.org\\\/es\\\/#website\",\"url\":\"https:\\\/\\\/strivingforsafety.org\\\/es\\\/\",\"name\":\"Lista de Verificaci\u00f3n de Seguridad de Medios\",\"description\":\"Estrategias para mantener a un ser querido a salvo del suicidio\",\"potentialAction\":[{\"@type\":\"SearchAction\",\"target\":{\"@type\":\"EntryPoint\",\"urlTemplate\":\"https:\\\/\\\/strivingforsafety.org\\\/es\\\/?s={search_term_string}\"},\"query-input\":{\"@type\":\"PropertyValueSpecification\",\"valueRequired\":true,\"valueName\":\"search_term_string\"}}],\"inLanguage\":\"en-US\"}]}<\/script>\n<!-- \/ Yoast SEO plugin. -->","yoast_head_json":{"title":"Sobrevivientes de P\u00e9rdidas por Suicidio - Lista de Verificaci\u00f3n de Seguridad de Medios","robots":{"index":"index","follow":"follow","max-snippet":"max-snippet:-1","max-image-preview":"max-image-preview:large","max-video-preview":"max-video-preview:-1"},"canonical":"https:\/\/strivingforsafety.org\/es\/sobrevivientes-de-perdidas-por-suicidio\/","og_locale":"en_US","og_type":"article","og_title":"Sobrevivientes de P\u00e9rdidas por Suicidio - Lista de Verificaci\u00f3n de Seguridad de Medios","og_description":"Tus creencias religiosas o espirituales o las de otras personas que tambi\u00e9n est\u00e1n impactados por el suicidio pueden estar en conflicto. Las personas pueden preguntar c\u00f3mo muri\u00f3 tu ser querido; puede ayudarte a sanar al responder honestamente. No es necesario esconder que tu ser querido muri\u00f3 por suicidio, pero s\u00ed es tu decisi\u00f3n personal c\u00f3mo [&hellip;]","og_url":"https:\/\/strivingforsafety.org\/es\/sobrevivientes-de-perdidas-por-suicidio\/","og_site_name":"Lista de Verificaci\u00f3n de Seguridad de Medios","article_modified_time":"2023-01-05T00:44:14+00:00","og_image":[{"url":"https:\/\/strivingforsafety.org\/es\/wp-content\/uploads\/2022\/11\/iStock-1349214017.jpg","type":"","width":"","height":""}],"twitter_card":"summary_large_image","twitter_misc":{"Est. reading time":"3 minutes"},"schema":{"@context":"https:\/\/schema.org","@graph":[{"@type":"WebPage","@id":"https:\/\/strivingforsafety.org\/es\/sobrevivientes-de-perdidas-por-suicidio\/","url":"https:\/\/strivingforsafety.org\/es\/sobrevivientes-de-perdidas-por-suicidio\/","name":"Sobrevivientes de P\u00e9rdidas por Suicidio - Lista de Verificaci\u00f3n de Seguridad de Medios","isPartOf":{"@id":"https:\/\/strivingforsafety.org\/es\/#website"},"primaryImageOfPage":{"@id":"https:\/\/strivingforsafety.org\/es\/sobrevivientes-de-perdidas-por-suicidio\/#primaryimage"},"image":{"@id":"https:\/\/strivingforsafety.org\/es\/sobrevivientes-de-perdidas-por-suicidio\/#primaryimage"},"thumbnailUrl":"https:\/\/strivingforsafety.org\/es\/wp-content\/uploads\/2022\/11\/iStock-1349214017.jpg","datePublished":"2022-05-21T02:14:16+00:00","dateModified":"2023-01-05T00:44:14+00:00","breadcrumb":{"@id":"https:\/\/strivingforsafety.org\/es\/sobrevivientes-de-perdidas-por-suicidio\/#breadcrumb"},"inLanguage":"en-US","potentialAction":[{"@type":"ReadAction","target":["https:\/\/strivingforsafety.org\/es\/sobrevivientes-de-perdidas-por-suicidio\/"]}]},{"@type":"ImageObject","inLanguage":"en-US","@id":"https:\/\/strivingforsafety.org\/es\/sobrevivientes-de-perdidas-por-suicidio\/#primaryimage","url":"https:\/\/strivingforsafety.org\/es\/wp-content\/uploads\/2022\/11\/iStock-1349214017.jpg","contentUrl":"https:\/\/strivingforsafety.org\/es\/wp-content\/uploads\/2022\/11\/iStock-1349214017.jpg","width":1600,"height":1066,"caption":"Rear view of son and elderly father sitting together at home. Son caring for his father, putting hand on his shoulder, comforting and consoling him. Family love, bonding, care and confidence"},{"@type":"BreadcrumbList","@id":"https:\/\/strivingforsafety.org\/es\/sobrevivientes-de-perdidas-por-suicidio\/#breadcrumb","itemListElement":[{"@type":"ListItem","position":1,"name":"Home","item":"https:\/\/strivingforsafety.org\/es\/"},{"@type":"ListItem","position":2,"name":"Sobrevivientes de P\u00e9rdidas por Suicidio"}]},{"@type":"WebSite","@id":"https:\/\/strivingforsafety.org\/es\/#website","url":"https:\/\/strivingforsafety.org\/es\/","name":"Lista de Verificaci\u00f3n de Seguridad de Medios","description":"Estrategias para mantener a un ser querido a salvo del suicidio","potentialAction":[{"@type":"SearchAction","target":{"@type":"EntryPoint","urlTemplate":"https:\/\/strivingforsafety.org\/es\/?s={search_term_string}"},"query-input":{"@type":"PropertyValueSpecification","valueRequired":true,"valueName":"search_term_string"}}],"inLanguage":"en-US"}]}},"_links":{"self":[{"href":"https:\/\/strivingforsafety.org\/es\/wp-json\/wp\/v2\/pages\/13","targetHints":{"allow":["GET"]}}],"collection":[{"href":"https:\/\/strivingforsafety.org\/es\/wp-json\/wp\/v2\/pages"}],"about":[{"href":"https:\/\/strivingforsafety.org\/es\/wp-json\/wp\/v2\/types\/page"}],"author":[{"embeddable":true,"href":"https:\/\/strivingforsafety.org\/es\/wp-json\/wp\/v2\/users\/1"}],"replies":[{"embeddable":true,"href":"https:\/\/strivingforsafety.org\/es\/wp-json\/wp\/v2\/comments?post=13"}],"version-history":[{"count":5,"href":"https:\/\/strivingforsafety.org\/es\/wp-json\/wp\/v2\/pages\/13\/revisions"}],"predecessor-version":[{"id":1872,"href":"https:\/\/strivingforsafety.org\/es\/wp-json\/wp\/v2\/pages\/13\/revisions\/1872"}],"wp:attachment":[{"href":"https:\/\/strivingforsafety.org\/es\/wp-json\/wp\/v2\/media?parent=13"}],"curies":[{"name":"wp","href":"https:\/\/api.w.org\/{rel}","templated":true}]}}