{"id":11,"date":"2022-05-21T02:13:53","date_gmt":"2022-05-21T02:13:53","guid":{"rendered":"http:\/\/box5685.temp.domains\/~striviv1\/?page_id=11"},"modified":"2022-12-01T06:07:48","modified_gmt":"2022-12-01T06:07:48","slug":"for-organizations","status":"publish","type":"page","link":"https:\/\/strivingforsafety.org\/es\/for-organizations\/","title":{"rendered":"Para Organizaci\u00f3nes"},"content":{"rendered":"\n<div class=\"wp-block-cover is-light means-safety-background\"><span aria-hidden=\"true\" class=\"wp-block-cover__background has-background-dim-0 has-background-dim\"><\/span><img loading=\"lazy\" decoding=\"async\" width=\"640\" height=\"427\" class=\"wp-block-cover__image-background wp-image-1076\" alt=\"\" src=\"https:\/\/strivingforsafety.org\/wp-content\/uploads\/2022\/06\/counselor.jpg\" style=\"object-position:70% 28%\" data-object-fit=\"cover\" data-object-position=\"70% 28%\" srcset=\"https:\/\/strivingforsafety.org\/es\/wp-content\/uploads\/2022\/06\/counselor.jpg 640w, https:\/\/strivingforsafety.org\/es\/wp-content\/uploads\/2022\/06\/counselor-300x200.jpg 300w\" sizes=\"auto, (max-width: 640px) 100vw, 640px\" \/><div class=\"wp-block-cover__inner-container is-layout-flow wp-block-cover-is-layout-flow\">\n<div class=\"wp-block-columns for-orgs-heading has-white-background-color has-background is-layout-flex wp-container-core-columns-is-layout-9d6595d7 wp-block-columns-is-layout-flex\">\n<div class=\"wp-block-column has-white-background-color has-background is-layout-flow wp-block-column-is-layout-flow\">\n<h1 class=\"wp-block-heading\" style=\"font-size:3.2rem\">Para Organizaci\u00f3nes<\/h1>\n\n\n\n<p>Todos nosotros podemos desempe\u00f1ar un papel en la prevenci\u00f3n del suicidio aprendiendo las se\u00f1ales de advertencia del suicidio, manteniendo conversaciones abiertas y honestas sobre el suicidio y familiariz\u00e1ndonos con los recursos de crisis. M\u00e1s all\u00e1 de eso, una variedad de profesionales est\u00e1 en una situaci\u00f3n \u00fanica para desempe\u00f1ar un papel importante en la prevenci\u00f3n del suicidio y los esfuerzos de seguridad de los medios mediante la implementaci\u00f3n de pr\u00e1cticas, pol\u00edticas y m\u00e1s recursos y esfuerzos en su lugar de trabajo.<\/p>\n<\/div>\n<\/div>\n<\/div><\/div>\n\n\n\n<div style=\"height:30px\" aria-hidden=\"true\" class=\"wp-block-spacer\"><\/div>\n\n\n\n<h2 class=\"wp-block-heading\"><strong><strong>Planificaci\u00f3n de Seguridad<\/strong><\/strong><\/h2>\n\n\n\n<p>La Intervenci\u00f3n de Planificaci\u00f3n de Seguridad es una estrategia que ha demostrado ayudar a mantener seguras a las personas cuando est\u00e1n en riesgo de suicidio. Se debe desarrollar <a href=\"https:\/\/suicidesafetyplan.com\/\">un plan de seguridad<\/a> para ayudar a una persona a identificar sus propias habilidades de afrontamiento y opciones de apoyo. Puedes encontrar una gu\u00eda r\u00e1pida en ingl\u00e9s <a href=\"https:\/\/www.sprc.org\/sites\/default\/files\/SafetyPlanningGuide%20Quick%20Guide%20for%20Clinicians.pdf\" target=\"_blank\" rel=\"noreferrer noopener\">aqu\u00ed.<\/a><\/p>\n\n\n\n<h2 class=\"wp-block-heading\"><strong>Asesoramiento Sobre Medios que Pueden Causar la Muerte<\/strong><\/h2>\n\n\n\n<p>Los estudios han demostrado que el asesoramiento sobre medios letales tras el comportamiento suicida o despu\u00e9s de ser dado(a) de alta del tratamiento de salud conductual u otros entornos para pacientes hospitalizados puede ser eficaz para reducir el riesgo de suicidio. <a href=\"https:\/\/www.sprc.org\/resources-programs\/calm-counseling-access-lethal-means\">CALM: Counseling on Access to Lethal Means<\/a> es un curso en ingl\u00e9s en l\u00ednea gratuito que cubre c\u00f3mo identificar a las personas que podr\u00edan beneficiarse del asesoramiento sobre medios letales, c\u00f3mo saber preguntar sobre su acceso a m\u00e9todos letales, y c\u00f3mo trabajar con ellos y sus familias para reducir el acceso a m\u00e9todos letales.<\/p>\n\n\n\n<p>Para recursos profesionales espec\u00edficamente, visita los enlaces a continuaci\u00f3n:<\/p>\n\n\n\n<ul class=\"wp-block-list\">\n<li><a href=\"https:\/\/strivingforsafety.org\/es\/sobredosis-y-envenenamiento\/para-farmaceuticos\/\">Farmac\u00e9uticos<\/a><\/li>\n\n\n\n<li><a href=\"https:\/\/strivingforsafety.org\/es\/armas-de-fuego\/para-duenos-de-tiendas-y-campos-de-tiro\/\">Due\u00f1os de tiendas y campos de tiro<\/a><\/li>\n\n\n\n<li><a href=\"https:\/\/strivingforsafety.org\/es\/estrangulacion-y-asfixia\/en-entornos-o-ambientes-controlados\/\">Profesionales que trabajan en entornos controlados como hospitales, carceles, priosones, y custodia policial<\/a><\/li>\n\n\n\n<li><a href=\"https:\/\/strivingforsafety.org\/es\/senales-y-letreros\/\">Urbanistas y profesionales trabajando para agencies de transporte, estacionamentos y m\u00e1s<\/a><\/li>\n<\/ul>\n\n\n\n<h2 class=\"wp-block-heading\"><strong>Entorno Laboral<\/strong><\/h2>\n\n\n\n<p><a href=\"https:\/\/mhsoac.ca.gov\/wp-content\/uploads\/Suicide-Prevention-Plan-Spanish-version-5-20-2020.pdf\">Luchando por Cero, el Plan Estrat\u00e9gico de California para la Prevenci\u00f3n del Suicidio<\/a> (<a href=\"https:\/\/mhsoac.ca.gov\/newsroom\/announcements\/striving-for-zero-californias-strategic-plan-for-suicide-prevention-2020-2025\/\">Striving for Zero, California&#8217;s Strategic Plan for Suicide Prevention<\/a>)<strong>, <\/strong>incluye entornos laborales como escenarios clave para las actividades de prevenci\u00f3n del suicidio. Las actividades incluyen promover el bienestar y la conexi\u00f3n, aumentar la capacitaci\u00f3n y la detecci\u00f3n para promover la identificaci\u00f3n y la intervenci\u00f3n temprana del riesgo, y despu\u00e9s de una crisis o p\u00e9rdida por suicidio (postvenci\u00f3n).<\/p>\n\n\n\n<h3 class=\"wp-block-heading\">1. Fomentar el uso de herramientas de detecci\u00f3n para identificar problemas temprano y conectar a las personas para que reciban ayuda.<\/h3>\n\n\n\n<p>La detecci\u00f3n ayuda a identificar problemas de manera temprana para que las personas puedan conectarse con el apoyo que necesitan antes de que los problemas se conviertan en crisis. Las herramientas de autoevaluaci\u00f3n pueden compartirse con los empleados para evaluar su propio riesgo o administrarse a trav\u00e9s de asesores capacitados en EAP u otros programas. Es importante garantizar que los resultados de la evaluaci\u00f3n sean confidenciales y que la evaluaci\u00f3n sea un medio para alentar a los empleados a buscar servicios y apoyo, no como parte de una revisi\u00f3n del desempe\u00f1o.<\/p>\n\n\n\n<ul class=\"wp-block-list\">\n<li><a href=\"https:\/\/www.sprc.org\/comprehensive-approach\/identify-assist\" target=\"_blank\" rel=\"noreferrer noopener\">La&nbsp;<\/a><a href=\"https:\/\/www.sprc.org\/comprehensive-approach\/identify-assist\">p\u00e1gina del Centro de Recursos para la Prevenci\u00f3n del Suicidio<\/a>&nbsp;sobre c\u00f3mo identificar y ayudar a las personas en riesgo contiene informaci\u00f3n \u00fatil en ingl\u00e9s sobre las pr\u00e1cticas de detecci\u00f3n.<\/li>\n<\/ul>\n\n\n\n<h3 class=\"wp-block-heading\">2. Ofrecer capacitaciones sobre prevenci\u00f3n del suicidio a los gerentes\/directivos, supervisores y personal de Recursos Humanos.<\/h3>\n\n\n\n<p><a href=\"https:\/\/www.sprc.org\/resources-programs\/gatekeeper-training-suicide-prevention-theoretical-model-and-review-empirical\">La capacitaci\u00f3n<\/a> <a href=\"https:\/\/www.sprc.org\/resources-programs\/gatekeeper-training-suicide-prevention-theoretical-model-and-review-empirical\">de prevenci\u00f3n del suicidio<\/a> est\u00e1 dise\u00f1ada para aumentar la comprensi\u00f3n de las se\u00f1ales de advertencia y c\u00f3mo ayudar de manera efectiva a alguien que puede estar en riesgo. Visita la p\u00e1gina \u201cRecursos Comunitarios\u201d como punto de partida para encontrar capacitaciones disponibles en tu \u00e1rea.<\/p>\n\n\n\n<h3 class=\"wp-block-heading\">3. Promover servicios y recursos de salud conductual que fomenten el bienestar y aborden los problemas de salud mental y de consumo de sustancias.<\/h3>\n\n\n\n<p>Aseg\u00farate de que los empleados conozcan los servicios disponibles a trav\u00e9s de los EAP o del seguro de salud y, si no est\u00e1n disponibles, proporciona informaci\u00f3n sobre los recursos en la comunidad.<\/p>\n\n\n\n<h3 class=\"wp-block-heading\">4. Promover las habilidades para la vida diaria, la conexi\u00f3n social y las oportunidades educativas.<\/h3>\n\n\n\n<p>Ofrecer programas de bienestar que promuevan la salud y la resiliencia, incluyendo temas como la resoluci\u00f3n de problemas, el manejo del estr\u00e9s y la resoluci\u00f3n de conflictos. Los programas de bienestar promueven factores de protecci\u00f3n contra el suicidio y contribuyen a un sentido de comunidad y pertenencia en el lugar de trabajo. Los programas de bienestar pueden ser en l\u00ednea o en persona, pero deben incluirse como parte de la jornada laboral remunerada de un empleado.<\/p>\n\n\n\n<h3 class=\"wp-block-heading\">5. Desarrollar un plan de crisis y postvenci\u00f3n que asegure una respuesta segura y compasiva en una crisis o despu\u00e9s de un suicidio.<\/h3>\n\n\n\n<p>El plan debe incluir estrategias para la intervenci\u00f3n en crisis, la conexi\u00f3n de los empleados con los recursos de crisis, el apoyo a la reintegraci\u00f3n al trabajo de aquellos que se recuperan de una crisis o una p\u00e9rdida por suicidio, la reducci\u00f3n del acceso a medios letales y un plan de comunicaci\u00f3n cuando ocurre una crisis. Los planes de crisis y postvenci\u00f3n deben actualizarse peri\u00f3dicamente y archivarse o publicarse en lugares destacados para que sean f\u00e1ciles y r\u00e1pidos de localizar en poco tiempo.<\/p>\n\n\n\n<ul class=\"wp-block-list\">\n<li><a href=\"https:\/\/www.sprc.org\/resources-programs\/managers-guide-suicide-postvention-workplace-10-action-steps-dealing-aftermath\" target=\"_blank\" rel=\"noreferrer noopener\">A Manager&#8217;s Guide to Suicide Postvention in the Workplace<\/a><\/li>\n\n\n\n<li><a href=\"https:\/\/theactionalliance.org\/resource\/comprehensive-blueprint-workplace-suicide-prevention\" target=\"_blank\" rel=\"noreferrer noopener\">The National Action Alliance&#8217;s Comprehensive Blueprint for Workplace Suicide Prevention<\/a><\/li>\n<\/ul>\n","protected":false},"excerpt":{"rendered":"<p>Planificaci\u00f3n de Seguridad La Intervenci\u00f3n de Planificaci\u00f3n de Seguridad es una estrategia que ha demostrado ayudar a mantener seguras a las personas cuando est\u00e1n en riesgo de suicidio. Se debe desarrollar un plan de seguridad para ayudar a una persona a identificar sus propias habilidades de afrontamiento y opciones de apoyo. Puedes encontrar una gu\u00eda [&hellip;]<\/p>\n","protected":false},"author":1,"featured_media":0,"parent":0,"menu_order":0,"comment_status":"closed","ping_status":"closed","template":"","meta":{"nf_dc_page":"","_monsterinsights_skip_tracking":false,"_monsterinsights_sitenote_active":false,"_monsterinsights_sitenote_note":"","_monsterinsights_sitenote_category":0,"footnotes":""},"class_list":["post-11","page","type-page","status-publish","hentry"],"yoast_head":"<!-- This site is optimized with the Yoast SEO plugin v27.4 - https:\/\/yoast.com\/product\/yoast-seo-wordpress\/ -->\n<title>Para Organizaci\u00f3nes - Lista de Verificaci\u00f3n de Seguridad de Medios<\/title>\n<meta name=\"robots\" content=\"index, follow, max-snippet:-1, max-image-preview:large, max-video-preview:-1\" \/>\n<link rel=\"canonical\" href=\"https:\/\/strivingforsafety.org\/es\/for-organizations\/\" \/>\n<meta property=\"og:locale\" content=\"en_US\" \/>\n<meta property=\"og:type\" content=\"article\" \/>\n<meta property=\"og:title\" content=\"Para Organizaci\u00f3nes - Lista de Verificaci\u00f3n de Seguridad de Medios\" \/>\n<meta property=\"og:description\" content=\"Planificaci\u00f3n de Seguridad La Intervenci\u00f3n de Planificaci\u00f3n de Seguridad es una estrategia que ha demostrado ayudar a mantener seguras a las personas cuando est\u00e1n en riesgo de suicidio. Se debe desarrollar un plan de seguridad para ayudar a una persona a identificar sus propias habilidades de afrontamiento y opciones de apoyo. Puedes encontrar una gu\u00eda [&hellip;]\" \/>\n<meta property=\"og:url\" content=\"https:\/\/strivingforsafety.org\/es\/for-organizations\/\" \/>\n<meta property=\"og:site_name\" content=\"Lista de Verificaci\u00f3n de Seguridad de Medios\" \/>\n<meta property=\"article:modified_time\" content=\"2022-12-01T06:07:48+00:00\" \/>\n<meta property=\"og:image\" content=\"https:\/\/strivingforsafety.org\/wp-content\/uploads\/2022\/06\/counselor.jpg\" \/>\n<meta name=\"twitter:card\" content=\"summary_large_image\" \/>\n<meta name=\"twitter:label1\" content=\"Est. reading time\" \/>\n\t<meta name=\"twitter:data1\" content=\"4 minutes\" \/>\n<script type=\"application\/ld+json\" class=\"yoast-schema-graph\">{\"@context\":\"https:\\\/\\\/schema.org\",\"@graph\":[{\"@type\":\"WebPage\",\"@id\":\"https:\\\/\\\/strivingforsafety.org\\\/es\\\/for-organizations\\\/\",\"url\":\"https:\\\/\\\/strivingforsafety.org\\\/es\\\/for-organizations\\\/\",\"name\":\"Para Organizaci\u00f3nes - Lista de Verificaci\u00f3n de Seguridad de Medios\",\"isPartOf\":{\"@id\":\"https:\\\/\\\/strivingforsafety.org\\\/es\\\/#website\"},\"primaryImageOfPage\":{\"@id\":\"https:\\\/\\\/strivingforsafety.org\\\/es\\\/for-organizations\\\/#primaryimage\"},\"image\":{\"@id\":\"https:\\\/\\\/strivingforsafety.org\\\/es\\\/for-organizations\\\/#primaryimage\"},\"thumbnailUrl\":\"https:\\\/\\\/strivingforsafety.org\\\/wp-content\\\/uploads\\\/2022\\\/06\\\/counselor.jpg\",\"datePublished\":\"2022-05-21T02:13:53+00:00\",\"dateModified\":\"2022-12-01T06:07:48+00:00\",\"breadcrumb\":{\"@id\":\"https:\\\/\\\/strivingforsafety.org\\\/es\\\/for-organizations\\\/#breadcrumb\"},\"inLanguage\":\"en-US\",\"potentialAction\":[{\"@type\":\"ReadAction\",\"target\":[\"https:\\\/\\\/strivingforsafety.org\\\/es\\\/for-organizations\\\/\"]}]},{\"@type\":\"ImageObject\",\"inLanguage\":\"en-US\",\"@id\":\"https:\\\/\\\/strivingforsafety.org\\\/es\\\/for-organizations\\\/#primaryimage\",\"url\":\"https:\\\/\\\/strivingforsafety.org\\\/wp-content\\\/uploads\\\/2022\\\/06\\\/counselor.jpg\",\"contentUrl\":\"https:\\\/\\\/strivingforsafety.org\\\/wp-content\\\/uploads\\\/2022\\\/06\\\/counselor.jpg\"},{\"@type\":\"BreadcrumbList\",\"@id\":\"https:\\\/\\\/strivingforsafety.org\\\/es\\\/for-organizations\\\/#breadcrumb\",\"itemListElement\":[{\"@type\":\"ListItem\",\"position\":1,\"name\":\"Home\",\"item\":\"https:\\\/\\\/strivingforsafety.org\\\/es\\\/\"},{\"@type\":\"ListItem\",\"position\":2,\"name\":\"Para Organizaci\u00f3nes\"}]},{\"@type\":\"WebSite\",\"@id\":\"https:\\\/\\\/strivingforsafety.org\\\/es\\\/#website\",\"url\":\"https:\\\/\\\/strivingforsafety.org\\\/es\\\/\",\"name\":\"Lista de Verificaci\u00f3n de Seguridad de Medios\",\"description\":\"Estrategias para mantener a un ser querido a salvo del suicidio\",\"potentialAction\":[{\"@type\":\"SearchAction\",\"target\":{\"@type\":\"EntryPoint\",\"urlTemplate\":\"https:\\\/\\\/strivingforsafety.org\\\/es\\\/?s={search_term_string}\"},\"query-input\":{\"@type\":\"PropertyValueSpecification\",\"valueRequired\":true,\"valueName\":\"search_term_string\"}}],\"inLanguage\":\"en-US\"}]}<\/script>\n<!-- \/ Yoast SEO plugin. -->","yoast_head_json":{"title":"Para Organizaci\u00f3nes - Lista de Verificaci\u00f3n de Seguridad de Medios","robots":{"index":"index","follow":"follow","max-snippet":"max-snippet:-1","max-image-preview":"max-image-preview:large","max-video-preview":"max-video-preview:-1"},"canonical":"https:\/\/strivingforsafety.org\/es\/for-organizations\/","og_locale":"en_US","og_type":"article","og_title":"Para Organizaci\u00f3nes - Lista de Verificaci\u00f3n de Seguridad de Medios","og_description":"Planificaci\u00f3n de Seguridad La Intervenci\u00f3n de Planificaci\u00f3n de Seguridad es una estrategia que ha demostrado ayudar a mantener seguras a las personas cuando est\u00e1n en riesgo de suicidio. Se debe desarrollar un plan de seguridad para ayudar a una persona a identificar sus propias habilidades de afrontamiento y opciones de apoyo. Puedes encontrar una gu\u00eda [&hellip;]","og_url":"https:\/\/strivingforsafety.org\/es\/for-organizations\/","og_site_name":"Lista de Verificaci\u00f3n de Seguridad de Medios","article_modified_time":"2022-12-01T06:07:48+00:00","og_image":[{"url":"https:\/\/strivingforsafety.org\/wp-content\/uploads\/2022\/06\/counselor.jpg","type":"","width":"","height":""}],"twitter_card":"summary_large_image","twitter_misc":{"Est. reading time":"4 minutes"},"schema":{"@context":"https:\/\/schema.org","@graph":[{"@type":"WebPage","@id":"https:\/\/strivingforsafety.org\/es\/for-organizations\/","url":"https:\/\/strivingforsafety.org\/es\/for-organizations\/","name":"Para Organizaci\u00f3nes - Lista de Verificaci\u00f3n de Seguridad de Medios","isPartOf":{"@id":"https:\/\/strivingforsafety.org\/es\/#website"},"primaryImageOfPage":{"@id":"https:\/\/strivingforsafety.org\/es\/for-organizations\/#primaryimage"},"image":{"@id":"https:\/\/strivingforsafety.org\/es\/for-organizations\/#primaryimage"},"thumbnailUrl":"https:\/\/strivingforsafety.org\/wp-content\/uploads\/2022\/06\/counselor.jpg","datePublished":"2022-05-21T02:13:53+00:00","dateModified":"2022-12-01T06:07:48+00:00","breadcrumb":{"@id":"https:\/\/strivingforsafety.org\/es\/for-organizations\/#breadcrumb"},"inLanguage":"en-US","potentialAction":[{"@type":"ReadAction","target":["https:\/\/strivingforsafety.org\/es\/for-organizations\/"]}]},{"@type":"ImageObject","inLanguage":"en-US","@id":"https:\/\/strivingforsafety.org\/es\/for-organizations\/#primaryimage","url":"https:\/\/strivingforsafety.org\/wp-content\/uploads\/2022\/06\/counselor.jpg","contentUrl":"https:\/\/strivingforsafety.org\/wp-content\/uploads\/2022\/06\/counselor.jpg"},{"@type":"BreadcrumbList","@id":"https:\/\/strivingforsafety.org\/es\/for-organizations\/#breadcrumb","itemListElement":[{"@type":"ListItem","position":1,"name":"Home","item":"https:\/\/strivingforsafety.org\/es\/"},{"@type":"ListItem","position":2,"name":"Para Organizaci\u00f3nes"}]},{"@type":"WebSite","@id":"https:\/\/strivingforsafety.org\/es\/#website","url":"https:\/\/strivingforsafety.org\/es\/","name":"Lista de Verificaci\u00f3n de Seguridad de Medios","description":"Estrategias para mantener a un ser querido a salvo del suicidio","potentialAction":[{"@type":"SearchAction","target":{"@type":"EntryPoint","urlTemplate":"https:\/\/strivingforsafety.org\/es\/?s={search_term_string}"},"query-input":{"@type":"PropertyValueSpecification","valueRequired":true,"valueName":"search_term_string"}}],"inLanguage":"en-US"}]}},"_links":{"self":[{"href":"https:\/\/strivingforsafety.org\/es\/wp-json\/wp\/v2\/pages\/11","targetHints":{"allow":["GET"]}}],"collection":[{"href":"https:\/\/strivingforsafety.org\/es\/wp-json\/wp\/v2\/pages"}],"about":[{"href":"https:\/\/strivingforsafety.org\/es\/wp-json\/wp\/v2\/types\/page"}],"author":[{"embeddable":true,"href":"https:\/\/strivingforsafety.org\/es\/wp-json\/wp\/v2\/users\/1"}],"replies":[{"embeddable":true,"href":"https:\/\/strivingforsafety.org\/es\/wp-json\/wp\/v2\/comments?post=11"}],"version-history":[{"count":5,"href":"https:\/\/strivingforsafety.org\/es\/wp-json\/wp\/v2\/pages\/11\/revisions"}],"predecessor-version":[{"id":1850,"href":"https:\/\/strivingforsafety.org\/es\/wp-json\/wp\/v2\/pages\/11\/revisions\/1850"}],"wp:attachment":[{"href":"https:\/\/strivingforsafety.org\/es\/wp-json\/wp\/v2\/media?parent=11"}],"curies":[{"name":"wp","href":"https:\/\/api.w.org\/{rel}","templated":true}]}}